{"id":2286,"date":"2024-12-04T04:13:22","date_gmt":"2024-12-04T04:13:22","guid":{"rendered":"https:\/\/beernation.gt\/?page_id=2286"},"modified":"2025-02-28T02:14:09","modified_gmt":"2025-02-28T02:14:09","slug":"cervezas-origen","status":"publish","type":"page","link":"https:\/\/beernation.gt\/en\/cervezas-origen\/","title":{"rendered":"Por Origen"},"content":{"rendered":"<div data-elementor-type=\"wp-page\" data-elementor-id=\"2286\" class=\"elementor elementor-2286\">\n\t\t\t\t\t\t<section class=\"elementor-section elementor-top-section elementor-element elementor-element-31120f06 elementor-hidden-mobile elementor-section-boxed elementor-section-height-default elementor-section-height-default\" data-id=\"31120f06\" data-element_type=\"section\" data-e-type=\"section\" id=\"services_section\" data-settings=\"{&quot;background_background&quot;:&quot;classic&quot;}\">\n\t\t\t\t\t\t\t<div class=\"elementor-background-overlay\"><\/div>\n\t\t\t\t\t\t\t<div class=\"elementor-container elementor-column-gap-no\">\n\t\t\t\t\t<div class=\"elementor-column elementor-col-100 elementor-top-column elementor-element elementor-element-39ac57d0\" data-id=\"39ac57d0\" data-element_type=\"column\" data-e-type=\"column\">\n\t\t\t<div class=\"elementor-widget-wrap elementor-element-populated\">\n\t\t\t\t\t\t<div class=\"elementor-element elementor-element-0ad03a3 elementor-widget elementor-widget-spacer\" data-id=\"0ad03a3\" data-element_type=\"widget\" data-e-type=\"widget\" data-widget_type=\"spacer.default\">\n\t\t\t\t<div class=\"elementor-widget-container\">\n\t\t\t\t\t\t\t<div class=\"elementor-spacer\">\n\t\t\t<div class=\"elementor-spacer-inner\"><\/div>\n\t\t<\/div>\n\t\t\t\t\t\t<\/div>\n\t\t\t\t<\/div>\n\t\t\t\t<section class=\"elementor-section elementor-inner-section elementor-element elementor-element-1b59ad2a elementor-section-boxed elementor-section-height-default elementor-section-height-default\" data-id=\"1b59ad2a\" data-element_type=\"section\" data-e-type=\"section\" data-settings=\"{&quot;background_background&quot;:&quot;classic&quot;}\">\n\t\t\t\t\t\t<div class=\"elementor-container elementor-column-gap-no\">\n\t\t\t\t\t<div class=\"elementor-column elementor-col-100 elementor-inner-column elementor-element elementor-element-2d9c5548\" data-id=\"2d9c5548\" data-element_type=\"column\" data-e-type=\"column\">\n\t\t\t<div class=\"elementor-widget-wrap elementor-element-populated\">\n\t\t\t\t\t\t<div class=\"elementor-element elementor-element-589e5bf5 animated-slow elementor-invisible elementor-widget elementor-widget-heading\" data-id=\"589e5bf5\" data-element_type=\"widget\" data-e-type=\"widget\" data-settings=\"{&quot;_animation&quot;:&quot;fadeInRight&quot;}\" data-widget_type=\"heading.default\">\n\t\t\t\t<div class=\"elementor-widget-container\">\n\t\t\t\t\t<h2 class=\"elementor-heading-title elementor-size-default\">Pasaporte cervecero<\/h2>\t\t\t\t<\/div>\n\t\t\t\t<\/div>\n\t\t\t\t<div class=\"elementor-element elementor-element-408067d6 animated-slow elementor-invisible elementor-widget elementor-widget-text-editor\" data-id=\"408067d6\" data-element_type=\"widget\" data-e-type=\"widget\" data-settings=\"{&quot;_animation&quot;:&quot;fadeInLeft&quot;}\" data-widget_type=\"text-editor.default\">\n\t\t\t\t<div class=\"elementor-widget-container\">\n\t\t\t\t\t\t\t\t\t<p>Emb\u00e1rcate en un viaje cervecero alrededor del mundo y descubre los sabores \u00fanicos de cada regi\u00f3n.<\/p>\t\t\t\t\t\t\t\t<\/div>\n\t\t\t\t<\/div>\n\t\t\t\t\t<\/div>\n\t\t<\/div>\n\t\t\t\t\t<\/div>\n\t\t<\/section>\n\t\t\t\t<section class=\"elementor-section elementor-inner-section elementor-element elementor-element-7cf515c8 elementor-section-full_width elementor-section-height-default elementor-section-height-default\" data-id=\"7cf515c8\" data-element_type=\"section\" data-e-type=\"section\">\n\t\t\t\t\t\t<div class=\"elementor-container elementor-column-gap-no\">\n\t\t\t\t\t<div class=\"elementor-column elementor-col-50 elementor-inner-column elementor-element elementor-element-6f31accd\" data-id=\"6f31accd\" data-element_type=\"column\" data-e-type=\"column\" data-settings=\"{&quot;background_background&quot;:&quot;classic&quot;}\">\n\t\t\t<div class=\"elementor-widget-wrap elementor-element-populated\">\n\t\t\t\t\t\t<div class=\"elementor-element elementor-element-6615741c eael-infobox-shape-radius eael-infobox-hover-img-shape-circle eael-infobox-content-align--center elementor-invisible elementor-widget elementor-widget-eael-info-box\" data-id=\"6615741c\" data-element_type=\"widget\" data-e-type=\"widget\" data-settings=\"{&quot;_animation&quot;:&quot;zoomIn&quot;,&quot;_animation_delay&quot;:350}\" data-widget_type=\"eael-info-box.default\">\n\t\t\t\t<div class=\"elementor-widget-container\">\n\t\t\t\t\t            <a href=\"https:\/\/beernation.gt\/en\/cervezas-origen\/alemania\/\">\n\t            <div class=\"eael-infobox icon-on-top\">\n\t            <div class=\"infobox-icon\">\n\n                            <img decoding=\"async\" src=\"https:\/\/beernation.gt\/wp-content\/uploads\/2024\/12\/Cerveza-Alemana-y-Pretzel-1.png\" alt=\"\">\n            \n            \n            \n        <\/div>\n            <div class=\"infobox-content\">\n                    <div class=\"infobox-title-section\">\n                <h2 class=\"title\">Germany<\/h2>            <\/div>\n            <div><p><span style=\"color: #422711\">500 a\u00f1os de tradici\u00f3n<\/span><\/p><\/div>        <\/div>\n            <\/div>\n\n\t\t            <\/a>\n\t\t\t\t\t\t<\/div>\n\t\t\t\t<\/div>\n\t\t\t\t\t<\/div>\n\t\t<\/div>\n\t\t\t\t<div class=\"elementor-column elementor-col-50 elementor-inner-column elementor-element elementor-element-6c7dc4f4\" data-id=\"6c7dc4f4\" data-element_type=\"column\" data-e-type=\"column\" data-settings=\"{&quot;background_background&quot;:&quot;classic&quot;}\">\n\t\t\t<div class=\"elementor-widget-wrap elementor-element-populated\">\n\t\t\t\t\t\t<div class=\"elementor-element elementor-element-2bdd9595 eael-infobox-shape-radius eael-infobox-hover-img-shape-circle eael-infobox-content-align--center elementor-invisible elementor-widget elementor-widget-eael-info-box\" data-id=\"2bdd9595\" data-element_type=\"widget\" data-e-type=\"widget\" data-settings=\"{&quot;_animation&quot;:&quot;zoomIn&quot;,&quot;_animation_delay&quot;:350}\" data-widget_type=\"eael-info-box.default\">\n\t\t\t\t<div class=\"elementor-widget-container\">\n\t\t\t\t\t            <a href=\"https:\/\/beernation.gt\/en\/cervezas-origen\/belgica\/\">\n\t            <div class=\"eael-infobox icon-on-top\">\n\t            <div class=\"infobox-icon\">\n\n                            <img decoding=\"async\" src=\"https:\/\/beernation.gt\/wp-content\/uploads\/2024\/12\/JCM7646_11_1280x644.jpg\" alt=\"\">\n            \n            \n            \n        <\/div>\n            <div class=\"infobox-content\">\n                    <div class=\"infobox-title-section\">\n                <h2 class=\"title\">Belgium<\/h2>            <\/div>\n            <div><p>De la Abad\u00eda a tu casa<\/p><\/div>        <\/div>\n            <\/div>\n\n\t\t            <\/a>\n\t\t\t\t\t\t<\/div>\n\t\t\t\t<\/div>\n\t\t\t\t\t<\/div>\n\t\t<\/div>\n\t\t\t\t\t<\/div>\n\t\t<\/section>\n\t\t\t\t<section class=\"elementor-section elementor-inner-section elementor-element elementor-element-659406a0 elementor-section-boxed elementor-section-height-default elementor-section-height-default\" data-id=\"659406a0\" data-element_type=\"section\" data-e-type=\"section\">\n\t\t\t\t\t\t<div class=\"elementor-container elementor-column-gap-no\">\n\t\t\t\t\t<div class=\"elementor-column elementor-col-50 elementor-inner-column elementor-element elementor-element-715ab497\" data-id=\"715ab497\" data-element_type=\"column\" data-e-type=\"column\" data-settings=\"{&quot;background_background&quot;:&quot;classic&quot;}\">\n\t\t\t<div class=\"elementor-widget-wrap elementor-element-populated\">\n\t\t\t\t\t\t<div class=\"elementor-element elementor-element-29906974 eael-infobox-shape-radius eael-infobox-hover-img-shape-circle eael-infobox-content-align--center elementor-invisible elementor-widget elementor-widget-eael-info-box\" data-id=\"29906974\" data-element_type=\"widget\" data-e-type=\"widget\" data-settings=\"{&quot;_animation&quot;:&quot;zoomIn&quot;,&quot;_animation_delay&quot;:350}\" data-widget_type=\"eael-info-box.default\">\n\t\t\t\t<div class=\"elementor-widget-container\">\n\t\t\t\t\t            <a href=\"https:\/\/beernation.gt\/en\/cervezas-origen\/estadounidense\/\">\n\t            <div class=\"eael-infobox icon-on-top\">\n\t            <div class=\"infobox-icon\">\n\n                            <img decoding=\"async\" src=\"https:\/\/beernation.gt\/wp-content\/uploads\/2024\/12\/ge2b8139488d9c7b3de8f08aa7c7bc99b1051b4356ae74f7c7e503580d80f8b6379e7a12423bd784b4187dbf332b5a20e9dddfb600b59cd756bfaf6ccb3839250_1280-2449887.jpg\" alt=\"beer, brewing, craft beer\">\n            \n            \n            \n        <\/div>\n            <div class=\"infobox-content\">\n                    <div class=\"infobox-title-section\">\n                <h2 class=\"title\">United States<\/h2>            <\/div>\n            <div><p><span style=\"color: #422711\">La revoluci\u00f3n del sabor: Cervezas Artesanales<\/span><\/p><\/div>        <\/div>\n            <\/div>\n\n\t\t            <\/a>\n\t\t\t\t\t\t<\/div>\n\t\t\t\t<\/div>\n\t\t\t\t\t<\/div>\n\t\t<\/div>\n\t\t\t\t<div class=\"elementor-column elementor-col-50 elementor-inner-column elementor-element elementor-element-36d3d1c0\" data-id=\"36d3d1c0\" data-element_type=\"column\" data-e-type=\"column\" data-settings=\"{&quot;background_background&quot;:&quot;classic&quot;}\">\n\t\t\t<div class=\"elementor-widget-wrap elementor-element-populated\">\n\t\t\t\t\t\t<div class=\"elementor-element elementor-element-39c4e6e1 eael-infobox-shape-radius eael-infobox-hover-img-shape-circle eael-infobox-content-align--center elementor-invisible elementor-widget elementor-widget-eael-info-box\" data-id=\"39c4e6e1\" data-element_type=\"widget\" data-e-type=\"widget\" data-settings=\"{&quot;_animation&quot;:&quot;zoomIn&quot;,&quot;_animation_delay&quot;:350}\" data-widget_type=\"eael-info-box.default\">\n\t\t\t\t<div class=\"elementor-widget-container\">\n\t\t\t\t\t            <a href=\"https:\/\/beernation.gt\/en\/cervezas-origen\/guatemala\/\">\n\t            <div class=\"eael-infobox icon-on-top\">\n\t            <div class=\"infobox-icon\">\n\n                            <img decoding=\"async\" src=\"https:\/\/beernation.gt\/wp-content\/uploads\/2024\/12\/pexels-photo-29671162-29671162-1-scaled.jpg\" alt=\"Two people in boats on Lake Atitl\u00e1n with scenic view of volcano in Solol\u00e1, Guatemala.\">\n            \n            \n            \n        <\/div>\n            <div class=\"infobox-content\">\n                    <div class=\"infobox-title-section\">\n                <h2 class=\"title\">Guatemala<\/h2>            <\/div>\n            <div><p>Orgullo nacional en cada copa<\/p><\/div>        <\/div>\n            <\/div>\n\n\t\t            <\/a>\n\t\t\t\t\t\t<\/div>\n\t\t\t\t<\/div>\n\t\t\t\t\t<\/div>\n\t\t<\/div>\n\t\t\t\t\t<\/div>\n\t\t<\/section>\n\t\t\t\t<section class=\"elementor-section elementor-inner-section elementor-element elementor-element-7028780 elementor-section-boxed elementor-section-height-default elementor-section-height-default\" data-id=\"7028780\" data-element_type=\"section\" data-e-type=\"section\">\n\t\t\t\t\t\t<div class=\"elementor-container elementor-column-gap-no\">\n\t\t\t\t\t<div class=\"elementor-column elementor-col-100 elementor-inner-column elementor-element elementor-element-1832a2d\" data-id=\"1832a2d\" data-element_type=\"column\" data-e-type=\"column\" data-settings=\"{&quot;background_background&quot;:&quot;classic&quot;}\">\n\t\t\t<div class=\"elementor-widget-wrap elementor-element-populated\">\n\t\t\t\t\t\t<div class=\"elementor-element elementor-element-d53a8f7 eael-infobox-shape-radius eael-infobox-hover-img-shape-circle eael-infobox-content-align--center elementor-invisible elementor-widget elementor-widget-eael-info-box\" data-id=\"d53a8f7\" data-element_type=\"widget\" data-e-type=\"widget\" data-settings=\"{&quot;_animation&quot;:&quot;zoomIn&quot;,&quot;_animation_delay&quot;:350}\" data-widget_type=\"eael-info-box.default\">\n\t\t\t\t<div class=\"elementor-widget-container\">\n\t\t\t\t\t            <a href=\"https:\/\/beernation.gt\/en\/cervezas-origen\/reino-unido\/\">\n\t            <div class=\"eael-infobox icon-on-top\">\n\t            <div class=\"infobox-icon\">\n\n                            <img decoding=\"async\" src=\"https:\/\/beernation.gt\/wp-content\/uploads\/2025\/02\/Pub-Britanico-scaled.jpg\" alt=\"\">\n            \n            \n            \n        <\/div>\n            <div class=\"infobox-content\">\n                    <div class=\"infobox-title-section\">\n                <h2 class=\"title\">United Kingdom<\/h2>            <\/div>\n            <div><p>Herencia l\u00edquida: la esencia de las cervezas brit\u00e1nicas<\/p><\/div>        <\/div>\n            <\/div>\n\n\t\t            <\/a>\n\t\t\t\t\t\t<\/div>\n\t\t\t\t<\/div>\n\t\t\t\t\t<\/div>\n\t\t<\/div>\n\t\t\t\t\t<\/div>\n\t\t<\/section>\n\t\t\t\t\t<\/div>\n\t\t<\/div>\n\t\t\t\t\t<\/div>\n\t\t<\/section>\n\t\t<div class=\"elementor-element elementor-element-95e41b6 elementor-hidden-desktop elementor-hidden-tablet e-flex e-con-boxed e-con e-parent\" data-id=\"95e41b6\" data-element_type=\"container\" data-e-type=\"container\" data-settings=\"{&quot;background_background&quot;:&quot;classic&quot;}\">\n\t\t\t\t\t<div class=\"e-con-inner\">\n\t\t\t\t<div class=\"elementor-element elementor-element-95f47dc elementor-widget elementor-widget-spacer\" data-id=\"95f47dc\" data-element_type=\"widget\" data-e-type=\"widget\" data-widget_type=\"spacer.default\">\n\t\t\t\t<div class=\"elementor-widget-container\">\n\t\t\t\t\t\t\t<div class=\"elementor-spacer\">\n\t\t\t<div class=\"elementor-spacer-inner\"><\/div>\n\t\t<\/div>\n\t\t\t\t\t\t<\/div>\n\t\t\t\t<\/div>\n\t\t<div class=\"elementor-element elementor-element-48794bc e-grid e-con-full e-con e-child\" data-id=\"48794bc\" data-element_type=\"container\" data-e-type=\"container\" data-settings=\"{&quot;background_background&quot;:&quot;classic&quot;}\">\n\t\t\t\t<div class=\"elementor-element elementor-element-efdabc6 animated-slow elementor-invisible elementor-widget elementor-widget-heading\" data-id=\"efdabc6\" data-element_type=\"widget\" data-e-type=\"widget\" data-settings=\"{&quot;_animation&quot;:&quot;fadeInRight&quot;}\" data-widget_type=\"heading.default\">\n\t\t\t\t<div class=\"elementor-widget-container\">\n\t\t\t\t\t<h2 class=\"elementor-heading-title elementor-size-default\">Pasaporte cervecero<\/h2>\t\t\t\t<\/div>\n\t\t\t\t<\/div>\n\t\t\t\t<div class=\"elementor-element elementor-element-f44d991 animated-slow elementor-invisible elementor-widget elementor-widget-text-editor\" data-id=\"f44d991\" data-element_type=\"widget\" data-e-type=\"widget\" data-settings=\"{&quot;_animation&quot;:&quot;fadeInLeft&quot;}\" data-widget_type=\"text-editor.default\">\n\t\t\t\t<div class=\"elementor-widget-container\">\n\t\t\t\t\t\t\t\t\t<p>Emb\u00e1rcate en un viaje cervecero alrededor del mundo y descubre los sabores \u00fanicos de cada regi\u00f3n.<\/p>\t\t\t\t\t\t\t\t<\/div>\n\t\t\t\t<\/div>\n\t\t\t\t<\/div>\n\t\t<div class=\"elementor-element elementor-element-294a5b8 e-grid e-con-full e-con e-child\" data-id=\"294a5b8\" data-element_type=\"container\" data-e-type=\"container\">\n\t\t<div class=\"elementor-element elementor-element-18e8429 e-grid e-con-full e-con e-child\" data-id=\"18e8429\" data-element_type=\"container\" data-e-type=\"container\" data-settings=\"{&quot;background_background&quot;:&quot;classic&quot;}\">\n\t\t\t\t<div class=\"elementor-element elementor-element-d762c28 eael-infobox-shape-radius eael-infobox-hover-img-shape-circle eael-infobox-content-align--center elementor-invisible elementor-widget elementor-widget-eael-info-box\" data-id=\"d762c28\" data-element_type=\"widget\" data-e-type=\"widget\" data-settings=\"{&quot;_animation&quot;:&quot;zoomIn&quot;,&quot;_animation_delay&quot;:350}\" data-widget_type=\"eael-info-box.default\">\n\t\t\t\t<div class=\"elementor-widget-container\">\n\t\t\t\t\t            <a href=\"https:\/\/beernation.gt\/en\/cervezas-origen\/alemania\/\">\n\t            <div class=\"eael-infobox icon-on-top\">\n\t            <div class=\"infobox-icon\">\n\n                            <img decoding=\"async\" src=\"https:\/\/beernation.gt\/wp-content\/uploads\/elementor\/thumbs\/Cerveza-Alemana-y-Pretzel-1-qycpy1s6sysc9i8d12xhdwt7l4ksthvlbz2pld1dnk.png\" alt=\"\">\n            \n            \n            \n        <\/div>\n            <div class=\"infobox-content\">\n                    <div class=\"infobox-title-section\">\n                <h2 class=\"title\">Germany<\/h2>            <\/div>\n            <div><p><span style=\"color: #422711\">500 a\u00f1os de tradici\u00f3n<\/span><\/p><\/div>        <\/div>\n            <\/div>\n\n\t\t            <\/a>\n\t\t\t\t\t\t<\/div>\n\t\t\t\t<\/div>\n\t\t\t\t<\/div>\n\t\t<div class=\"elementor-element elementor-element-2823185 e-grid e-con-full e-con e-child\" data-id=\"2823185\" data-element_type=\"container\" data-e-type=\"container\" data-settings=\"{&quot;background_background&quot;:&quot;classic&quot;}\">\n\t\t\t\t<div class=\"elementor-element elementor-element-5240ffe eael-infobox-shape-radius eael-infobox-hover-img-shape-circle eael-infobox-content-align--center elementor-invisible elementor-widget elementor-widget-eael-info-box\" data-id=\"5240ffe\" data-element_type=\"widget\" data-e-type=\"widget\" data-settings=\"{&quot;_animation&quot;:&quot;zoomIn&quot;,&quot;_animation_delay&quot;:350}\" data-widget_type=\"eael-info-box.default\">\n\t\t\t\t<div class=\"elementor-widget-container\">\n\t\t\t\t\t            <a href=\"https:\/\/beernation.gt\/en\/cervezas-origen\/belgica\/\">\n\t            <div class=\"eael-infobox icon-on-top\">\n\t            <div class=\"infobox-icon\">\n\n                            <img decoding=\"async\" src=\"https:\/\/beernation.gt\/wp-content\/uploads\/elementor\/thumbs\/JCM7646_11_1280x644-qygerak0jxy6fn7ixat5yvq2ygfpbq30cxloxtu8rg.jpg\" alt=\"\">\n            \n            \n            \n        <\/div>\n            <div class=\"infobox-content\">\n                    <div class=\"infobox-title-section\">\n                <h2 class=\"title\">Belgium<\/h2>            <\/div>\n            <div><p>De la Abad\u00eda a tu casa<\/p><\/div>        <\/div>\n            <\/div>\n\n\t\t            <\/a>\n\t\t\t\t\t\t<\/div>\n\t\t\t\t<\/div>\n\t\t\t\t<\/div>\n\t\t\t\t<\/div>\n\t\t<div class=\"elementor-element elementor-element-da1de74 e-grid e-con-full e-con e-child\" data-id=\"da1de74\" data-element_type=\"container\" data-e-type=\"container\">\n\t\t<div class=\"elementor-element elementor-element-f0e5f00 e-grid e-con-full e-con e-child\" data-id=\"f0e5f00\" data-element_type=\"container\" data-e-type=\"container\" data-settings=\"{&quot;background_background&quot;:&quot;classic&quot;}\">\n\t\t\t\t<div class=\"elementor-element elementor-element-2ad8ea6 eael-infobox-shape-radius eael-infobox-hover-img-shape-circle eael-infobox-content-align--center elementor-invisible elementor-widget elementor-widget-eael-info-box\" data-id=\"2ad8ea6\" data-element_type=\"widget\" data-e-type=\"widget\" data-settings=\"{&quot;_animation&quot;:&quot;zoomIn&quot;,&quot;_animation_delay&quot;:350}\" data-widget_type=\"eael-info-box.default\">\n\t\t\t\t<div class=\"elementor-widget-container\">\n\t\t\t\t\t            <a href=\"https:\/\/beernation.gt\/en\/cervezas-origen\/estadounidense\/\">\n\t            <div class=\"eael-infobox icon-on-top\">\n\t            <div class=\"infobox-icon\">\n\n                            <img decoding=\"async\" src=\"https:\/\/beernation.gt\/wp-content\/uploads\/elementor\/thumbs\/ge2b8139488d9c7b3de8f08aa7c7bc99b1051b4356ae74f7c7e503580d80f8b6379e7a12423bd784b4187dbf332b5a20e9dddfb600b59cd756bfaf6ccb3839250_1280-2449887-qydwmodveqbc4m707ap7k5crtmqg8e6lxkqh5unxe8.jpg\" alt=\"beer, brewing, craft beer\">\n            \n            \n            \n        <\/div>\n            <div class=\"infobox-content\">\n                    <div class=\"infobox-title-section\">\n                <h2 class=\"title\">United States<\/h2>            <\/div>\n            <div><p><span style=\"color: #422711\">La revoluci\u00f3n de las Cervezas Artesanales<\/span><\/p><\/div>        <\/div>\n            <\/div>\n\n\t\t            <\/a>\n\t\t\t\t\t\t<\/div>\n\t\t\t\t<\/div>\n\t\t\t\t<\/div>\n\t\t<div class=\"elementor-element elementor-element-0c7e690 e-grid e-con-full e-con e-child\" data-id=\"0c7e690\" data-element_type=\"container\" data-e-type=\"container\" data-settings=\"{&quot;background_background&quot;:&quot;classic&quot;}\">\n\t\t\t\t<div class=\"elementor-element elementor-element-75a9452 eael-infobox-shape-radius eael-infobox-hover-img-shape-circle eael-infobox-content-align--center elementor-invisible elementor-widget elementor-widget-eael-info-box\" data-id=\"75a9452\" data-element_type=\"widget\" data-e-type=\"widget\" data-settings=\"{&quot;_animation&quot;:&quot;zoomIn&quot;,&quot;_animation_delay&quot;:350}\" data-widget_type=\"eael-info-box.default\">\n\t\t\t\t<div class=\"elementor-widget-container\">\n\t\t\t\t\t            <a href=\"https:\/\/beernation.gt\/en\/cervezas-origen\/guatemala\/\">\n\t            <div class=\"eael-infobox icon-on-top\">\n\t            <div class=\"infobox-icon\">\n\n                            <img decoding=\"async\" src=\"https:\/\/beernation.gt\/wp-content\/uploads\/elementor\/thumbs\/pexels-photo-29671162-29671162-1-scaled-qyd70rai9i9yx3c0kaj5iai8zkr9nl87ihz32rlq46.jpg\" alt=\"Two people in boats on Lake Atitl\u00e1n with scenic view of volcano in Solol\u00e1, Guatemala.\">\n            \n            \n            \n        <\/div>\n            <div class=\"infobox-content\">\n                    <div class=\"infobox-title-section\">\n                <h2 class=\"title\">Guatemala<\/h2>            <\/div>\n            <div><p>Orgullo nacional en cada copa<\/p><\/div>        <\/div>\n            <\/div>\n\n\t\t            <\/a>\n\t\t\t\t\t\t<\/div>\n\t\t\t\t<\/div>\n\t\t\t\t<\/div>\n\t\t<div class=\"elementor-element elementor-element-5fa10f9 e-grid e-con-full e-con e-child\" data-id=\"5fa10f9\" data-element_type=\"container\" data-e-type=\"container\" data-settings=\"{&quot;background_background&quot;:&quot;classic&quot;}\">\n\t\t\t\t<div class=\"elementor-element elementor-element-4a9b7bc eael-infobox-shape-radius eael-infobox-hover-img-shape-circle eael-infobox-content-align--center elementor-invisible elementor-widget elementor-widget-eael-info-box\" data-id=\"4a9b7bc\" data-element_type=\"widget\" data-e-type=\"widget\" data-settings=\"{&quot;_animation&quot;:&quot;zoomIn&quot;,&quot;_animation_delay&quot;:350}\" data-widget_type=\"eael-info-box.default\">\n\t\t\t\t<div class=\"elementor-widget-container\">\n\t\t\t\t\t            <a href=\"https:\/\/beernation.gt\/en\/cervezas-origen\/reino-unido\/\">\n\t            <div class=\"eael-infobox icon-on-top\">\n\t            <div class=\"infobox-icon\">\n\n                            <img decoding=\"async\" src=\"https:\/\/beernation.gt\/wp-content\/uploads\/elementor\/thumbs\/Pub-Britanico-scaled-r25f3olq35phv32oio7c0ag3wjfmsqa7snclpjptxs.jpg\" alt=\"\">\n            \n            \n            \n        <\/div>\n            <div class=\"infobox-content\">\n                    <div class=\"infobox-title-section\">\n                <h2 class=\"title\">United Kingdom<\/h2>            <\/div>\n            <div><p>Herencia l\u00edquida: la esencia de las cervezas brit\u00e1nicas<\/p><\/div>        <\/div>\n            <\/div>\n\n\t\t            <\/a>\n\t\t\t\t\t\t<\/div>\n\t\t\t\t<\/div>\n\t\t\t\t<\/div>\n\t\t\t\t<\/div>\n\t\t\t\t\t<\/div>\n\t\t\t\t<\/div>\n\t\t\t\t<\/div>","protected":false},"excerpt":{"rendered":"<p>Pasaporte cervecero Emb\u00e1rcate en un viaje cervecero alrededor del mundo y descubre los sabores \u00fanicos de cada regi\u00f3n. Alemania 500 a\u00f1os de tradici\u00f3n B\u00e9lgica De la Abad\u00eda a tu casa Estados Unidos La revoluci\u00f3n del sabor: Cervezas Artesanales Guatemala Orgullo nacional en cada copa Reino Unido Herencia l\u00edquida: la esencia de las cervezas brit\u00e1nicas Pasaporte [&hellip;]<\/p>\n","protected":false},"author":1,"featured_media":0,"parent":0,"menu_order":0,"comment_status":"closed","ping_status":"closed","template":"elementor_header_footer","meta":{"_eb_attr":"","footnotes":""},"class_list":["post-2286","page","type-page","status-publish","hentry"],"blocksy_meta":[],"jetpack_sharing_enabled":true,"_links":{"self":[{"href":"https:\/\/beernation.gt\/en\/wp-json\/wp\/v2\/pages\/2286","targetHints":{"allow":["GET"]}}],"collection":[{"href":"https:\/\/beernation.gt\/en\/wp-json\/wp\/v2\/pages"}],"about":[{"href":"https:\/\/beernation.gt\/en\/wp-json\/wp\/v2\/types\/page"}],"author":[{"embeddable":true,"href":"https:\/\/beernation.gt\/en\/wp-json\/wp\/v2\/users\/1"}],"replies":[{"embeddable":true,"href":"https:\/\/beernation.gt\/en\/wp-json\/wp\/v2\/comments?post=2286"}],"version-history":[{"count":0,"href":"https:\/\/beernation.gt\/en\/wp-json\/wp\/v2\/pages\/2286\/revisions"}],"wp:attachment":[{"href":"https:\/\/beernation.gt\/en\/wp-json\/wp\/v2\/media?parent=2286"}],"curies":[{"name":"wp","href":"https:\/\/api.w.org\/{rel}","templated":true}]}}