{"id":5780,"date":"2025-01-15T19:12:01","date_gmt":"2025-01-15T19:12:01","guid":{"rendered":"https:\/\/beernation.gt\/?page_id=5780"},"modified":"2025-03-04T00:45:49","modified_gmt":"2025-03-04T00:45:49","slug":"preguntas-frecuentes","status":"publish","type":"page","link":"https:\/\/beernation.gt\/en\/preguntas-frecuentes\/","title":{"rendered":"FAQs"},"content":{"rendered":"<div data-elementor-type=\"wp-page\" data-elementor-id=\"5780\" class=\"elementor elementor-5780\">\n\t\t\t\t<div class=\"elementor-element elementor-element-c76f824 e-con-full e-flex e-con e-parent\" data-id=\"c76f824\" data-element_type=\"container\" data-e-type=\"container\">\n\t\t<div class=\"elementor-element elementor-element-f83370e e-con-full e-flex elementor-invisible e-con e-child\" data-id=\"f83370e\" data-element_type=\"container\" data-e-type=\"container\" data-settings=\"{&quot;animation&quot;:&quot;fadeInLeft&quot;}\">\n\t\t\t\t<div class=\"elementor-element elementor-element-18b86c4 elementor-widget elementor-widget-heading\" data-id=\"18b86c4\" data-element_type=\"widget\" data-e-type=\"widget\" data-widget_type=\"heading.default\">\n\t\t\t\t<div class=\"elementor-widget-container\">\n\t\t\t\t\t<h2 class=\"elementor-heading-title elementor-size-default\">FAQs<\/h2>\t\t\t\t<\/div>\n\t\t\t\t<\/div>\n\t\t\t\t<div class=\"elementor-element elementor-element-451ee34 elementor-widget elementor-widget-text-editor\" data-id=\"451ee34\" data-element_type=\"widget\" data-e-type=\"widget\" data-widget_type=\"text-editor.default\">\n\t\t\t\t<div class=\"elementor-widget-container\">\n\t\t\t\t\t\t\t\t\t<p>Tu satisfacci\u00f3n es nuestra prioridad!<br>Estas son las preguntas frecuentes que recibimos, si tienes alguna duda adicional con gusto estaremos a tu disposici\u00f3n v\u00eda Whatsapp.&nbsp;<\/p>\t\t\t\t\t\t\t\t<\/div>\n\t\t\t\t<\/div>\n\t\t\t\t<\/div>\n\t\t<div class=\"elementor-element elementor-element-38f302c e-con-full e-flex e-con e-child\" data-id=\"38f302c\" data-element_type=\"container\" data-e-type=\"container\">\n\t\t\t\t<div class=\"elementor-element elementor-element-910f0dd elementor-widget__width-initial elementor-invisible elementor-widget elementor-widget-eael-adv-accordion\" data-id=\"910f0dd\" data-element_type=\"widget\" data-e-type=\"widget\" data-settings=\"{&quot;_animation&quot;:&quot;fadeInRight&quot;}\" data-widget_type=\"eael-adv-accordion.default\">\n\t\t\t\t<div class=\"elementor-widget-container\">\n\t\t\t\t\t            <div class=\"eael-adv-accordion\" id=\"eael-adv-accordion-910f0dd\" data-scroll-on-click=\"no\" data-scroll-speed=\"300\" data-accordion-id=\"910f0dd\" data-accordion-type=\"accordion\" data-toogle-speed=\"300\">\n            <div class=\"eael-accordion-list\">\n\t\t\t\t\t<div id=\"cmo-puedo-saber-cul-es-la-cerveza-adecuada-para-m\" class=\"elementor-tab-title eael-accordion-header\" tabindex=\"0\" data-tab=\"1\" aria-controls=\"elementor-tab-content-1521\"><span class=\"eael-accordion-tab-title\">\u00bfC\u00f3mo puedo saber cu\u00e1l es la cerveza adecuada para m\u00ed?<\/span><span class=\"eael-advanced-accordion-icon-closed\"><svg aria-hidden=\"true\" class=\"fa-accordion-icon e-font-icon-svg e-fas-plus\" viewbox=\"0 0 448 512\" xmlns=\"http:\/\/www.w3.org\/2000\/svg\"><path d=\"M416 208H272V64c0-17.67-14.33-32-32-32h-32c-17.67 0-32 14.33-32 32v144H32c-17.67 0-32 14.33-32 32v32c0 17.67 14.33 32 32 32h144v144c0 17.67 14.33 32 32 32h32c17.67 0 32-14.33 32-32V304h144c17.67 0 32-14.33 32-32v-32c0-17.67-14.33-32-32-32z\"><\/path><\/svg><\/span><span class=\"eael-advanced-accordion-icon-opened\"><svg aria-hidden=\"true\" class=\"fa-accordion-icon e-font-icon-svg e-fas-minus\" viewbox=\"0 0 448 512\" xmlns=\"http:\/\/www.w3.org\/2000\/svg\"><path d=\"M416 208H32c-17.67 0-32 14.33-32 32v32c0 17.67 14.33 32 32 32h384c17.67 0 32-14.33 32-32v-32c0-17.67-14.33-32-32-32z\"><\/path><\/svg><\/span><\/div><div id=\"elementor-tab-content-1521\" class=\"eael-accordion-content clearfix\" data-tab=\"1\" aria-labelledby=\"cmo-puedo-saber-cul-es-la-cerveza-adecuada-para-m\"><p>Si no estas seguro qu\u00e9 cerveza elegir, estamos siempre disponibles para guiarte! Puedes contactarnos a trav\u00e9s de Whatsapp y nuestro experto cervecero te ayudar\u00e1 a encontrar la cerveza perfecta para tus gustos \u00f3 las preferencias de a qui\u00e9n deseas enviarle un obsequio cervecero.<\/p><\/div>\n\t\t\t\t\t<\/div><div class=\"eael-accordion-list\">\n\t\t\t\t\t<div id=\"qu-mtodos-de-pago-aceptan\" class=\"elementor-tab-title eael-accordion-header\" tabindex=\"0\" data-tab=\"3\" aria-controls=\"elementor-tab-content-1523\"><span class=\"eael-accordion-tab-title\">\u00bfQu\u00e9 m\u00e9todos de pago aceptan?<\/span><span class=\"eael-advanced-accordion-icon-closed\"><svg aria-hidden=\"true\" class=\"fa-accordion-icon e-font-icon-svg e-fas-plus\" viewbox=\"0 0 448 512\" xmlns=\"http:\/\/www.w3.org\/2000\/svg\"><path d=\"M416 208H272V64c0-17.67-14.33-32-32-32h-32c-17.67 0-32 14.33-32 32v144H32c-17.67 0-32 14.33-32 32v32c0 17.67 14.33 32 32 32h144v144c0 17.67 14.33 32 32 32h32c17.67 0 32-14.33 32-32V304h144c17.67 0 32-14.33 32-32v-32c0-17.67-14.33-32-32-32z\"><\/path><\/svg><\/span><span class=\"eael-advanced-accordion-icon-opened\"><svg aria-hidden=\"true\" class=\"fa-accordion-icon e-font-icon-svg e-fas-minus\" viewbox=\"0 0 448 512\" xmlns=\"http:\/\/www.w3.org\/2000\/svg\"><path d=\"M416 208H32c-17.67 0-32 14.33-32 32v32c0 17.67 14.33 32 32 32h384c17.67 0 32-14.33 32-32v-32c0-17.67-14.33-32-32-32z\"><\/path><\/svg><\/span><\/div><div id=\"elementor-tab-content-1523\" class=\"eael-accordion-content clearfix\" data-tab=\"3\" aria-labelledby=\"qu-mtodos-de-pago-aceptan\"><p>Contamos con diversos m\u00e9todos de pago:<br \/>&#8211; con tarjeta de cr\u00e9dito al colocar el pedido en la p\u00e1gina web.<br \/>&#8211; a trav\u00e9s de transferencia.<br \/>&#8211; pago contra entrega con efectivo.<br \/><br \/><\/p><\/div>\n\t\t\t\t\t<\/div><div class=\"eael-accordion-list\">\n\t\t\t\t\t<div id=\"cunto-cuesta-el-envo\" class=\"elementor-tab-title eael-accordion-header\" tabindex=\"0\" data-tab=\"4\" aria-controls=\"elementor-tab-content-1524\"><span class=\"eael-accordion-tab-title\">\u00bfCu\u00e1nto cuesta el env\u00edo?<\/span><span class=\"eael-advanced-accordion-icon-closed\"><svg aria-hidden=\"true\" class=\"fa-accordion-icon e-font-icon-svg e-fas-plus\" viewbox=\"0 0 448 512\" xmlns=\"http:\/\/www.w3.org\/2000\/svg\"><path d=\"M416 208H272V64c0-17.67-14.33-32-32-32h-32c-17.67 0-32 14.33-32 32v144H32c-17.67 0-32 14.33-32 32v32c0 17.67 14.33 32 32 32h144v144c0 17.67 14.33 32 32 32h32c17.67 0 32-14.33 32-32V304h144c17.67 0 32-14.33 32-32v-32c0-17.67-14.33-32-32-32z\"><\/path><\/svg><\/span><span class=\"eael-advanced-accordion-icon-opened\"><svg aria-hidden=\"true\" class=\"fa-accordion-icon e-font-icon-svg e-fas-minus\" viewbox=\"0 0 448 512\" xmlns=\"http:\/\/www.w3.org\/2000\/svg\"><path d=\"M416 208H32c-17.67 0-32 14.33-32 32v32c0 17.67 14.33 32 32 32h384c17.67 0 32-14.33 32-32v-32c0-17.67-14.33-32-32-32z\"><\/path><\/svg><\/span><\/div><div id=\"elementor-tab-content-1524\" class=\"eael-accordion-content clearfix\" data-tab=\"4\" aria-labelledby=\"cunto-cuesta-el-envo\"><p>El valor del env\u00edo var\u00eda dependiendo d\u00f3nde sea la entrega:<br \/>&#8211; Ciudad de Guatemala: Q35<br \/><br \/>Realizamos env\u00edos a departamentos a trav\u00e9s de Guatex. Las tarifas son:<br \/>&#8211; Chimaltenango, El Progreso, Escuintla, Sacatep\u00e9quez y Santa Rosa: Q45<br \/>&#8211; Baja Verapaz, Chiquimula, Jalapa, Jutiapa, Quich\u00e9, Retalhuleu, Solol\u00e1, Suchitep\u00e9quez y Zacapa: Q50<br \/>&#8211; Quetzaltenango, Alta Verapaz, Baja Verapaz, Huehuetenango, Totonicap\u00e1n, Izabal y San Marcos: Q55<br \/>&#8211; Pet\u00e9n: Q65<\/p><\/div>\n\t\t\t\t\t<\/div><div class=\"eael-accordion-list\">\n\t\t\t\t\t<div id=\"a-donde-envan\" class=\"elementor-tab-title eael-accordion-header\" tabindex=\"0\" data-tab=\"5\" aria-controls=\"elementor-tab-content-1525\"><span class=\"eael-accordion-tab-title\">\u00bfA donde env\u00edan?<\/span><span class=\"eael-advanced-accordion-icon-closed\"><svg aria-hidden=\"true\" class=\"fa-accordion-icon e-font-icon-svg e-fas-plus\" viewbox=\"0 0 448 512\" xmlns=\"http:\/\/www.w3.org\/2000\/svg\"><path d=\"M416 208H272V64c0-17.67-14.33-32-32-32h-32c-17.67 0-32 14.33-32 32v144H32c-17.67 0-32 14.33-32 32v32c0 17.67 14.33 32 32 32h144v144c0 17.67 14.33 32 32 32h32c17.67 0 32-14.33 32-32V304h144c17.67 0 32-14.33 32-32v-32c0-17.67-14.33-32-32-32z\"><\/path><\/svg><\/span><span class=\"eael-advanced-accordion-icon-opened\"><svg aria-hidden=\"true\" class=\"fa-accordion-icon e-font-icon-svg e-fas-minus\" viewbox=\"0 0 448 512\" xmlns=\"http:\/\/www.w3.org\/2000\/svg\"><path d=\"M416 208H32c-17.67 0-32 14.33-32 32v32c0 17.67 14.33 32 32 32h384c17.67 0 32-14.33 32-32v-32c0-17.67-14.33-32-32-32z\"><\/path><\/svg><\/span><\/div><div id=\"elementor-tab-content-1525\" class=\"eael-accordion-content clearfix\" data-tab=\"5\" aria-labelledby=\"a-donde-envan\"><p>Enviamos a todo el pa\u00eds.<\/p><\/div>\n\t\t\t\t\t<\/div><div class=\"eael-accordion-list\">\n\t\t\t\t\t<div id=\"cunto-tiempo-demora-la-entrega\" class=\"elementor-tab-title eael-accordion-header\" tabindex=\"0\" data-tab=\"6\" aria-controls=\"elementor-tab-content-1526\"><span class=\"eael-accordion-tab-title\">\u00bfCu\u00e1nto tiempo demora la entrega?<\/span><span class=\"eael-advanced-accordion-icon-closed\"><svg aria-hidden=\"true\" class=\"fa-accordion-icon e-font-icon-svg e-fas-plus\" viewbox=\"0 0 448 512\" xmlns=\"http:\/\/www.w3.org\/2000\/svg\"><path d=\"M416 208H272V64c0-17.67-14.33-32-32-32h-32c-17.67 0-32 14.33-32 32v144H32c-17.67 0-32 14.33-32 32v32c0 17.67 14.33 32 32 32h144v144c0 17.67 14.33 32 32 32h32c17.67 0 32-14.33 32-32V304h144c17.67 0 32-14.33 32-32v-32c0-17.67-14.33-32-32-32z\"><\/path><\/svg><\/span><span class=\"eael-advanced-accordion-icon-opened\"><svg aria-hidden=\"true\" class=\"fa-accordion-icon e-font-icon-svg e-fas-minus\" viewbox=\"0 0 448 512\" xmlns=\"http:\/\/www.w3.org\/2000\/svg\"><path d=\"M416 208H32c-17.67 0-32 14.33-32 32v32c0 17.67 14.33 32 32 32h384c17.67 0 32-14.33 32-32v-32c0-17.67-14.33-32-32-32z\"><\/path><\/svg><\/span><\/div><div id=\"elementor-tab-content-1526\" class=\"eael-accordion-content clearfix\" data-tab=\"6\" aria-labelledby=\"cunto-tiempo-demora-la-entrega\"><p>El tiempo de entrega en la Ciudad de Guatemala es en menos de 24 horas tras colocar el pedido.<br \/>\u00a0<br \/>La entrega en el Interior del pa\u00eds se realiza a trav\u00e9s de empresas de Guatex, generalmente entregan al d\u00eda siguiente que se coloca el pedido. Sin embargo puede demorar hasta 2 d\u00edas h\u00e1biles.<\/p><\/div>\n\t\t\t\t\t<\/div><div class=\"eael-accordion-list\">\n\t\t\t\t\t<div id=\"cmo-puedo-hacer-un-seguimiento-de-mi-pedido\" class=\"elementor-tab-title eael-accordion-header\" tabindex=\"0\" data-tab=\"7\" aria-controls=\"elementor-tab-content-1527\"><span class=\"eael-accordion-tab-title\">\u00bfC\u00f3mo puedo hacer un seguimiento de mi pedido?<\/span><span class=\"eael-advanced-accordion-icon-closed\"><svg aria-hidden=\"true\" class=\"fa-accordion-icon e-font-icon-svg e-fas-plus\" viewbox=\"0 0 448 512\" xmlns=\"http:\/\/www.w3.org\/2000\/svg\"><path d=\"M416 208H272V64c0-17.67-14.33-32-32-32h-32c-17.67 0-32 14.33-32 32v144H32c-17.67 0-32 14.33-32 32v32c0 17.67 14.33 32 32 32h144v144c0 17.67 14.33 32 32 32h32c17.67 0 32-14.33 32-32V304h144c17.67 0 32-14.33 32-32v-32c0-17.67-14.33-32-32-32z\"><\/path><\/svg><\/span><span class=\"eael-advanced-accordion-icon-opened\"><svg aria-hidden=\"true\" class=\"fa-accordion-icon e-font-icon-svg e-fas-minus\" viewbox=\"0 0 448 512\" xmlns=\"http:\/\/www.w3.org\/2000\/svg\"><path d=\"M416 208H32c-17.67 0-32 14.33-32 32v32c0 17.67 14.33 32 32 32h384c17.67 0 32-14.33 32-32v-32c0-17.67-14.33-32-32-32z\"><\/path><\/svg><\/span><\/div><div id=\"elementor-tab-content-1527\" class=\"eael-accordion-content clearfix\" data-tab=\"7\" aria-labelledby=\"cmo-puedo-hacer-un-seguimiento-de-mi-pedido\"><p>Al colocar tu pedido te estar\u00e1 llegando un correo electr\u00f3nico con el n\u00famero de tu pedido. Puedes consultar el status a trav\u00e9s de Whatsapp.<br \/><br \/>Para entregas en la Ciudad se te estar\u00e1 contactando v\u00eda Whatsapp para coordinar la entrega alrededor de 1 horas antes de llegar a la direcci\u00f3n de entrega.<br \/><br \/>Si tu pedido es con entrega en el interior del pa\u00eds, estar\u00e1s recibiendo el n\u00famero de gu\u00eda de Guatex por correo electr\u00f3nico y por medio del canal de comunicaci\u00f3n del que nos hayas contactado (Whatsapp o redes sociales).<br \/>De igual forma nosotros tambi\u00e9n damos seguimiento de la entrega con Guatex y nos contactamos contigo para verificar cuando lo recibas.<br \/><br \/><\/p><\/div>\n\t\t\t\t\t<\/div><div class=\"eael-accordion-list\">\n\t\t\t\t\t<div id=\"dnde-est-ubicada-su-tienda\" class=\"elementor-tab-title eael-accordion-header\" tabindex=\"0\" data-tab=\"8\" aria-controls=\"elementor-tab-content-1528\"><span class=\"eael-accordion-tab-title\">\u00bfD\u00f3nde est\u00e1 ubicada su tienda?<\/span><span class=\"eael-advanced-accordion-icon-closed\"><svg aria-hidden=\"true\" class=\"fa-accordion-icon e-font-icon-svg e-fas-plus\" viewbox=\"0 0 448 512\" xmlns=\"http:\/\/www.w3.org\/2000\/svg\"><path d=\"M416 208H272V64c0-17.67-14.33-32-32-32h-32c-17.67 0-32 14.33-32 32v144H32c-17.67 0-32 14.33-32 32v32c0 17.67 14.33 32 32 32h144v144c0 17.67 14.33 32 32 32h32c17.67 0 32-14.33 32-32V304h144c17.67 0 32-14.33 32-32v-32c0-17.67-14.33-32-32-32z\"><\/path><\/svg><\/span><span class=\"eael-advanced-accordion-icon-opened\"><svg aria-hidden=\"true\" class=\"fa-accordion-icon e-font-icon-svg e-fas-minus\" viewbox=\"0 0 448 512\" xmlns=\"http:\/\/www.w3.org\/2000\/svg\"><path d=\"M416 208H32c-17.67 0-32 14.33-32 32v32c0 17.67 14.33 32 32 32h384c17.67 0 32-14.33 32-32v-32c0-17.67-14.33-32-32-32z\"><\/path><\/svg><\/span><\/div><div id=\"elementor-tab-content-1528\" class=\"eael-accordion-content clearfix\" data-tab=\"8\" aria-labelledby=\"dnde-est-ubicada-su-tienda\"><p>\u00a1Nuestra tienda est\u00e1 siempre contigo! Puedes encontrar nuestros productos y realizar tus compras desde cualquier lugar con conexi\u00f3n a internet. Ofrecemos env\u00edo a todo el pa\u00eds para que puedas disfrutar de nuestros productos desde la comodidad de tu hogar.<\/p><\/div>\n\t\t\t\t\t<\/div><\/div>\t\t\t\t<\/div>\n\t\t\t\t<\/div>\n\t\t\t\t<\/div>\n\t\t\t\t<\/div>\n\t\t\t\t<\/div>","protected":false},"excerpt":{"rendered":"<p>Preguntas Frecuentes Tu satisfacci\u00f3n es nuestra prioridad!Estas son las preguntas frecuentes que recibimos, si tienes alguna duda adicional con gusto estaremos a tu disposici\u00f3n v\u00eda Whatsapp.&nbsp; \u00bfC\u00f3mo puedo saber cu\u00e1l es la cerveza adecuada para m\u00ed? Si no estas seguro qu\u00e9 cerveza elegir, estamos siempre disponibles para guiarte! Puedes contactarnos a trav\u00e9s de Whatsapp y [&hellip;]<\/p>\n","protected":false},"author":1,"featured_media":0,"parent":0,"menu_order":0,"comment_status":"closed","ping_status":"closed","template":"elementor_header_footer","meta":{"_eb_attr":"","footnotes":""},"class_list":["post-5780","page","type-page","status-publish","hentry"],"blocksy_meta":[],"jetpack_sharing_enabled":true,"_links":{"self":[{"href":"https:\/\/beernation.gt\/en\/wp-json\/wp\/v2\/pages\/5780","targetHints":{"allow":["GET"]}}],"collection":[{"href":"https:\/\/beernation.gt\/en\/wp-json\/wp\/v2\/pages"}],"about":[{"href":"https:\/\/beernation.gt\/en\/wp-json\/wp\/v2\/types\/page"}],"author":[{"embeddable":true,"href":"https:\/\/beernation.gt\/en\/wp-json\/wp\/v2\/users\/1"}],"replies":[{"embeddable":true,"href":"https:\/\/beernation.gt\/en\/wp-json\/wp\/v2\/comments?post=5780"}],"version-history":[{"count":3,"href":"https:\/\/beernation.gt\/en\/wp-json\/wp\/v2\/pages\/5780\/revisions"}],"predecessor-version":[{"id":6700,"href":"https:\/\/beernation.gt\/en\/wp-json\/wp\/v2\/pages\/5780\/revisions\/6700"}],"wp:attachment":[{"href":"https:\/\/beernation.gt\/en\/wp-json\/wp\/v2\/media?parent=5780"}],"curies":[{"name":"wp","href":"https:\/\/api.w.org\/{rel}","templated":true}]}}