{"id":8905,"date":"2025-09-01T04:34:29","date_gmt":"2025-09-01T04:34:29","guid":{"rendered":"https:\/\/beernation.gt\/?page_id=8905"},"modified":"2026-02-10T19:26:32","modified_gmt":"2026-02-10T19:26:32","slug":"festival-de-belgica","status":"publish","type":"page","link":"https:\/\/beernation.gt\/en\/blog-cervecero\/festival-de-belgica\/","title":{"rendered":"Festival de B\u00e9lgica"},"content":{"rendered":"<div data-elementor-type=\"wp-page\" data-elementor-id=\"8905\" class=\"elementor elementor-8905\">\n\t\t\t\t\t\t<section class=\"elementor-section elementor-top-section elementor-element elementor-element-193035f elementor-section-height-min-height animated-slow elementor-section-boxed elementor-section-height-default elementor-section-items-middle elementor-invisible\" data-id=\"193035f\" data-element_type=\"section\" data-e-type=\"section\" data-settings=\"{&quot;background_background&quot;:&quot;classic&quot;,&quot;animation&quot;:&quot;fadeIn&quot;}\">\n\t\t\t\t\t\t<div class=\"elementor-container elementor-column-gap-no\">\n\t\t\t\t\t<div class=\"elementor-column elementor-col-100 elementor-top-column elementor-element elementor-element-4e1c7d6d\" data-id=\"4e1c7d6d\" data-element_type=\"column\" data-e-type=\"column\">\n\t\t\t<div class=\"elementor-widget-wrap elementor-element-populated\">\n\t\t\t\t\t\t<section class=\"elementor-section elementor-inner-section elementor-element elementor-element-6d4bfe0 elementor-section-boxed elementor-section-height-default elementor-section-height-default\" data-id=\"6d4bfe0\" data-element_type=\"section\" data-e-type=\"section\">\n\t\t\t\t\t\t<div class=\"elementor-container elementor-column-gap-no\">\n\t\t\t\t\t<div class=\"elementor-column elementor-col-100 elementor-inner-column elementor-element elementor-element-78c93570\" data-id=\"78c93570\" data-element_type=\"column\" data-e-type=\"column\">\n\t\t\t<div class=\"elementor-widget-wrap\">\n\t\t\t\t\t\t\t<\/div>\n\t\t<\/div>\n\t\t\t\t\t<\/div>\n\t\t<\/section>\n\t\t\t\t\t<\/div>\n\t\t<\/div>\n\t\t\t\t\t<\/div>\n\t\t<\/section>\n\t\t\t\t<section class=\"elementor-section elementor-top-section elementor-element elementor-element-17d8d872 elementor-section-content-middle elementor-section-boxed elementor-section-height-default elementor-section-height-default\" data-id=\"17d8d872\" data-element_type=\"section\" data-e-type=\"section\" data-settings=\"{&quot;background_background&quot;:&quot;classic&quot;}\">\n\t\t\t\t\t\t<div class=\"elementor-container elementor-column-gap-no\">\n\t\t\t\t\t<div class=\"elementor-column elementor-col-100 elementor-top-column elementor-element elementor-element-5084691a\" data-id=\"5084691a\" data-element_type=\"column\" data-e-type=\"column\" data-settings=\"{&quot;background_background&quot;:&quot;classic&quot;}\">\n\t\t\t<div class=\"elementor-widget-wrap elementor-element-populated\">\n\t\t\t\t\t\t<div class=\"elementor-element elementor-element-f6ad3a9 elementor-invisible elementor-widget elementor-widget-heading\" data-id=\"f6ad3a9\" data-element_type=\"widget\" data-e-type=\"widget\" data-settings=\"{&quot;_animation&quot;:&quot;fadeInDown&quot;}\" data-widget_type=\"heading.default\">\n\t\t\t\t<div class=\"elementor-widget-container\">\n\t\t\t\t\t<h2 class=\"elementor-heading-title elementor-size-default\">Festival de Cervezas de B\u00e9lgica<\/h2>\t\t\t\t<\/div>\n\t\t\t\t<\/div>\n\t\t\t\t<div class=\"elementor-element elementor-element-da6ddc1 elementor-invisible elementor-widget elementor-widget-text-editor\" data-id=\"da6ddc1\" data-element_type=\"widget\" data-e-type=\"widget\" data-settings=\"{&quot;_animation&quot;:&quot;fadeInUp&quot;}\" data-widget_type=\"text-editor.default\">\n\t\t\t\t<div class=\"elementor-widget-container\">\n\t\t\t\t\t\t\t\t\t<p>Una celebraci\u00f3n a la Tradici\u00f3n<\/p>\t\t\t\t\t\t\t\t<\/div>\n\t\t\t\t<\/div>\n\t\t\t\t<div class=\"elementor-element elementor-element-0ddec87 animated-slow elementor-invisible elementor-widget elementor-widget-text-editor\" data-id=\"0ddec87\" data-element_type=\"widget\" data-e-type=\"widget\" data-settings=\"{&quot;_animation&quot;:&quot;fadeInDown&quot;}\" data-widget_type=\"text-editor.default\">\n\t\t\t\t<div class=\"elementor-widget-container\">\n\t\t\t\t\t\t\t\t\t<p><strong>El primer fin de semana de septiembre<\/strong>, el coraz\u00f3n de Bruselas late al ritmo de la cerveza. La majestuosa Grand-Place, declarada Patrimonio de la Humanidad por la UNESCO, se transforma en el epicentro de la cultura cervecera belga para celebrar el Festival de Cervezas de B\u00e9lgica (Belgian Beer Weekend).<\/p>\t\t\t\t\t\t\t\t<\/div>\n\t\t\t\t<\/div>\n\t\t\t\t\t<\/div>\n\t\t<\/div>\n\t\t\t\t\t<\/div>\n\t\t<\/section>\n\t\t<div class=\"elementor-element elementor-element-ce11cc3 animated-slow e-flex e-con-boxed elementor-invisible e-con e-parent\" data-id=\"ce11cc3\" data-element_type=\"container\" data-e-type=\"container\" data-settings=\"{&quot;animation&quot;:&quot;fadeInLeft&quot;}\">\n\t\t\t\t\t<div class=\"e-con-inner\">\n\t\t\t\t<div class=\"elementor-element elementor-element-04c3c0e elementor-widget elementor-widget-heading\" data-id=\"04c3c0e\" data-element_type=\"widget\" data-e-type=\"widget\" data-widget_type=\"heading.default\">\n\t\t\t\t<div class=\"elementor-widget-container\">\n\t\t\t\t\t<h2 class=\"elementor-heading-title elementor-size-default\">Un poco de historia<\/h2>\t\t\t\t<\/div>\n\t\t\t\t<\/div>\n\t\t\t\t<div class=\"elementor-element elementor-element-e15d40d elementor-widget elementor-widget-text-editor\" data-id=\"e15d40d\" data-element_type=\"widget\" data-e-type=\"widget\" data-widget_type=\"text-editor.default\">\n\t\t\t\t<div class=\"elementor-widget-container\">\n\t\t\t\t\t\t\t\t\t<p>El Festival de Cervezas de B\u00e9lgica no es solo una fiesta, es una tradici\u00f3n. Su historia se remonta a 1998, cuando fue creado con el objetivo de honrar y promover la inigualable herencia cervecera del pa\u00eds. Organizado por la Federaci\u00f3n de Cerveceros de B\u00e9lgica y la Cofrad\u00eda de la Cuchara del Cervecero (Knighthood of the Brewers&#8217; Mashstaff), el evento se ha convertido en una cita anual obligada para amantes de la cerveza de todo el mundo.<\/p>\t\t\t\t\t\t\t\t<\/div>\n\t\t\t\t<\/div>\n\t\t\t\t\t<\/div>\n\t\t\t\t<\/div>\n\t\t<div class=\"elementor-element elementor-element-e8359a2 animated-slow e-flex e-con-boxed elementor-invisible e-con e-parent\" data-id=\"e8359a2\" data-element_type=\"container\" data-e-type=\"container\" data-settings=\"{&quot;animation&quot;:&quot;fadeInLeft&quot;}\">\n\t\t\t\t\t<div class=\"e-con-inner\">\n\t\t\t\t<div class=\"elementor-element elementor-element-f4e2c09 elementor-widget elementor-widget-heading\" data-id=\"f4e2c09\" data-element_type=\"widget\" data-e-type=\"widget\" data-widget_type=\"heading.default\">\n\t\t\t\t<div class=\"elementor-widget-container\">\n\t\t\t\t\t<h2 class=\"elementor-heading-title elementor-size-default\">Datos curiosos y por qu\u00e9 es tan especial<\/h2>\t\t\t\t<\/div>\n\t\t\t\t<\/div>\n\t\t\t\t<div class=\"elementor-element elementor-element-0816305 elementor-widget elementor-widget-text-editor\" data-id=\"0816305\" data-element_type=\"widget\" data-e-type=\"widget\" data-widget_type=\"text-editor.default\">\n\t\t\t\t<div class=\"elementor-widget-container\">\n\t\t\t\t\t\t\t\t\t<ul><li><p><b>El lugar:<\/b> La Grand-Place no es un escenario cualquiera. Su arquitectura g\u00f3tica y barroca crea un ambiente hist\u00f3rico y casi m\u00e1gico para degustar las mejores cervezas del pa\u00eds. \u00a1Es una de las plazas m\u00e1s bellas del mundo!<br \/><br \/><\/p><\/li><li><p><b>Parada de Carretas Hist\u00f3ricas:<\/b> Uno de los momentos m\u00e1s pintorescos del festival es el desfile de las carretas cerveceras hist\u00f3ricas. Carros antiguos y caballos de tiro desfilan por las calles de Bruselas, un verdadero homenaje a los m\u00e9todos de transporte de la cerveza de anta\u00f1o.<br \/><br \/><\/p><\/li><li><p><b>La Cofrad\u00eda de la Cuchara:<\/b> Los cerveceros y embajadores de la cerveza son investidos como \u00abcaballeros\u00bb de la Cofrad\u00eda de la Cuchara, una ceremonia solemne y tradicional que celebra la dedicaci\u00f3n a este arte milenario.<br \/><br \/><\/p><\/li><li><p><b>Una gran variedad de cervezas:<\/b> El festival re\u00fane a m\u00e1s de 50 cervecer\u00edas belgas, desde las m\u00e1s grandes y conocidas hasta peque\u00f1as cervecer\u00edas familiares. Se pueden degustar m\u00e1s de 300 tipos de cerveza, incluyendo estilos ic\u00f3nicos como las Trapenses, las Lambic y las Witbier.<\/p><\/li><\/ul>\t\t\t\t\t\t\t\t<\/div>\n\t\t\t\t<\/div>\n\t\t\t\t\t<\/div>\n\t\t\t\t<\/div>\n\t\t<div class=\"elementor-element elementor-element-1a11e5e animated-slow e-con-full e-flex elementor-invisible e-con e-parent\" data-id=\"1a11e5e\" data-element_type=\"container\" data-e-type=\"container\" data-settings=\"{&quot;animation&quot;:&quot;fadeInRight&quot;}\">\n\t\t\t\t<div class=\"elementor-element elementor-element-633b8a0 elementor-widget elementor-widget-heading\" data-id=\"633b8a0\" data-element_type=\"widget\" data-e-type=\"widget\" data-widget_type=\"heading.default\">\n\t\t\t\t<div class=\"elementor-widget-container\">\n\t\t\t\t\t<h2 class=\"elementor-heading-title elementor-size-default\">C\u00f3mo disfrutarlo<\/h2>\t\t\t\t<\/div>\n\t\t\t\t<\/div>\n\t\t\t\t<div class=\"elementor-element elementor-element-e42ffbb elementor-widget elementor-widget-text-editor\" data-id=\"e42ffbb\" data-element_type=\"widget\" data-e-type=\"widget\" data-widget_type=\"text-editor.default\">\n\t\t\t\t<div class=\"elementor-widget-container\">\n\t\t\t\t\t\t\t\t\t<p><b>Estilos de Cerveza Belga:<\/b> Descubre los estilos de Cerveza Belga m\u00e1s ic\u00f3nicos\u00a0y conoce las cervezas que tenemos disponibles de cada uno.<\/p>\t\t\t\t\t\t\t\t<\/div>\n\t\t\t\t<\/div>\n\t\t\t\t<div class=\"elementor-element elementor-element-533aaab elementor-align-center elementor-widget elementor-widget-button\" data-id=\"533aaab\" data-element_type=\"widget\" data-e-type=\"widget\" data-widget_type=\"button.default\">\n\t\t\t\t<div class=\"elementor-widget-container\">\n\t\t\t\t\t\t\t\t\t<div class=\"elementor-button-wrapper\">\n\t\t\t\t\t<a class=\"elementor-button elementor-button-link elementor-size-sm\" href=\"https:\/\/beernation.gt\/en\/estilos-belgas\/\">\n\t\t\t\t\t\t<span class=\"elementor-button-content-wrapper\">\n\t\t\t\t\t\t\t\t\t<span class=\"elementor-button-text\">Descubre los Estilos<\/span>\n\t\t\t\t\t<\/span>\n\t\t\t\t\t<\/a>\n\t\t\t\t<\/div>\n\t\t\t\t\t\t\t\t<\/div>\n\t\t\t\t<\/div>\n\t\t\t\t<div class=\"elementor-element elementor-element-d8c0327 elementor-widget elementor-widget-text-editor\" data-id=\"d8c0327\" data-element_type=\"widget\" data-e-type=\"widget\" data-widget_type=\"text-editor.default\">\n\t\t\t\t<div class=\"elementor-widget-container\">\n\t\t\t\t\t\t\t\t\t<p><b>Elige el vaso correcto:<\/b> La cristaler\u00eda belga no es un capricho; cada cerveza tiene un vaso dise\u00f1ado para realzar su aroma y sabor. En el festival, y en nuestra tienda, la cultura cervecera se vive en cada detalle.<\/p>\t\t\t\t\t\t\t\t<\/div>\n\t\t\t\t<\/div>\n\t\t\t\t<div class=\"elementor-element elementor-element-85f1e3a elementor-align-center elementor-widget elementor-widget-button\" data-id=\"85f1e3a\" data-element_type=\"widget\" data-e-type=\"widget\" data-widget_type=\"button.default\">\n\t\t\t\t<div class=\"elementor-widget-container\">\n\t\t\t\t\t\t\t\t\t<div class=\"elementor-button-wrapper\">\n\t\t\t\t\t<a class=\"elementor-button elementor-button-link elementor-size-sm\" href=\"https:\/\/beernation.gt\/en\/cristaleria\/\">\n\t\t\t\t\t\t<span class=\"elementor-button-content-wrapper\">\n\t\t\t\t\t\t\t\t\t<span class=\"elementor-button-text\">Ver Cristaler\u00eda<\/span>\n\t\t\t\t\t<\/span>\n\t\t\t\t\t<\/a>\n\t\t\t\t<\/div>\n\t\t\t\t\t\t\t\t<\/div>\n\t\t\t\t<\/div>\n\t\t\t\t<\/div>\n\t\t<div class=\"elementor-element elementor-element-a56d7da animated-slow e-flex e-con-boxed elementor-invisible e-con e-parent\" data-id=\"a56d7da\" data-element_type=\"container\" data-e-type=\"container\" data-settings=\"{&quot;animation&quot;:&quot;fadeInDown&quot;}\">\n\t\t\t\t\t<div class=\"e-con-inner\">\n\t\t\t\t<div class=\"elementor-element elementor-element-d5289db elementor-widget elementor-widget-text-editor\" data-id=\"d5289db\" data-element_type=\"widget\" data-e-type=\"widget\" data-widget_type=\"text-editor.default\">\n\t\t\t\t<div class=\"elementor-widget-container\">\n\t\t\t\t\t\t\t\t\t<div dir=\"auto\">En Beernation nos unimos a la celebraci\u00f3n de la Semana de la Cerveza Belga, rindiendo homenaje a una tradici\u00f3n que ha sido perfeccionada durante siglos. Te invitamos a explorar nuestra selecci\u00f3n de estilos, desde las cl\u00e1sicas Blondes hasta las complejas Quadrupel, y descubrir por ti mismo la excelencia que ha convertido a la cerveza belga en un verdadero tesoro mundial. \u00a1Brindemos por ello!<\/div>\t\t\t\t\t\t\t\t<\/div>\n\t\t\t\t<\/div>\n\t\t\t\t\t<\/div>\n\t\t\t\t<\/div>\n\t\t\t\t<\/div>","protected":false},"excerpt":{"rendered":"<p>El Festival de Cervezas de B\u00e9lgica es el evento m\u00e1s grande que celebra la inigualable herencia de la cerveza belga. Descubre la historia, curiosidades y los estilos m\u00e1s ic\u00f3nicos que se re\u00fanen cada septiembre en la Grand-Place de Bruselas. Prep\u00e1rate para esta fiesta cervecera explorando nuestra gu\u00eda especial, donde desglosamos cada estilo y te mostramos las mejores cervezas belgas que tenemos disponibles para ti.<\/p>","protected":false},"author":1,"featured_media":0,"parent":8029,"menu_order":0,"comment_status":"closed","ping_status":"closed","template":"elementor_header_footer","meta":{"_eb_attr":"","footnotes":""},"class_list":["post-8905","page","type-page","status-publish","hentry"],"blocksy_meta":[],"jetpack_sharing_enabled":true,"_links":{"self":[{"href":"https:\/\/beernation.gt\/en\/wp-json\/wp\/v2\/pages\/8905","targetHints":{"allow":["GET"]}}],"collection":[{"href":"https:\/\/beernation.gt\/en\/wp-json\/wp\/v2\/pages"}],"about":[{"href":"https:\/\/beernation.gt\/en\/wp-json\/wp\/v2\/types\/page"}],"author":[{"embeddable":true,"href":"https:\/\/beernation.gt\/en\/wp-json\/wp\/v2\/users\/1"}],"replies":[{"embeddable":true,"href":"https:\/\/beernation.gt\/en\/wp-json\/wp\/v2\/comments?post=8905"}],"version-history":[{"count":6,"href":"https:\/\/beernation.gt\/en\/wp-json\/wp\/v2\/pages\/8905\/revisions"}],"predecessor-version":[{"id":8916,"href":"https:\/\/beernation.gt\/en\/wp-json\/wp\/v2\/pages\/8905\/revisions\/8916"}],"up":[{"embeddable":true,"href":"https:\/\/beernation.gt\/en\/wp-json\/wp\/v2\/pages\/8029"}],"wp:attachment":[{"href":"https:\/\/beernation.gt\/en\/wp-json\/wp\/v2\/media?parent=8905"}],"curies":[{"name":"wp","href":"https:\/\/api.w.org\/{rel}","templated":true}]}}