{"id":9686,"date":"2025-10-17T23:27:54","date_gmt":"2025-10-17T23:27:54","guid":{"rendered":"https:\/\/beernation.gt\/?page_id=9686"},"modified":"2025-10-18T00:13:49","modified_gmt":"2025-10-18T00:13:49","slug":"otras-europeas","status":"publish","type":"page","link":"https:\/\/beernation.gt\/en\/cervezas-origen\/otras-europeas\/","title":{"rendered":"Other European Brews"},"content":{"rendered":"<div data-elementor-type=\"wp-page\" data-elementor-id=\"9686\" class=\"elementor elementor-9686\">\n\t\t\t\t\t\t<section class=\"elementor-section elementor-top-section elementor-element elementor-element-48bb7c94 elementor-section-full_width elementor-section-height-min-height elementor-section-height-default elementor-section-items-middle\" data-id=\"48bb7c94\" data-element_type=\"section\" data-e-type=\"section\" data-settings=\"{&quot;background_background&quot;:&quot;classic&quot;}\">\n\t\t\t\t\t\t<div class=\"elementor-container elementor-column-gap-no\">\n\t\t\t\t\t<div class=\"elementor-column elementor-col-100 elementor-top-column elementor-element elementor-element-17152fde\" data-id=\"17152fde\" data-element_type=\"column\" data-e-type=\"column\">\n\t\t\t<div class=\"elementor-widget-wrap elementor-element-populated\">\n\t\t\t\t\t\t<div class=\"elementor-element elementor-element-258da59d elementor-widget elementor-widget-spacer\" data-id=\"258da59d\" data-element_type=\"widget\" data-e-type=\"widget\" data-widget_type=\"spacer.default\">\n\t\t\t\t<div class=\"elementor-widget-container\">\n\t\t\t\t\t\t\t<div class=\"elementor-spacer\">\n\t\t\t<div class=\"elementor-spacer-inner\"><\/div>\n\t\t<\/div>\n\t\t\t\t\t\t<\/div>\n\t\t\t\t<\/div>\n\t\t\t\t<div class=\"elementor-element elementor-element-28c7dedc elementor-invisible elementor-widget elementor-widget-heading\" data-id=\"28c7dedc\" data-element_type=\"widget\" data-e-type=\"widget\" data-settings=\"{&quot;_animation&quot;:&quot;fadeInLeft&quot;}\" data-widget_type=\"heading.default\">\n\t\t\t\t<div class=\"elementor-widget-container\">\n\t\t\t\t\t<h2 class=\"elementor-heading-title elementor-size-default\">Otras Cervezas Europeas<\/h2>\t\t\t\t<\/div>\n\t\t\t\t<\/div>\n\t\t\t\t\t<\/div>\n\t\t<\/div>\n\t\t\t\t\t<\/div>\n\t\t<\/section>\n\t\t\t\t<section class=\"elementor-section elementor-top-section elementor-element elementor-element-3b21581a elementor-section-boxed elementor-section-height-default elementor-section-height-default\" data-id=\"3b21581a\" data-element_type=\"section\" data-e-type=\"section\">\n\t\t\t\t\t\t<div class=\"elementor-container elementor-column-gap-default\">\n\t\t\t\t\t<div class=\"elementor-column elementor-col-100 elementor-top-column elementor-element elementor-element-47d03656\" data-id=\"47d03656\" data-element_type=\"column\" data-e-type=\"column\">\n\t\t\t<div class=\"elementor-widget-wrap elementor-element-populated\">\n\t\t\t\t\t\t<section class=\"elementor-section elementor-inner-section elementor-element elementor-element-43e7b6b elementor-section-full_width elementor-section-height-default elementor-section-height-default\" data-id=\"43e7b6b\" data-element_type=\"section\" data-e-type=\"section\">\n\t\t\t\t\t\t<div class=\"elementor-container elementor-column-gap-default\">\n\t\t\t\t\t<div class=\"elementor-column elementor-col-100 elementor-inner-column elementor-element elementor-element-39ee9094\" data-id=\"39ee9094\" data-element_type=\"column\" data-e-type=\"column\">\n\t\t\t<div class=\"elementor-widget-wrap elementor-element-populated\">\n\t\t\t\t\t\t<div class=\"elementor-element elementor-element-1c1926c0 animated-slow elementor-invisible elementor-widget elementor-widget-text-editor\" data-id=\"1c1926c0\" data-element_type=\"widget\" data-e-type=\"widget\" data-settings=\"{&quot;_animation&quot;:&quot;fadeInUp&quot;}\" data-widget_type=\"text-editor.default\">\n\t\t\t\t<div class=\"elementor-widget-container\">\n\t\t\t\t\t\t\t\t\t<p class=\"wp-block-heading\">Ad\u00e9ntrate en el legado cervecero de Europa. Este es tu pasaporte directo a las cervecer\u00edas m\u00e1s veneradas.<\/p><p>Si buscas cervezas con una historia inigualable y calidad garantizada, est\u00e1s en el lugar correcto. \u00a1Explora la diversidad de estilos Lager y Pilsner que han marcado la historia !<\/p>\t\t\t\t\t\t\t\t<\/div>\n\t\t\t\t<\/div>\n\t\t\t\t\t<\/div>\n\t\t<\/div>\n\t\t\t\t\t<\/div>\n\t\t<\/section>\n\t\t\t\t\t<\/div>\n\t\t<\/div>\n\t\t\t\t\t<\/div>\n\t\t<\/section>\n\t\t<div class=\"elementor-element elementor-element-6995d9e9 animated-slow e-flex e-con-boxed elementor-invisible e-con e-child\" data-id=\"6995d9e9\" data-element_type=\"container\" data-e-type=\"container\" data-settings=\"{&quot;animation&quot;:&quot;fadeInLeft&quot;}\">\n\t\t\t\t\t<div class=\"e-con-inner\">\n\t\t<div class=\"elementor-element elementor-element-66b1d806 e-flex e-con-boxed e-con e-child\" data-id=\"66b1d806\" data-element_type=\"container\" data-e-type=\"container\">\n\t\t\t\t\t<div class=\"e-con-inner\">\n\t\t\t\t<div class=\"elementor-element elementor-element-3708431c elementor-widget elementor-widget-heading\" data-id=\"3708431c\" data-element_type=\"widget\" data-e-type=\"widget\" data-widget_type=\"heading.default\">\n\t\t\t\t<div class=\"elementor-widget-container\">\n\t\t\t\t\t<h2 class=\"elementor-heading-title elementor-size-default\">Pilsner Urquell<\/h2>\t\t\t\t<\/div>\n\t\t\t\t<\/div>\n\t\t\t\t<div class=\"elementor-element elementor-element-39e60b7e elementor-widget-mobile__width-inherit elementor-widget elementor-widget-text-editor\" data-id=\"39e60b7e\" data-element_type=\"widget\" data-e-type=\"widget\" data-widget_type=\"text-editor.default\">\n\t\t\t\t<div class=\"elementor-widget-container\">\n\t\t\t\t\t\t\t\t\t<p>La cerveza checa que en 1842 invent\u00f3 el estilo Pilsner y redefini\u00f3 la cerveza rubia a nivel mundial.<\/p>\t\t\t\t\t\t\t\t<\/div>\n\t\t\t\t<\/div>\n\t\t\t\t\t<\/div>\n\t\t\t\t<\/div>\n\t\t\t\t<div class=\"elementor-element elementor-element-696af36f elementor-widget__width-initial elementor-widget-mobile__width-inherit elementor-widget elementor-widget-eael-woo-product-carousel\" data-id=\"696af36f\" data-element_type=\"widget\" data-e-type=\"widget\" data-widget_type=\"eael-woo-product-carousel.default\">\n\t\t\t\t<div class=\"elementor-widget-container\">\n\t\t\t\t\t\n        <div class=\"swiper-container-wrap eael-woo-product-carousel-container preset-3\" id=\"eael-product-carousel-696af36f\" data-widget-id=\"696af36f\" >\n            <div class=\"woocommerce eael-woo-product-carousel eael-product-appender-696af36f eael-hover-buttons swiper swiper-8 swiper-container-696af36f swiper-image-stretch\" data-pagination=\".swiper-pagination-696af36f\" data-arrow-next=\".swiper-button-next-696af36f\" data-arrow-prev=\".swiper-button-prev-696af36f\" data-type=\"preset-3\" data-effect=\"slide\" data-items=\"2\" data-slide-items=\"1\" data-items-mobile=\"1\" data-items-tablet=\"1\" data-margin=\"10\" data-speed=\"400\" data-autoplay=\"2000\" data-pause-on-hover=\"true\" data-arrows=\"1\"><div class=\"products swiper-wrapper\">    <div class=\"product swiper-slide post-7167 type-product status-publish has-post-thumbnail product_cat-cervezas-lager product_cat-pilsner-urquell product_cat-recomendacion-beernation product_cat-republica-checa-origen pa_cervecerias-pilsner-urquell pa_filtroestilos-filtroestilo-lager pa_filtroorigen-republica-checa first instock featured purchasable product-type-simple\">\n        <div class=\"eael-product-carousel\">\n            <div class=\"product-image-wrap\">\n                <div class=\"image-wrap\">\n                    <a href=\"https:\/\/beernation.gt\/en\/product\/pu-the-original-urquell\/\" class=\"woocommerce-LoopProduct-link woocommerce-loop-product__link\"><img fetchpriority=\"high\" decoding=\"async\" width=\"258\" height=\"300\" src=\"https:\/\/beernation.gt\/wp-content\/uploads\/2025\/04\/fotos-productos-2-258x300.png\" class=\"attachment-medium size-medium\" alt=\"Pilsner Urquell\" loading=\"eager\" srcset=\"https:\/\/beernation.gt\/wp-content\/uploads\/2025\/04\/fotos-productos-2-258x300.png 258w, https:\/\/beernation.gt\/wp-content\/uploads\/2025\/04\/fotos-productos-2-500x583.png 500w, https:\/\/beernation.gt\/wp-content\/uploads\/2025\/04\/fotos-productos-2-300x350.png 300w, https:\/\/beernation.gt\/wp-content\/uploads\/2025\/04\/fotos-productos-2.png 600w\" sizes=\"(max-width: 258px) 100vw, 258px\" \/><\/a>                <\/div>\n                <div class=\"image-hover-wrap\">\n                    <ul class=\"icons-wrap block-style\">\n                                                    <li class=\"add-to-cart\"><a href=\"\/en\/wp-json\/wp\/v2\/pages\/9686?add-to-cart=7167\" aria-describedby=\"woocommerce_loop_add_to_cart_link_describedby_7167\" data-quantity=\"1\" class=\"button product_type_simple add_to_cart_button ajax_add_to_cart\" data-product_id=\"7167\" data-product_sku=\"PIL-001\" aria-label=\"Add to cart: \u201cPilsner Urquell\u201d\" rel=\"nofollow\" data-success_message=\"\u201cPilsner Urquell\u201d has been added to your cart\" role=\"button\" data-no-translation=\"\" data-trp-gettext=\"\" data-no-translation-aria-label=\"\" data-no-translation-data-success_message=\"\">Add to cart<\/a>\t<span id=\"woocommerce_loop_add_to_cart_link_describedby_7167\" class=\"screen-reader-text\">\n\t\t\t<\/span>\n<\/li>\n                        \t                                                <li class=\"eael-product-quick-view\">\n                                <a id=\"eael_quick_view_69f6104c3c28a\" data-quickview-setting=\"{&quot;widget_id&quot;:&quot;696af36f&quot;,&quot;product_id&quot;:7167,&quot;page_id&quot;:9686}\"\n                                   class=\"open-popup-link\">\n                                    <i class=\"fas fa-eye\"><\/i>\n                                <\/a>\n                            <\/li>\n\t                                            <li class=\"view-details\"><a href=\"https:\/\/beernation.gt\/en\/product\/pu-the-original-urquell\/\"><i class=\"fas fa-link\"><\/i><\/a><\/li>\n\n                    <\/ul>\n                                    <\/div>\n            <\/div>\n            <div class=\"product-details-wrap\">\n\t            <div class=\"eael-product-title\"><a href=\"https:\/\/beernation.gt\/en\/product\/pu-the-original-urquell\/\" class=\"woocommerce-LoopProduct-link woocommerce-loop-product__link\"><h2>Pilsner Urquell<\/h2><\/a><\/div><div class=\"eael-product-price\"><span class=\"woocommerce-Price-amount amount\"><bdi><span class=\"woocommerce-Price-currencySymbol\">Q<\/span>35.00<\/bdi><\/span><\/div>\n            <\/div>\n        <\/div>\n\t<\/div>\n    <\/div><\/div>                        <!-- Add Arrows -->\n            <div class=\"swiper-button-next swiper-button-next-696af36f\">\n                <i class=\"fa fa-angle-right\"><\/i>\n            <\/div>\n            <div class=\"swiper-button-prev swiper-button-prev-696af36f\">\n                <i class=\"fa fa-angle-left\"><\/i>\n            <\/div>\n                    <\/div>\n        \t\t\t\t<\/div>\n\t\t\t\t<\/div>\n\t\t\t\t\t<\/div>\n\t\t\t\t<\/div>\n\t\t<div class=\"elementor-element elementor-element-86c5873 animated-slow e-flex e-con-boxed elementor-invisible e-con e-child\" data-id=\"86c5873\" data-element_type=\"container\" data-e-type=\"container\" data-settings=\"{&quot;animation&quot;:&quot;fadeInLeft&quot;}\">\n\t\t\t\t\t<div class=\"e-con-inner\">\n\t\t<div class=\"elementor-element elementor-element-b1d8733 e-flex e-con-boxed e-con e-child\" data-id=\"b1d8733\" data-element_type=\"container\" data-e-type=\"container\">\n\t\t\t\t\t<div class=\"e-con-inner\">\n\t\t\t\t<div class=\"elementor-element elementor-element-4c6852f elementor-widget elementor-widget-heading\" data-id=\"4c6852f\" data-element_type=\"widget\" data-e-type=\"widget\" data-widget_type=\"heading.default\">\n\t\t\t\t<div class=\"elementor-widget-container\">\n\t\t\t\t\t<h2 class=\"elementor-heading-title elementor-size-default\">Premium Pilsner (Grolsch)<\/h2>\t\t\t\t<\/div>\n\t\t\t\t<\/div>\n\t\t\t\t<div class=\"elementor-element elementor-element-eecae62 elementor-widget-mobile__width-inherit elementor-widget elementor-widget-text-editor\" data-id=\"eecae62\" data-element_type=\"widget\" data-e-type=\"widget\" data-widget_type=\"text-editor.default\">\n\t\t\t\t<div class=\"elementor-widget-container\">\n\t\t\t\t\t\t\t\t\t<p>La cerveza holandesa con m\u00e1s de 400 a\u00f1os de innovaci\u00f3n y su famoso sello de doble lupulado.<\/p>\t\t\t\t\t\t\t\t<\/div>\n\t\t\t\t<\/div>\n\t\t\t\t\t<\/div>\n\t\t\t\t<\/div>\n\t\t\t\t<div class=\"elementor-element elementor-element-7f40d3b elementor-widget__width-initial elementor-widget-mobile__width-inherit elementor-widget elementor-widget-eael-woo-product-carousel\" data-id=\"7f40d3b\" data-element_type=\"widget\" data-e-type=\"widget\" data-widget_type=\"eael-woo-product-carousel.default\">\n\t\t\t\t<div class=\"elementor-widget-container\">\n\t\t\t\t\t\n        <div class=\"swiper-container-wrap eael-woo-product-carousel-container preset-3\" id=\"eael-product-carousel-7f40d3b\" data-widget-id=\"7f40d3b\" >\n            <div class=\"woocommerce eael-woo-product-carousel eael-product-appender-7f40d3b eael-hover-buttons swiper swiper-8 swiper-container-7f40d3b swiper-image-stretch\" data-pagination=\".swiper-pagination-7f40d3b\" data-arrow-next=\".swiper-button-next-7f40d3b\" data-arrow-prev=\".swiper-button-prev-7f40d3b\" data-type=\"preset-3\" data-effect=\"slide\" data-items=\"2\" data-slide-items=\"1\" data-items-mobile=\"1\" data-items-tablet=\"1\" data-margin=\"10\" data-speed=\"400\" data-autoplay=\"2000\" data-pause-on-hover=\"true\" data-arrows=\"1\"><div class=\"products swiper-wrapper\">    <div class=\"product swiper-slide post-8151 type-product status-publish has-post-thumbnail product_cat-grolsch product_cat-cervezas-lager product_cat-paises-bajos pa_cervecerias-grolsch pa_filtroestilos-filtroestilo-trigo-weissbier pa_filtroorigen-filtroorigen-alemania  outofstock featured shipping-taxable purchasable product-type-simple\">\n        <div class=\"eael-product-carousel\">\n            <div class=\"product-image-wrap\">\n                <div class=\"image-wrap\">\n                    <span class=\"eael-onsale outofstock sale-preset-5\">Stock Out<\/span><a href=\"https:\/\/beernation.gt\/en\/product\/premium-pilsner-grolsch\/\" class=\"woocommerce-LoopProduct-link woocommerce-loop-product__link\"><img decoding=\"async\" width=\"258\" height=\"300\" src=\"https:\/\/beernation.gt\/wp-content\/uploads\/2025\/07\/1000254827-258x300.png\" class=\"attachment-medium size-medium\" alt=\"Premium Pilsner (Grolsch)\" loading=\"eager\" srcset=\"https:\/\/beernation.gt\/wp-content\/uploads\/2025\/07\/1000254827-258x300.png 258w, https:\/\/beernation.gt\/wp-content\/uploads\/2025\/07\/1000254827-500x583.png 500w, https:\/\/beernation.gt\/wp-content\/uploads\/2025\/07\/1000254827-300x350.png 300w, https:\/\/beernation.gt\/wp-content\/uploads\/2025\/07\/1000254827.png 600w\" sizes=\"(max-width: 258px) 100vw, 258px\" \/><\/a>                <\/div>\n                <div class=\"image-hover-wrap\">\n                    <ul class=\"icons-wrap block-style\">\n                                                    <li class=\"add-to-cart\"><a href=\"https:\/\/beernation.gt\/en\/product\/premium-pilsner-grolsch\/\" aria-describedby=\"woocommerce_loop_add_to_cart_link_describedby_8151\" data-quantity=\"1\" class=\"button product_type_simple\" data-product_id=\"8151\" data-product_sku=\"GRO-001\" aria-label=\"Read more about \u201cPremium Pilsner (Grolsch)\u201d\" rel=\"nofollow\" data-success_message=\"\" data-no-translation=\"\" data-trp-gettext=\"\" data-no-translation-aria-label=\"\">Read more<\/a>\t<span id=\"woocommerce_loop_add_to_cart_link_describedby_8151\" class=\"screen-reader-text\">\n\t\t\t<\/span>\n<\/li>\n                        \t                                                <li class=\"eael-product-quick-view\">\n                                <a id=\"eael_quick_view_69f6104c4133d\" data-quickview-setting=\"{&quot;widget_id&quot;:&quot;7f40d3b&quot;,&quot;product_id&quot;:8151,&quot;page_id&quot;:9686}\"\n                                   class=\"open-popup-link\">\n                                    <i class=\"fas fa-eye\"><\/i>\n                                <\/a>\n                            <\/li>\n\t                                            <li class=\"view-details\"><a href=\"https:\/\/beernation.gt\/en\/product\/premium-pilsner-grolsch\/\"><i class=\"fas fa-link\"><\/i><\/a><\/li>\n\n                    <\/ul>\n                                    <\/div>\n            <\/div>\n            <div class=\"product-details-wrap\">\n\t            <div class=\"eael-product-title\"><a href=\"https:\/\/beernation.gt\/en\/product\/premium-pilsner-grolsch\/\" class=\"woocommerce-LoopProduct-link woocommerce-loop-product__link\"><h2>Premium Pilsner (Grolsch)<\/h2><\/a><\/div><div class=\"eael-product-price\"><span class=\"woocommerce-Price-amount amount\"><bdi><span class=\"woocommerce-Price-currencySymbol\">Q<\/span>52.00<\/bdi><\/span><\/div>\n            <\/div>\n        <\/div>\n\t<\/div>\n    <\/div><\/div>                        <!-- Add Arrows -->\n            <div class=\"swiper-button-next swiper-button-next-7f40d3b\">\n                <i class=\"fa fa-angle-right\"><\/i>\n            <\/div>\n            <div class=\"swiper-button-prev swiper-button-prev-7f40d3b\">\n                <i class=\"fa fa-angle-left\"><\/i>\n            <\/div>\n                    <\/div>\n        \t\t\t\t<\/div>\n\t\t\t\t<\/div>\n\t\t\t\t\t<\/div>\n\t\t\t\t<\/div>\n\t\t<div class=\"elementor-element elementor-element-37e045a e-flex e-con-boxed e-con e-parent\" data-id=\"37e045a\" data-element_type=\"container\" data-e-type=\"container\">\n\t\t\t\t\t<div class=\"e-con-inner\">\n\t\t<div class=\"elementor-element elementor-element-88d4e58 e-con-full e-flex e-con e-child\" data-id=\"88d4e58\" data-element_type=\"container\" data-e-type=\"container\">\n\t\t<div class=\"elementor-element elementor-element-489a560 e-grid e-con-full e-con e-child\" data-id=\"489a560\" data-element_type=\"container\" data-e-type=\"container\">\n\t\t\t\t<div class=\"elementor-element elementor-element-01af7c4 elementor-widget elementor-widget-text-editor\" data-id=\"01af7c4\" data-element_type=\"widget\" data-e-type=\"widget\" data-widget_type=\"text-editor.default\">\n\t\t\t\t<div class=\"elementor-widget-container\">\n\t\t\t\t\t\t\t\t\t<p>\u00abEL EXCESO EN EL CONSUMO DE ESTOS PRODUCTOS ES DA\u00d1INO PARA LA SALUD DEL CONSUMIDOR\u00bb decreto 90-97<!--\/data\/user\/0\/com.samsung.android.app.notes\/files\/clipdata\/clipdata_bodytext_241211_230343_884.sdocx--><\/p>\t\t\t\t\t\t\t\t<\/div>\n\t\t\t\t<\/div>\n\t\t\t\t<\/div>\n\t\t\t\t<\/div>\n\t\t\t\t\t<\/div>\n\t\t\t\t<\/div>\n\t\t\t\t<\/div>","protected":false},"excerpt":{"rendered":"<p>Emb\u00e1rcate en un viaje cervecero global sin salir de Guatemala. Nuestra selecci\u00f3n de cervezas importadas re\u00fane lo mejor de las tradiciones cerveceras del mundo, incluyendo joyas de la Rep\u00fablica Checa y Pa\u00edses Bajos. Desde la Pilsner Urquell, la pilsner original que defini\u00f3 un estilo, hasta la ic\u00f3nica Grolsch con su doble lupulado y botella swing-top, cada botella cuenta una historia de maestr\u00eda y sabor inigualable. Explora estilos legendarios, sabores complejos e ingredientes de la m\u00e1s alta calidad. Compra cervezas importadas artesanales y de renombre mundial en nuestra tienda online y disfruta de una experiencia cervecera aut\u00e9ntica en la comodidad de tu hogar.<\/p>","protected":false},"author":1,"featured_media":0,"parent":2286,"menu_order":0,"comment_status":"closed","ping_status":"closed","template":"elementor_header_footer","meta":{"_eb_attr":"","footnotes":""},"class_list":["post-9686","page","type-page","status-publish","hentry"],"blocksy_meta":[],"jetpack_sharing_enabled":true,"_links":{"self":[{"href":"https:\/\/beernation.gt\/en\/wp-json\/wp\/v2\/pages\/9686","targetHints":{"allow":["GET"]}}],"collection":[{"href":"https:\/\/beernation.gt\/en\/wp-json\/wp\/v2\/pages"}],"about":[{"href":"https:\/\/beernation.gt\/en\/wp-json\/wp\/v2\/types\/page"}],"author":[{"embeddable":true,"href":"https:\/\/beernation.gt\/en\/wp-json\/wp\/v2\/users\/1"}],"replies":[{"embeddable":true,"href":"https:\/\/beernation.gt\/en\/wp-json\/wp\/v2\/comments?post=9686"}],"version-history":[{"count":15,"href":"https:\/\/beernation.gt\/en\/wp-json\/wp\/v2\/pages\/9686\/revisions"}],"predecessor-version":[{"id":9708,"href":"https:\/\/beernation.gt\/en\/wp-json\/wp\/v2\/pages\/9686\/revisions\/9708"}],"up":[{"embeddable":true,"href":"https:\/\/beernation.gt\/en\/wp-json\/wp\/v2\/pages\/2286"}],"wp:attachment":[{"href":"https:\/\/beernation.gt\/en\/wp-json\/wp\/v2\/media?parent=9686"}],"curies":[{"name":"wp","href":"https:\/\/api.w.org\/{rel}","templated":true}]}}