{"id":10146,"date":"2025-12-05T19:24:10","date_gmt":"2025-12-05T19:24:10","guid":{"rendered":"https:\/\/beernation.gt\/?post_type=product&#038;p=10146"},"modified":"2026-04-27T18:22:49","modified_gmt":"2026-04-27T18:22:49","slug":"st-peters-christmas-ale","status":"publish","type":"product","link":"https:\/\/beernation.gt\/en\/product\/st-peters-christmas-ale\/","title":{"rendered":"Christmas Ale"},"content":{"rendered":"","protected":false},"excerpt":{"rendered":"<p data-pm-slice=\"1 1 []\"><strong>500ml \/ 50cl<\/strong><br \/>\nABV: 7<br \/>\nEstilo: Winter Ale<br \/>\nCervecer\u00eda: St. Peters<br \/>\nOrigen: Inglaterra<\/p>\n<p><strong>Appearance: <\/strong>De color \u00e1mbar oscuro, intenso y profundo. De espuma beige oscura, cremosa y de retenci\u00f3n media o baja.<\/p>\n<p data-pm-slice=\"1 1 []\"><strong>Aroma: <\/strong>Toffee, caramelo, malta tostada, frutas secas, especias navide\u00f1as (canela, jengibre) y un toque a tarta de Navidad.<\/p>\n<p data-pm-slice=\"1 1 []\"><strong>Taste Profile: <\/strong>Sabores ricos y suaves de frutas navide\u00f1as y especias. Resaltan el caramelo, el toffee, el chocolate con licor y las frutas oscuras (ciruelas pasas, grosellas). Presenta un gusto inicial dulce (de medio a medio-alto) que se equilibra con un amargor delicado y controlado hacia el final. Es c\u00e1lida al paladar, con una sensaci\u00f3n alcoh\u00f3lica bien integrada. Final seco y afrutado, con notas tostadas y un ligero amargor terroso t\u00edpico de los l\u00fapulos ingleses.<\/p>\n<p data-pm-slice=\"1 1 []\"><strong>Perfect Pairings: <\/strong>Esta ale rica en especias y caramelo armoniza perfectamente con platos principales robustos como asados (cerdo, venado o jam\u00f3n de Navidad) y estofados con especias. Postres navide\u00f1os como tarta de frutas, pudding de Navidad, gingerbread (pan de jengibre) o dulces a base de caramelo y chocolate. Tambi\u00e9n con quesos azules potentes o quesos duros curados.<\/p>","protected":false},"featured_media":10147,"comment_status":"open","ping_status":"closed","template":"","meta":{"_eb_attr":""},"product_brand":[],"product_cat":[69,166,156],"product_tag":[],"class_list":{"0":"post-10146","1":"product","2":"type-product","3":"status-publish","4":"has-post-thumbnail","6":"product_cat-cervezas-brown-amber","7":"product_cat-reino-unido","8":"product_cat-st-peters","9":"pa_cervecerias-st-peters","10":"pa_filtroestilos-filtroestilo-brown-amber-ale","11":"pa_filtroorigen-inglaterra","13":"first","14":"instock","15":"featured","16":"shipping-taxable","17":"purchasable","18":"product-type-simple"},"jetpack_sharing_enabled":true,"_links":{"self":[{"href":"https:\/\/beernation.gt\/en\/wp-json\/wp\/v2\/product\/10146","targetHints":{"allow":["GET"]}}],"collection":[{"href":"https:\/\/beernation.gt\/en\/wp-json\/wp\/v2\/product"}],"about":[{"href":"https:\/\/beernation.gt\/en\/wp-json\/wp\/v2\/types\/product"}],"replies":[{"embeddable":true,"href":"https:\/\/beernation.gt\/en\/wp-json\/wp\/v2\/comments?post=10146"}],"wp:featuredmedia":[{"embeddable":true,"href":"https:\/\/beernation.gt\/en\/wp-json\/wp\/v2\/media\/10147"}],"wp:attachment":[{"href":"https:\/\/beernation.gt\/en\/wp-json\/wp\/v2\/media?parent=10146"}],"wp:term":[{"taxonomy":"product_brand","embeddable":true,"href":"https:\/\/beernation.gt\/en\/wp-json\/wp\/v2\/product_brand?post=10146"},{"taxonomy":"product_cat","embeddable":true,"href":"https:\/\/beernation.gt\/en\/wp-json\/wp\/v2\/product_cat?post=10146"},{"taxonomy":"product_tag","embeddable":true,"href":"https:\/\/beernation.gt\/en\/wp-json\/wp\/v2\/product_tag?post=10146"}],"curies":[{"name":"wp","href":"https:\/\/api.w.org\/{rel}","templated":true}]}}