{"id":10211,"date":"2025-12-06T16:48:53","date_gmt":"2025-12-06T16:48:53","guid":{"rendered":"https:\/\/beernation.gt\/?post_type=product&#038;p=10211"},"modified":"2026-03-16T23:00:23","modified_gmt":"2026-03-16T23:00:23","slug":"star-brewing-la-demandante-barrel-aged","status":"publish","type":"product","link":"https:\/\/beernation.gt\/en\/product\/star-brewing-la-demandante-barrel-aged\/","title":{"rendered":"La Demandante Barrel Aged 750ml"},"content":{"rendered":"","protected":false},"excerpt":{"rendered":"<p><strong>750ml<\/strong><br \/>\nABV: 9.8 \/ IBU: 50<br \/>\nEstilo: Imperial Stout<br \/>\nCervecer\u00eda: Star Brewing<br \/>\nOrigen: Guatemala<\/p>\n<p><strong>Apariencia<\/strong>: De color negro azabache profundo, opaco y denso, que no permite el paso de la luz.<\/p>\n<p><strong>Aroma<\/strong>: Cacao oscuro, chocolate amargo, notas de caf\u00e9 y melaza. Tambi\u00e9n se perciben notas de ciruelas, higos, a\u00f1adiendo una dulzura compleja. La barrica aporta vainilla, coco y notas dulces y suaves provenientes del roble tostado.<\/p>\n<p><strong>Sabor<\/strong>: De sabor intenso y complejo dominado por la riqueza del chocolate amargo y el caf\u00e9 tostado de la malta. Las barricas de roble americano aportan una calidez licorosa con notas de vainilla, caramelo y un toque de fruta oscura (pasas), mientras que el distintivo humo sutil a mezquite del whiskey Del Bac se integra al final, creando un equilibrio audaz entre el dulzor maltoso y un acabado largo, c\u00e1lido y ligeramente ahumado.<\/p>\n<p><strong>Maridaje<\/strong>: La Demandante Barrel Aged es perfecta para acompa\u00f1ar postres ricos como un cheesecake de chocolate negro, brownies densos o tarta de pecan, donde la calidez del alcohol equilibra la dulzura. En cuanto a salados, armoniza bien con carnes a la parrilla o ahumadas como brisket o costillas, ya que el caracter\u00edstico humo de mezquite del Del Bac complementa la carne. Finalmente, es una excelente pareja para quesos azules fuertes o a\u00f1ejos, donde el contraste entre el dulzor de la cerveza y la salinidad del queso crea un balance perfecto.<\/p>","protected":false},"featured_media":10212,"comment_status":"open","ping_status":"closed","template":"","meta":{"_eb_attr":""},"product_brand":[],"product_cat":[33,232,145,65,267,48],"product_tag":[120],"class_list":{"0":"post-10211","1":"product","2":"type-product","3":"status-publish","4":"has-post-thumbnail","6":"product_cat-cervezas-guatemaltecas","7":"product_cat-new-in-town","8":"product_cat-novedades","9":"product_cat-cervezas-porter-stout","10":"product_cat-regalos-navidenos","11":"product_cat-star-brewing","12":"product_tag-new-in-town","13":"pa_cervecerias-cerveceria-star-brewing","14":"pa_filtroestilos-filtroestilo-porter-stout","15":"pa_filtroorigen-filtroorigen-guatemala","17":"first","18":"outofstock","19":"featured","20":"shipping-taxable","21":"purchasable","22":"product-type-simple"},"jetpack_sharing_enabled":true,"_links":{"self":[{"href":"https:\/\/beernation.gt\/en\/wp-json\/wp\/v2\/product\/10211","targetHints":{"allow":["GET"]}}],"collection":[{"href":"https:\/\/beernation.gt\/en\/wp-json\/wp\/v2\/product"}],"about":[{"href":"https:\/\/beernation.gt\/en\/wp-json\/wp\/v2\/types\/product"}],"replies":[{"embeddable":true,"href":"https:\/\/beernation.gt\/en\/wp-json\/wp\/v2\/comments?post=10211"}],"wp:featuredmedia":[{"embeddable":true,"href":"https:\/\/beernation.gt\/en\/wp-json\/wp\/v2\/media\/10212"}],"wp:attachment":[{"href":"https:\/\/beernation.gt\/en\/wp-json\/wp\/v2\/media?parent=10211"}],"wp:term":[{"taxonomy":"product_brand","embeddable":true,"href":"https:\/\/beernation.gt\/en\/wp-json\/wp\/v2\/product_brand?post=10211"},{"taxonomy":"product_cat","embeddable":true,"href":"https:\/\/beernation.gt\/en\/wp-json\/wp\/v2\/product_cat?post=10211"},{"taxonomy":"product_tag","embeddable":true,"href":"https:\/\/beernation.gt\/en\/wp-json\/wp\/v2\/product_tag?post=10211"}],"curies":[{"name":"wp","href":"https:\/\/api.w.org\/{rel}","templated":true}]}}