{"id":10663,"date":"2026-01-07T00:20:16","date_gmt":"2026-01-07T00:20:16","guid":{"rendered":"https:\/\/beernation.gt\/?post_type=product&#038;p=10663"},"modified":"2026-04-26T17:48:12","modified_gmt":"2026-04-26T17:48:12","slug":"el-bufon-baron-brewing-co","status":"publish","type":"product","link":"https:\/\/beernation.gt\/en\/product\/el-bufon-baron-brewing-co\/","title":{"rendered":"El Buf\u00f3n"},"content":{"rendered":"","protected":false},"excerpt":{"rendered":"<p data-pm-slice=\"1 1 []\"><strong>355ml \/ 12fl oz<\/strong><br \/>\nABV: 5.0<br \/>\nEstilo: Brown Ale<br \/>\nCervecer\u00eda: Baron Brewing Co.<br \/>\nOrigen: Guatemala<\/p>\n<p><strong>Appearance: <\/strong>Presenta con un color marr\u00f3n profundo y destellos cobrizos, coronada por una espuma persistente.<\/p>\n<p data-pm-slice=\"1 1 []\"><strong>Aroma: <\/strong>En nariz, predominan las maltas tostadas que evocan chocolate amargo y granos de caf\u00e9 reci\u00e9n tostado.<\/p>\n<p data-pm-slice=\"1 1 []\"><strong>Taste Profile: <\/strong>En paladar, se replican las notas olfativas, chocolate y granos de caf\u00e9 reci\u00e9n tostado, con un final seco y un amargor l\u00fapulado moderado que equilibra su cuerpo medio.<\/p>\n<p data-pm-slice=\"1 1 []\"><strong>Perfect Pairings:\u00a0<\/strong>Para el maridaje, es ideal acompa\u00f1arla con carnes a la brasa o ahumadas, hamburguesas con queso cheddar curado, o postres a base de frutos secos y vainilla que realcen su car\u00e1cter torrefacto.<\/p>","protected":false},"featured_media":10664,"comment_status":"open","ping_status":"closed","template":"","meta":{"_eb_attr":""},"product_brand":[],"product_cat":[223,69,33],"product_tag":[239],"class_list":{"0":"post-10663","1":"product","2":"type-product","3":"status-publish","4":"has-post-thumbnail","6":"product_cat-baron-brewing-co","7":"product_cat-cervezas-brown-amber","8":"product_cat-cervezas-guatemaltecas","9":"product_tag-otras-ipa","10":"pa_cervecerias-baron-brewing-company","11":"pa_filtroestilos-filtroestilo-brown-amber-ale","12":"pa_filtroorigen-filtroorigen-guatemala","14":"first","15":"instock","16":"featured","17":"shipping-taxable","18":"purchasable","19":"product-type-simple"},"jetpack_sharing_enabled":true,"_links":{"self":[{"href":"https:\/\/beernation.gt\/en\/wp-json\/wp\/v2\/product\/10663","targetHints":{"allow":["GET"]}}],"collection":[{"href":"https:\/\/beernation.gt\/en\/wp-json\/wp\/v2\/product"}],"about":[{"href":"https:\/\/beernation.gt\/en\/wp-json\/wp\/v2\/types\/product"}],"replies":[{"embeddable":true,"href":"https:\/\/beernation.gt\/en\/wp-json\/wp\/v2\/comments?post=10663"}],"wp:featuredmedia":[{"embeddable":true,"href":"https:\/\/beernation.gt\/en\/wp-json\/wp\/v2\/media\/10664"}],"wp:attachment":[{"href":"https:\/\/beernation.gt\/en\/wp-json\/wp\/v2\/media?parent=10663"}],"wp:term":[{"taxonomy":"product_brand","embeddable":true,"href":"https:\/\/beernation.gt\/en\/wp-json\/wp\/v2\/product_brand?post=10663"},{"taxonomy":"product_cat","embeddable":true,"href":"https:\/\/beernation.gt\/en\/wp-json\/wp\/v2\/product_cat?post=10663"},{"taxonomy":"product_tag","embeddable":true,"href":"https:\/\/beernation.gt\/en\/wp-json\/wp\/v2\/product_tag?post=10663"}],"curies":[{"name":"wp","href":"https:\/\/api.w.org\/{rel}","templated":true}]}}