{"id":10696,"date":"2026-01-08T16:16:24","date_gmt":"2026-01-08T16:16:24","guid":{"rendered":"https:\/\/beernation.gt\/?post_type=product&#038;p=10696"},"modified":"2026-04-26T17:47:55","modified_gmt":"2026-04-26T17:47:55","slug":"cardes-brewing-co-legacy","status":"publish","type":"product","link":"https:\/\/beernation.gt\/en\/product\/cardes-brewing-co-legacy\/","title":{"rendered":"Legacy"},"content":{"rendered":"","protected":false},"excerpt":{"rendered":"<p data-pm-slice=\"1 1 []\"><strong>355ml \/ 12fl oz<\/strong><br \/>\nABV: 5.0 \/ IBU: 18<br \/>\nEstilo: Lager<br \/>\nCervecer\u00eda: Cardes Brewing Co.<br \/>\nOrigen: Guatemala<\/p>\n<p><strong>Appearance: <\/strong>De color amarillo p\u00e1lido, brillante con espuma blanca.<\/p>\n<p data-pm-slice=\"1 1 []\"><strong>Aroma:\u00a0<\/strong>Malta moderada. L\u00fapulo moderadamente bajo con car\u00e1cter especiado, floral o herb\u00e1ceo. Perfil de fermentaci\u00f3n limpio y agradable.<\/p>\n<p data-pm-slice=\"1 1 []\"><strong>Taste Profile:\u00a0<\/strong>Sabor de malta moderado apoyado con un amargor moderadamente bajo y un final suave y seco. En el paladar la malta domina al l\u00fapulo manteniendo la impresi\u00f3n de maltosidad. perfil de fermentaci\u00f3n limpio.<\/p>\n<p data-pm-slice=\"1 1 []\"><strong>Perfect Pairings:\u00a0<\/strong>Carnes blancas, embutidos, mariscos, quesos suaves y cremosos.<\/p>","protected":false},"featured_media":10697,"comment_status":"open","ping_status":"closed","template":"","meta":{"_eb_attr":""},"product_brand":[],"product_cat":[271,33,64],"product_tag":[],"class_list":{"0":"post-10696","1":"product","2":"type-product","3":"status-publish","4":"has-post-thumbnail","6":"product_cat-cardes-brewing-co","7":"product_cat-cervezas-guatemaltecas","8":"product_cat-cervezas-lager","9":"pa_cervecerias-cardes-brewing-co","10":"pa_filtroestilos-filtroestilo-lager","11":"pa_filtroorigen-filtroorigen-guatemala","13":"first","14":"instock","15":"featured","16":"shipping-taxable","17":"purchasable","18":"product-type-simple"},"jetpack_sharing_enabled":true,"_links":{"self":[{"href":"https:\/\/beernation.gt\/en\/wp-json\/wp\/v2\/product\/10696","targetHints":{"allow":["GET"]}}],"collection":[{"href":"https:\/\/beernation.gt\/en\/wp-json\/wp\/v2\/product"}],"about":[{"href":"https:\/\/beernation.gt\/en\/wp-json\/wp\/v2\/types\/product"}],"replies":[{"embeddable":true,"href":"https:\/\/beernation.gt\/en\/wp-json\/wp\/v2\/comments?post=10696"}],"wp:featuredmedia":[{"embeddable":true,"href":"https:\/\/beernation.gt\/en\/wp-json\/wp\/v2\/media\/10697"}],"wp:attachment":[{"href":"https:\/\/beernation.gt\/en\/wp-json\/wp\/v2\/media?parent=10696"}],"wp:term":[{"taxonomy":"product_brand","embeddable":true,"href":"https:\/\/beernation.gt\/en\/wp-json\/wp\/v2\/product_brand?post=10696"},{"taxonomy":"product_cat","embeddable":true,"href":"https:\/\/beernation.gt\/en\/wp-json\/wp\/v2\/product_cat?post=10696"},{"taxonomy":"product_tag","embeddable":true,"href":"https:\/\/beernation.gt\/en\/wp-json\/wp\/v2\/product_tag?post=10696"}],"curies":[{"name":"wp","href":"https:\/\/api.w.org\/{rel}","templated":true}]}}