{"id":10698,"date":"2026-01-08T16:16:38","date_gmt":"2026-01-08T16:16:38","guid":{"rendered":"https:\/\/beernation.gt\/?post_type=product&#038;p=10698"},"modified":"2026-04-26T17:47:47","modified_gmt":"2026-04-26T17:47:47","slug":"cardes-brewing-co-bros","status":"publish","type":"product","link":"https:\/\/beernation.gt\/en\/product\/cardes-brewing-co-bros\/","title":{"rendered":"Bros"},"content":{"rendered":"","protected":false},"excerpt":{"rendered":"<p data-pm-slice=\"1 1 []\"><strong>355ml \/ 12fl oz<\/strong><br \/>\nABV: 6.0 \/ IBU: 65<br \/>\nEstilo: IPA<br \/>\nCervecer\u00eda: Cardes Brewing Co.<br \/>\nOrigen: Guatemala<\/p>\n<p><strong>Appearance:\u00a0<\/strong>Color de dorado medio a \u00e1mbar rojizo claro con espuma mediana.<\/p>\n<p data-pm-slice=\"1 1 []\"><strong>Aroma: <\/strong>L\u00fapulos americanos muy presentes, aromas c\u00edtricos, frutales, florales, tropicales, as\u00ed como aromas pinosos y resinosos con Maltosidad baja.<\/p>\n<p data-pm-slice=\"1 1 []\"><strong>Taste Profile:\u00a0<\/strong>L\u00fapulo de medio a muy alto, Maltosidad de baja a media baja, limpia y granosa. Final de seco a semi seco. Retrogusto lupulado y amargo, con malta de apoyo. Cuerpo medio, carbonataci\u00f3n media, amargor alto a muy alto.<\/p>\n<p data-pm-slice=\"1 1 []\"><strong>Perfect Pairings:\u00a0<\/strong>Hamburguesas, pizzas y alitas de pollo; quesos con sabor intenso, comida picante y\/o comida asi\u00e1tica.<\/p>","protected":false},"featured_media":10699,"comment_status":"open","ping_status":"closed","template":"","meta":{"_eb_attr":""},"product_brand":[],"product_cat":[271,33,63],"product_tag":[],"class_list":{"0":"post-10698","1":"product","2":"type-product","3":"status-publish","4":"has-post-thumbnail","6":"product_cat-cardes-brewing-co","7":"product_cat-cervezas-guatemaltecas","8":"product_cat-cervezas-ipa","9":"pa_cervecerias-cardes-brewing-co","10":"pa_filtroestilos-filtroestilo-ipa","11":"pa_filtroorigen-filtroorigen-guatemala","13":"first","14":"instock","15":"featured","16":"shipping-taxable","17":"purchasable","18":"product-type-simple"},"jetpack_sharing_enabled":true,"_links":{"self":[{"href":"https:\/\/beernation.gt\/en\/wp-json\/wp\/v2\/product\/10698","targetHints":{"allow":["GET"]}}],"collection":[{"href":"https:\/\/beernation.gt\/en\/wp-json\/wp\/v2\/product"}],"about":[{"href":"https:\/\/beernation.gt\/en\/wp-json\/wp\/v2\/types\/product"}],"replies":[{"embeddable":true,"href":"https:\/\/beernation.gt\/en\/wp-json\/wp\/v2\/comments?post=10698"}],"wp:featuredmedia":[{"embeddable":true,"href":"https:\/\/beernation.gt\/en\/wp-json\/wp\/v2\/media\/10699"}],"wp:attachment":[{"href":"https:\/\/beernation.gt\/en\/wp-json\/wp\/v2\/media?parent=10698"}],"wp:term":[{"taxonomy":"product_brand","embeddable":true,"href":"https:\/\/beernation.gt\/en\/wp-json\/wp\/v2\/product_brand?post=10698"},{"taxonomy":"product_cat","embeddable":true,"href":"https:\/\/beernation.gt\/en\/wp-json\/wp\/v2\/product_cat?post=10698"},{"taxonomy":"product_tag","embeddable":true,"href":"https:\/\/beernation.gt\/en\/wp-json\/wp\/v2\/product_tag?post=10698"}],"curies":[{"name":"wp","href":"https:\/\/api.w.org\/{rel}","templated":true}]}}