{"id":10806,"date":"2026-01-20T17:00:28","date_gmt":"2026-01-20T17:00:28","guid":{"rendered":"https:\/\/beernation.gt\/?post_type=product&#038;p=10806"},"modified":"2026-03-28T00:10:42","modified_gmt":"2026-03-28T00:10:42","slug":"lagunitas-ipa","status":"publish","type":"product","link":"https:\/\/beernation.gt\/en\/product\/lagunitas-ipa\/","title":{"rendered":"Lagunitas IPA"},"content":{"rendered":"","protected":false},"excerpt":{"rendered":"<p data-pm-slice=\"1 1 []\"><strong>355ml \/ 12fl oz<br \/>\n<\/strong>ABV: 6.2 \/ IBU:51<br \/>\nEstilo: IPA<br \/>\nCervecer\u00eda: Lagunitas<br \/>\nOrigen: Estados Unidos<\/p>\n<p><strong>Appearance:\u00a0<\/strong>Presenta un color dorado cobrizo brillante, muy limpio y cristalino. De espuma blanca, densa y persistente.<\/p>\n<p data-pm-slice=\"1 1 []\"><strong>Aroma: <\/strong>Muy arom\u00e1tica gracias a su generoso dry hopping. Predominan los c\u00edtricos (toronja y c\u00e1scara de naranja) y el pino fresco. Se perciben tambi\u00e9n, matices florales y un fondo dulce que recuerda al caramelo o bizcocho, proveniente de la malta.<\/p>\n<p data-pm-slice=\"1 1 []\"><strong>Taste Profile:\u00a0<\/strong>Comienza con un dulzor maltoso ligero que equilibra el impacto inicial del l\u00fapulo. R\u00e1pidamente aparecen los sabores a resina, pino y c\u00edtricos. En el final, tiene un amargor marcado pero \u00ablimpio\u00bb (no se queda pegado de forma desagradable en la garganta). Su graduaci\u00f3n alcoh\u00f3lica (6.2% ABV) est\u00e1 muy bien integrada, por lo que no se siente \u00abalcoh\u00f3lica\u00bb.<\/p>\n<p data-pm-slice=\"1 1 []\"><strong>Perfect Pairings:\u00a0<\/strong>El amargor de la Lagunitas IPA es ideal para cortar grasas y potenciar sabores intensos:<br \/>\nComida Picante: Es la pareja perfecta para comida mexicana (tacos al pastor, enchiladas) o currys tailandeses. El l\u00fapulo resalta las especias y el picante.<br \/>\nCarnes: Hamburguesas con queso cheddar fuerte, alitas de pollo con salsa b\u00fafalo o costillas a la BBQ.<br \/>\nQuesos: Quesos azules o un Cheddar a\u00f1ejo. El contraste entre la cremosidad del queso y el amargor de la cerveza es excelente.<br \/>\nPlatos fritos: Fish and chips o calamares, ya que el gas y el l\u00fapulo \u00ablimpian\u00bb el paladar de la grasa.<\/p>\n<p data-pm-slice=\"1 1 []\">","protected":false},"featured_media":10807,"comment_status":"open","ping_status":"closed","template":"","meta":{"_eb_attr":""},"product_brand":[],"product_cat":[41,63,275,232,145],"product_tag":[],"class_list":{"0":"post-10806","1":"product","2":"type-product","3":"status-publish","4":"has-post-thumbnail","6":"product_cat-cervezas-estadounidenses","7":"product_cat-cervezas-ipa","8":"product_cat-lagunitas","9":"product_cat-new-in-town","10":"product_cat-novedades","11":"pa_cervecerias-lagunitas","12":"pa_filtroestilos-filtroestilo-ipa","13":"pa_filtroorigen-filtroorigen-estadounidense","15":"first","16":"instock","17":"featured","18":"shipping-taxable","19":"purchasable","20":"product-type-simple"},"jetpack_sharing_enabled":true,"_links":{"self":[{"href":"https:\/\/beernation.gt\/en\/wp-json\/wp\/v2\/product\/10806","targetHints":{"allow":["GET"]}}],"collection":[{"href":"https:\/\/beernation.gt\/en\/wp-json\/wp\/v2\/product"}],"about":[{"href":"https:\/\/beernation.gt\/en\/wp-json\/wp\/v2\/types\/product"}],"replies":[{"embeddable":true,"href":"https:\/\/beernation.gt\/en\/wp-json\/wp\/v2\/comments?post=10806"}],"wp:featuredmedia":[{"embeddable":true,"href":"https:\/\/beernation.gt\/en\/wp-json\/wp\/v2\/media\/10807"}],"wp:attachment":[{"href":"https:\/\/beernation.gt\/en\/wp-json\/wp\/v2\/media?parent=10806"}],"wp:term":[{"taxonomy":"product_brand","embeddable":true,"href":"https:\/\/beernation.gt\/en\/wp-json\/wp\/v2\/product_brand?post=10806"},{"taxonomy":"product_cat","embeddable":true,"href":"https:\/\/beernation.gt\/en\/wp-json\/wp\/v2\/product_cat?post=10806"},{"taxonomy":"product_tag","embeddable":true,"href":"https:\/\/beernation.gt\/en\/wp-json\/wp\/v2\/product_tag?post=10806"}],"curies":[{"name":"wp","href":"https:\/\/api.w.org\/{rel}","templated":true}]}}