{"id":10813,"date":"2026-01-20T17:13:50","date_gmt":"2026-01-20T17:13:50","guid":{"rendered":"https:\/\/beernation.gt\/?post_type=product&#038;p=10813"},"modified":"2026-05-01T17:19:41","modified_gmt":"2026-05-01T17:19:41","slug":"boston-lager-samuel-adams","status":"publish","type":"product","link":"https:\/\/beernation.gt\/en\/product\/boston-lager-samuel-adams\/","title":{"rendered":"Boston Lager"},"content":{"rendered":"","protected":false},"excerpt":{"rendered":"<p data-pm-slice=\"1 1 []\"><strong>473ml \/ 16fl oz<br \/>\n<\/strong>ABV: 5.0 \/ IBU:30<br \/>\nEstilo: Amber Lager \/ Vienna Lager<br \/>\nCervecer\u00eda: Samuel Adams<br \/>\nOrigen: Estados Unidos<\/p>\n<p><strong>Appearance:\u00a0<\/strong>Presenta color \u00e1mbar dorado profundo con una espuma blanca persistente.<\/p>\n<p data-pm-slice=\"1 1 []\"><strong>Aroma:\u00a0<\/strong>En nariz, se destacan notas equilibradas de caramelo y bizcocho provenientes de la malta.<\/p>\n<p data-pm-slice=\"1 1 []\"><strong>Taste Profile:\u00a0<\/strong>En boca destacan notas equilibradas de caramelo y bizcocho provenientes de la malta, contrastadas con un car\u00e1cter floral y ligeramente c\u00edtrico del l\u00fapulo Noble. Su cuerpo es medio con un final limpio y suavemente amargo.<\/p>\n<p data-pm-slice=\"1 1 []\"><strong>Perfect Pairings:\u00a0<\/strong>Marida bien con platos de sabores intensos como hamburguesas a la parrilla, carnes asadas o quesos fuertes como el cheddar a\u00f1ejo, ya que su carbonataci\u00f3n y dulzor maltoso limpian perfectamente el paladar.<\/p>","protected":false},"featured_media":10880,"comment_status":"open","ping_status":"closed","template":"","meta":{"_eb_attr":""},"product_brand":[],"product_cat":[41,64,232,145,277],"product_tag":[],"class_list":{"0":"post-10813","1":"product","2":"type-product","3":"status-publish","4":"has-post-thumbnail","6":"product_cat-cervezas-estadounidenses","7":"product_cat-cervezas-lager","8":"product_cat-new-in-town","9":"product_cat-novedades","10":"product_cat-samuel-adams","11":"pa_cervecerias-samuel-adams","12":"pa_filtroestilos-filtroestilo-lager","13":"pa_filtroorigen-filtroorigen-estadounidense","15":"first","16":"instock","17":"featured","18":"shipping-taxable","19":"purchasable","20":"product-type-simple"},"jetpack_sharing_enabled":true,"_links":{"self":[{"href":"https:\/\/beernation.gt\/en\/wp-json\/wp\/v2\/product\/10813","targetHints":{"allow":["GET"]}}],"collection":[{"href":"https:\/\/beernation.gt\/en\/wp-json\/wp\/v2\/product"}],"about":[{"href":"https:\/\/beernation.gt\/en\/wp-json\/wp\/v2\/types\/product"}],"replies":[{"embeddable":true,"href":"https:\/\/beernation.gt\/en\/wp-json\/wp\/v2\/comments?post=10813"}],"wp:featuredmedia":[{"embeddable":true,"href":"https:\/\/beernation.gt\/en\/wp-json\/wp\/v2\/media\/10880"}],"wp:attachment":[{"href":"https:\/\/beernation.gt\/en\/wp-json\/wp\/v2\/media?parent=10813"}],"wp:term":[{"taxonomy":"product_brand","embeddable":true,"href":"https:\/\/beernation.gt\/en\/wp-json\/wp\/v2\/product_brand?post=10813"},{"taxonomy":"product_cat","embeddable":true,"href":"https:\/\/beernation.gt\/en\/wp-json\/wp\/v2\/product_cat?post=10813"},{"taxonomy":"product_tag","embeddable":true,"href":"https:\/\/beernation.gt\/en\/wp-json\/wp\/v2\/product_tag?post=10813"}],"curies":[{"name":"wp","href":"https:\/\/api.w.org\/{rel}","templated":true}]}}