{"id":10822,"date":"2026-01-20T17:23:01","date_gmt":"2026-01-20T17:23:01","guid":{"rendered":"https:\/\/beernation.gt\/?post_type=product&#038;p=10822"},"modified":"2026-04-26T17:44:48","modified_gmt":"2026-04-26T17:44:48","slug":"honey-porter-st-peters","status":"publish","type":"product","link":"https:\/\/beernation.gt\/en\/product\/honey-porter-st-peters\/","title":{"rendered":"Honey Porter"},"content":{"rendered":"","protected":false},"excerpt":{"rendered":"<p data-pm-slice=\"1 1 []\"><strong>500ml \/ 50cl<\/strong><br \/>\nABV: 4.5<br \/>\nEstilo: Porter<br \/>\nCervecer\u00eda: St. Peters<br \/>\nOrigen: Inglaterra<\/p>\n<p><strong>Appearance:\u00a0<\/strong>Presenta un color marr\u00f3n caoba profundo, casi negro, con destellos rojizos al trasluz. Su espuma es de color canela o arena, de burbuja fina y persistencia media.<\/p>\n<p><strong>Aroma:\u00a0<\/strong>El aroma es intensamente dulce y floral debido a la miel de flores utilizada en su receta. Se complementa con notas cl\u00e1sicas del estilo como chocolate con leche, vainilla y un sutil fondo de maltas tostadas y caf\u00e9.<\/p>\n<p><strong>Taste Profile:\u00a0<\/strong>Tiene un cuerpo medio a pleno con una carbonataci\u00f3n suave que realza su textura cremosa. En boca predomina la miel, seguida de sabores a caramelo, bizcocho y un ligero amargor de chocolate amargo que evita que sea empalagosa.<\/p>\n<p data-pm-slice=\"1 1 []\"><strong>Perfect Pairings: <\/strong>Es la compa\u00f1\u00eda perfecta para postres, especialmente aquellos con chocolate, nueces o vainilla (como un brownie o cr\u00e8me br\u00fbl\u00e9e). Tambi\u00e9n funciona sorprendentemente bien con platos salados intensos como carnes asadas al carb\u00f3n, barbacoa (BBQ) o quesos azules fuertes como el Stilton, donde el dulzor de la miel contrasta con la potencia del queso.<\/p>","protected":false},"featured_media":10820,"comment_status":"open","ping_status":"closed","template":"","meta":{"_eb_attr":""},"product_brand":[],"product_cat":[65,166,156],"product_tag":[],"class_list":{"0":"post-10822","1":"product","2":"type-product","3":"status-publish","4":"has-post-thumbnail","6":"product_cat-cervezas-porter-stout","7":"product_cat-reino-unido","8":"product_cat-st-peters","9":"pa_cervecerias-st-peters","10":"pa_filtroestilos-filtroestilo-porter-stout","11":"pa_filtroorigen-inglaterra","13":"first","14":"instock","15":"featured","16":"shipping-taxable","17":"purchasable","18":"product-type-simple"},"jetpack_sharing_enabled":true,"_links":{"self":[{"href":"https:\/\/beernation.gt\/en\/wp-json\/wp\/v2\/product\/10822","targetHints":{"allow":["GET"]}}],"collection":[{"href":"https:\/\/beernation.gt\/en\/wp-json\/wp\/v2\/product"}],"about":[{"href":"https:\/\/beernation.gt\/en\/wp-json\/wp\/v2\/types\/product"}],"replies":[{"embeddable":true,"href":"https:\/\/beernation.gt\/en\/wp-json\/wp\/v2\/comments?post=10822"}],"wp:featuredmedia":[{"embeddable":true,"href":"https:\/\/beernation.gt\/en\/wp-json\/wp\/v2\/media\/10820"}],"wp:attachment":[{"href":"https:\/\/beernation.gt\/en\/wp-json\/wp\/v2\/media?parent=10822"}],"wp:term":[{"taxonomy":"product_brand","embeddable":true,"href":"https:\/\/beernation.gt\/en\/wp-json\/wp\/v2\/product_brand?post=10822"},{"taxonomy":"product_cat","embeddable":true,"href":"https:\/\/beernation.gt\/en\/wp-json\/wp\/v2\/product_cat?post=10822"},{"taxonomy":"product_tag","embeddable":true,"href":"https:\/\/beernation.gt\/en\/wp-json\/wp\/v2\/product_tag?post=10822"}],"curies":[{"name":"wp","href":"https:\/\/api.w.org\/{rel}","templated":true}]}}