{"id":11129,"date":"2026-02-11T16:58:36","date_gmt":"2026-02-11T16:58:36","guid":{"rendered":"https:\/\/beernation.gt\/?post_type=product&#038;p=11129"},"modified":"2026-02-24T17:05:18","modified_gmt":"2026-02-24T17:05:18","slug":"vaso-guinness-lovely-day","status":"publish","type":"product","link":"https:\/\/beernation.gt\/en\/product\/vaso-guinness-lovely-day\/","title":{"rendered":"Vaso Guinness &#8211; Lovely Day"},"content":{"rendered":"","protected":false},"excerpt":{"rendered":"<p data-path-to-node=\"2\">UN CL\u00c1SICO ATEMPORAL<\/p>\n<p data-path-to-node=\"3\">Este vaso de Guinness no es solo un recipiente, es un homenaje a la \u00ab\u00c9poca Dorada\u00bb de la publicidad cervecera. Al lucir la emblem\u00e1tica frase \u00abLovely day for a Guinness\u00bb, este dise\u00f1o nos transporta a las ic\u00f3nicas campa\u00f1as creadas por John Gilroy, que desde la d\u00e9cada de 1930 han definido la identidad de la marca como un s\u00edmbolo de optimismo y calidad. El arpa dorada en relieve, junto con la tipograf\u00eda cl\u00e1sica, celebra la herencia de Dubl\u00edn en cada detalle.<\/p>\n<p data-path-to-node=\"4\">Para los verdaderos amantes de la cerveza, cada detalle cuenta. Servir tu Guinness en este vaso tipo Gravity no es un mero capricho, es una parte esencial de la experiencia. Su silueta est\u00e1 t\u00e9cnicamente dise\u00f1ada para favorecer la famosa \u00abcascada\u00bb de nitr\u00f3geno, permitiendo que la espuma se asiente correctamente y cree esa textura cremosa e inconfundible que define a una pinta perfecta.<\/p>\n<p data-path-to-node=\"5\">Al usar este vaso espec\u00edfico, no solo disfrutas de su est\u00e9tica vintage, sino que potencias el perfil sensorial de la cerveza. Su forma permite que los aromas a malta tostada y caf\u00e9 se concentren, dirigiendo el l\u00edquido de manera \u00f3ptima a tus papilas gustativas para apreciar cada matiz de su sabor. \u00a1Descubre la diferencia y eleva tu momento cervecero con esta pieza de colecci\u00f3n!<\/p>","protected":false},"featured_media":11130,"comment_status":"open","ping_status":"closed","template":"","meta":{"_eb_attr":""},"product_brand":[],"product_cat":[222],"product_tag":[],"class_list":{"0":"post-11129","1":"product","2":"type-product","3":"status-publish","4":"has-post-thumbnail","6":"product_cat-cristaleria","8":"first","9":"outofstock","10":"shipping-taxable","11":"purchasable","12":"product-type-simple"},"jetpack_sharing_enabled":true,"_links":{"self":[{"href":"https:\/\/beernation.gt\/en\/wp-json\/wp\/v2\/product\/11129","targetHints":{"allow":["GET"]}}],"collection":[{"href":"https:\/\/beernation.gt\/en\/wp-json\/wp\/v2\/product"}],"about":[{"href":"https:\/\/beernation.gt\/en\/wp-json\/wp\/v2\/types\/product"}],"replies":[{"embeddable":true,"href":"https:\/\/beernation.gt\/en\/wp-json\/wp\/v2\/comments?post=11129"}],"wp:featuredmedia":[{"embeddable":true,"href":"https:\/\/beernation.gt\/en\/wp-json\/wp\/v2\/media\/11130"}],"wp:attachment":[{"href":"https:\/\/beernation.gt\/en\/wp-json\/wp\/v2\/media?parent=11129"}],"wp:term":[{"taxonomy":"product_brand","embeddable":true,"href":"https:\/\/beernation.gt\/en\/wp-json\/wp\/v2\/product_brand?post=11129"},{"taxonomy":"product_cat","embeddable":true,"href":"https:\/\/beernation.gt\/en\/wp-json\/wp\/v2\/product_cat?post=11129"},{"taxonomy":"product_tag","embeddable":true,"href":"https:\/\/beernation.gt\/en\/wp-json\/wp\/v2\/product_tag?post=11129"}],"curies":[{"name":"wp","href":"https:\/\/api.w.org\/{rel}","templated":true}]}}