{"id":11197,"date":"2026-02-18T17:51:20","date_gmt":"2026-02-18T17:51:20","guid":{"rendered":"https:\/\/beernation.gt\/?post_type=product&#038;p=11197"},"modified":"2026-04-26T17:44:19","modified_gmt":"2026-04-26T17:44:19","slug":"star-brewing-la-cucu","status":"publish","type":"product","link":"https:\/\/beernation.gt\/en\/product\/star-brewing-la-cucu\/","title":{"rendered":"La Cucu"},"content":{"rendered":"","protected":false},"excerpt":{"rendered":"<p><strong>355ml \/ 12fl oz<\/strong><br \/>\nABV: 4.8 \/ IBU: 9<br \/>\nEstilo: Gose<br \/>\nCervecer\u00eda: Star Brewing<br \/>\nOrigen: Guatemala<\/p>\n<p><strong>Apariencia<\/strong>: Amarillo p\u00e1lido, con una turbidez ligera, de espuma blanca con retenci\u00f3n baja.<\/p>\n<p><strong>Aroma<\/strong>: El primer impacto es el pepino fresco seguido de una nota \u00e1cida c\u00edtrica (lim\u00f3n\/lima). Al final, aparece un aroma ahumado y terroso muy sutil proveniente del chile cobanero.<\/p>\n<p><strong>Sabor<\/strong>: Una acidez punzante pero limpia. El pepino hidrata el paladar, suavizando la acidez. Se percibe el toque salino que realza los sabores. El final es donde brilla el chile cobanero. No tiene un picor extremo, sino una calidez que crece en la garganta y un retrogusto ahumado que persiste.<\/p>\n<p><strong>Maridaje<\/strong>: Ceviches o Aguachiles. La acidez de la cerveza se funde con el lim\u00f3n del pescado, y el chile cobanero potencia el picante del plato. Tacos de carnitas o cochinita pibil, quesos de cabra frescos o quesos tipo Feta (por la conexi\u00f3n salina).<\/p>","protected":false},"featured_media":11198,"comment_status":"open","ping_status":"closed","template":"","meta":{"_eb_attr":""},"product_brand":[],"product_cat":[33,67,48],"product_tag":[120],"class_list":{"0":"post-11197","1":"product","2":"type-product","3":"status-publish","4":"has-post-thumbnail","6":"product_cat-cervezas-guatemaltecas","7":"product_cat-cervezas-sour-lambic","8":"product_cat-star-brewing","9":"product_tag-new-in-town","10":"pa_cervecerias-cerveceria-star-brewing","11":"pa_filtroestilos-filtroestilo-lager","12":"pa_filtroorigen-filtroorigen-guatemala","14":"first","15":"instock","16":"featured","17":"shipping-taxable","18":"purchasable","19":"product-type-simple"},"jetpack_sharing_enabled":true,"_links":{"self":[{"href":"https:\/\/beernation.gt\/en\/wp-json\/wp\/v2\/product\/11197","targetHints":{"allow":["GET"]}}],"collection":[{"href":"https:\/\/beernation.gt\/en\/wp-json\/wp\/v2\/product"}],"about":[{"href":"https:\/\/beernation.gt\/en\/wp-json\/wp\/v2\/types\/product"}],"replies":[{"embeddable":true,"href":"https:\/\/beernation.gt\/en\/wp-json\/wp\/v2\/comments?post=11197"}],"wp:featuredmedia":[{"embeddable":true,"href":"https:\/\/beernation.gt\/en\/wp-json\/wp\/v2\/media\/11198"}],"wp:attachment":[{"href":"https:\/\/beernation.gt\/en\/wp-json\/wp\/v2\/media?parent=11197"}],"wp:term":[{"taxonomy":"product_brand","embeddable":true,"href":"https:\/\/beernation.gt\/en\/wp-json\/wp\/v2\/product_brand?post=11197"},{"taxonomy":"product_cat","embeddable":true,"href":"https:\/\/beernation.gt\/en\/wp-json\/wp\/v2\/product_cat?post=11197"},{"taxonomy":"product_tag","embeddable":true,"href":"https:\/\/beernation.gt\/en\/wp-json\/wp\/v2\/product_tag?post=11197"}],"curies":[{"name":"wp","href":"https:\/\/api.w.org\/{rel}","templated":true}]}}