{"id":11232,"date":"2026-02-18T23:23:09","date_gmt":"2026-02-18T23:23:09","guid":{"rendered":"https:\/\/beernation.gt\/?post_type=product&#038;p=11232"},"modified":"2026-04-26T17:44:10","modified_gmt":"2026-04-26T17:44:10","slug":"star-brewing-la-demandante","status":"publish","type":"product","link":"https:\/\/beernation.gt\/en\/product\/star-brewing-la-demandante\/","title":{"rendered":"La Demandante"},"content":{"rendered":"","protected":false},"excerpt":{"rendered":"<p><strong>355ml \/ 12fl oz<\/strong><br \/>\nABV: 9.8 \/ IBU: 50<br \/>\nEstilo: Imperial Stout<br \/>\nCervecer\u00eda: Star Brewing<br \/>\nOrigen: Guatemala<\/p>\n<p><strong>Apariencia<\/strong>: De color negro azabache profundo, opaco y denso, que no permite el paso de la luz.<\/p>\n<p><strong>Aroma<\/strong>: Chocolate oscuro, caf\u00e9 espresso reci\u00e9n molido, avellana tostada protagonista (tipo pralin\u00e9 o crema de avellana natural). Notas sutiles a vainilla y caramelo oscuro. Ligero car\u00e1cter alcoh\u00f3lico c\u00e1lido y elegante.<\/p>\n<p><strong>Sabor<\/strong>: Entrada rica y envolvente con chocolate amargo, cacao 70%+, caf\u00e9 intenso y maltas tostadas profundas, avellana tostada y vainilla que aporta dulzor y sensaci\u00f3n cremosa. Final largo, c\u00e1lido y ligeramente dulce, con retrogusto a frutos secos y cacao.<br \/>\nCuerpo alto a muy alto. Textura sedosa y densa. Carbonataci\u00f3n baja a media-baja. Calor alcoh\u00f3lico perceptible pero bien integrado. Sensaci\u00f3n aterciopelada y persistente.<\/p>\n<p><strong>Maridaje<\/strong>: Postres (maridaje por afinidad) como brownie de chocolate oscuro, volc\u00e1n de chocolate, cheesecake de chocolate o nutella, tiramis\u00fa y de desayuno con pancakes de nutella con miel de maple y tocino. Contraste salado marida bien con costillas BBQ ahumadas, carne de res estofada, mole tradicional.<\/p>","protected":false},"featured_media":11233,"comment_status":"open","ping_status":"closed","template":"","meta":{"_eb_attr":""},"product_brand":[],"product_cat":[33,65,48],"product_tag":[120],"class_list":{"0":"post-11232","1":"product","2":"type-product","3":"status-publish","4":"has-post-thumbnail","6":"product_cat-cervezas-guatemaltecas","7":"product_cat-cervezas-porter-stout","8":"product_cat-star-brewing","9":"product_tag-new-in-town","10":"pa_cervecerias-cerveceria-star-brewing","11":"pa_filtroestilos-filtroestilo-porter-stout","12":"pa_filtroorigen-filtroorigen-guatemala","14":"first","15":"instock","16":"featured","17":"shipping-taxable","18":"purchasable","19":"product-type-simple"},"jetpack_sharing_enabled":true,"_links":{"self":[{"href":"https:\/\/beernation.gt\/en\/wp-json\/wp\/v2\/product\/11232","targetHints":{"allow":["GET"]}}],"collection":[{"href":"https:\/\/beernation.gt\/en\/wp-json\/wp\/v2\/product"}],"about":[{"href":"https:\/\/beernation.gt\/en\/wp-json\/wp\/v2\/types\/product"}],"replies":[{"embeddable":true,"href":"https:\/\/beernation.gt\/en\/wp-json\/wp\/v2\/comments?post=11232"}],"wp:featuredmedia":[{"embeddable":true,"href":"https:\/\/beernation.gt\/en\/wp-json\/wp\/v2\/media\/11233"}],"wp:attachment":[{"href":"https:\/\/beernation.gt\/en\/wp-json\/wp\/v2\/media?parent=11232"}],"wp:term":[{"taxonomy":"product_brand","embeddable":true,"href":"https:\/\/beernation.gt\/en\/wp-json\/wp\/v2\/product_brand?post=11232"},{"taxonomy":"product_cat","embeddable":true,"href":"https:\/\/beernation.gt\/en\/wp-json\/wp\/v2\/product_cat?post=11232"},{"taxonomy":"product_tag","embeddable":true,"href":"https:\/\/beernation.gt\/en\/wp-json\/wp\/v2\/product_tag?post=11232"}],"curies":[{"name":"wp","href":"https:\/\/api.w.org\/{rel}","templated":true}]}}