{"id":11234,"date":"2026-02-18T23:38:52","date_gmt":"2026-02-18T23:38:52","guid":{"rendered":"https:\/\/beernation.gt\/?post_type=product&#038;p=11234"},"modified":"2026-03-31T18:35:26","modified_gmt":"2026-03-31T18:35:26","slug":"iximche-el-rey-english-porter","status":"publish","type":"product","link":"https:\/\/beernation.gt\/en\/product\/iximche-el-rey-english-porter\/","title":{"rendered":"El Rey English Porter"},"content":{"rendered":"","protected":false},"excerpt":{"rendered":"<p data-pm-slice=\"1 1 []\"><strong>355ml \/ 12fl oz<\/strong><br \/>\nABV: 5.0 \/ IBU: 24<br \/>\nEstilo: Porter<br \/>\nCervecer\u00eda: Iximche<br \/>\nOrigen: Guatemala<\/p>\n<p><strong>Appearance:\u00a0<\/strong>De color marr\u00f3n oscuro profundo a casi negro, con reflejos rub\u00ed a contraluz. Espuma beige clara a marr\u00f3n claro, cremosa, de buena retenci\u00f3n.<\/p>\n<p data-pm-slice=\"1 1 []\"><strong>Aroma:\u00a0<\/strong>Notas predominantes a malta tostada, chocolate oscuro, caf\u00e9 suave, caramelo ligero, sutiles notas a nuez o toffee, l\u00fapulo bajo a medio-bajo.<\/p>\n<p data-pm-slice=\"1 1 []\"><strong>Taste Profile:\u00a0<\/strong>Perfil maltoso equilibrado, chocolate amargo y caf\u00e9 suave dominan. Amargor medio-bajo que equilibra sin ser agresivo. Final seco a semi-seco, limpio y tostado.<\/p>\n<p data-pm-slice=\"1 1 []\"><strong>Perfect Pairings:\u00a0<\/strong>Esta English Porter marida bien con Carne asada o a la parrilla, Hamburguesas, costillas BBQ, Pollo a la parrilla con especias suaves. Quesos como el cheddar maduro, gouda a\u00f1ejo y por supuesto con postres a base de chocolate y\/o caf\u00e9 como los brownies y tiramis\u00fa.<\/p>","protected":false},"featured_media":11235,"comment_status":"open","ping_status":"closed","template":"","meta":{"_eb_attr":""},"product_brand":[],"product_cat":[33,231,65],"product_tag":[],"class_list":{"0":"post-11234","1":"product","2":"type-product","3":"status-publish","4":"has-post-thumbnail","6":"product_cat-cervezas-guatemaltecas","7":"product_cat-iximche","8":"product_cat-cervezas-porter-stout","9":"pa_cervecerias-iximche","10":"pa_filtroestilos-filtroestilo-porter-stout","11":"pa_filtroorigen-filtroorigen-guatemala","13":"first","14":"outofstock","15":"featured","16":"shipping-taxable","17":"purchasable","18":"product-type-simple"},"jetpack_sharing_enabled":true,"_links":{"self":[{"href":"https:\/\/beernation.gt\/en\/wp-json\/wp\/v2\/product\/11234","targetHints":{"allow":["GET"]}}],"collection":[{"href":"https:\/\/beernation.gt\/en\/wp-json\/wp\/v2\/product"}],"about":[{"href":"https:\/\/beernation.gt\/en\/wp-json\/wp\/v2\/types\/product"}],"replies":[{"embeddable":true,"href":"https:\/\/beernation.gt\/en\/wp-json\/wp\/v2\/comments?post=11234"}],"wp:featuredmedia":[{"embeddable":true,"href":"https:\/\/beernation.gt\/en\/wp-json\/wp\/v2\/media\/11235"}],"wp:attachment":[{"href":"https:\/\/beernation.gt\/en\/wp-json\/wp\/v2\/media?parent=11234"}],"wp:term":[{"taxonomy":"product_brand","embeddable":true,"href":"https:\/\/beernation.gt\/en\/wp-json\/wp\/v2\/product_brand?post=11234"},{"taxonomy":"product_cat","embeddable":true,"href":"https:\/\/beernation.gt\/en\/wp-json\/wp\/v2\/product_cat?post=11234"},{"taxonomy":"product_tag","embeddable":true,"href":"https:\/\/beernation.gt\/en\/wp-json\/wp\/v2\/product_tag?post=11234"}],"curies":[{"name":"wp","href":"https:\/\/api.w.org\/{rel}","templated":true}]}}