{"id":11236,"date":"2026-02-18T23:44:30","date_gmt":"2026-02-18T23:44:30","guid":{"rendered":"https:\/\/beernation.gt\/?post_type=product&#038;p=11236"},"modified":"2026-04-26T17:43:49","modified_gmt":"2026-04-26T17:43:49","slug":"iximche-tecpan-imperial-wcipa","status":"publish","type":"product","link":"https:\/\/beernation.gt\/en\/product\/iximche-tecpan-imperial-wcipa\/","title":{"rendered":"Tecpan Imperial WCIPA"},"content":{"rendered":"","protected":false},"excerpt":{"rendered":"<p data-pm-slice=\"1 1 []\"><strong>355ml \/ 12fl oz<\/strong><br \/>\nABV: 7.0 \/ IBU: 55<br \/>\nEstilo: Imperial IPA (Double IPA)<br \/>\nCervecer\u00eda: Iximche<br \/>\nOrigen: Guatemala<\/p>\n<p><strong>Appearance:\u00a0<\/strong>De color dorado intenso a \u00e1mbar claro. Brillante y limpia, de espuma blanca, abundante, de buena retenci\u00f3n y burbuja fina.<\/p>\n<p><strong>Aroma:\u00a0<\/strong>Explosi\u00f3n de l\u00fapulo con notas predominantes a c\u00edtricos (toronja, lim\u00f3n), resina de pino, fondo limpio de malta que aporta soporte sin robar protagonismo al l\u00fapulo.<\/p>\n<p><strong>Taste Profile:\u00a0<\/strong>Ataque firme de amargor medio-alto a alto, limpio y definido. Sabores a toronja fresca, c\u00e1scara de naranja y resina. Base maltosa ligera con notas a pan tostado o caramelo muy sutil. Final seco, persistente y refrescante.<\/p>\n<p><strong>Perfect Pairings:\u00a0<\/strong>Esta cerveza acompa\u00f1a platillos intensos y especiados como tacos de carnitas con salsa picante, fideos thai picantes, alitas buffalo picantes, Costillas BBQ, quesos fuertes como el cheddar a\u00f1ejo o quesos azules.<\/p>","protected":false},"featured_media":11237,"comment_status":"open","ping_status":"closed","template":"","meta":{"_eb_attr":""},"product_brand":[],"product_cat":[33,63,231],"product_tag":[],"class_list":{"0":"post-11236","1":"product","2":"type-product","3":"status-publish","4":"has-post-thumbnail","6":"product_cat-cervezas-guatemaltecas","7":"product_cat-cervezas-ipa","8":"product_cat-iximche","9":"pa_cervecerias-iximche","10":"pa_filtroestilos-filtroestilo-ipa","11":"pa_filtroorigen-filtroorigen-guatemala","13":"first","14":"outofstock","15":"featured","16":"shipping-taxable","17":"purchasable","18":"product-type-simple"},"jetpack_sharing_enabled":true,"_links":{"self":[{"href":"https:\/\/beernation.gt\/en\/wp-json\/wp\/v2\/product\/11236","targetHints":{"allow":["GET"]}}],"collection":[{"href":"https:\/\/beernation.gt\/en\/wp-json\/wp\/v2\/product"}],"about":[{"href":"https:\/\/beernation.gt\/en\/wp-json\/wp\/v2\/types\/product"}],"replies":[{"embeddable":true,"href":"https:\/\/beernation.gt\/en\/wp-json\/wp\/v2\/comments?post=11236"}],"wp:featuredmedia":[{"embeddable":true,"href":"https:\/\/beernation.gt\/en\/wp-json\/wp\/v2\/media\/11237"}],"wp:attachment":[{"href":"https:\/\/beernation.gt\/en\/wp-json\/wp\/v2\/media?parent=11236"}],"wp:term":[{"taxonomy":"product_brand","embeddable":true,"href":"https:\/\/beernation.gt\/en\/wp-json\/wp\/v2\/product_brand?post=11236"},{"taxonomy":"product_cat","embeddable":true,"href":"https:\/\/beernation.gt\/en\/wp-json\/wp\/v2\/product_cat?post=11236"},{"taxonomy":"product_tag","embeddable":true,"href":"https:\/\/beernation.gt\/en\/wp-json\/wp\/v2\/product_tag?post=11236"}],"curies":[{"name":"wp","href":"https:\/\/api.w.org\/{rel}","templated":true}]}}