{"id":11333,"date":"2026-02-28T15:19:25","date_gmt":"2026-02-28T15:19:25","guid":{"rendered":"https:\/\/beernation.gt\/?post_type=product&#038;p=11333"},"modified":"2026-04-24T17:02:31","modified_gmt":"2026-04-24T17:02:31","slug":"la-thur-bha-dha-star-brewing","status":"publish","type":"product","link":"https:\/\/beernation.gt\/en\/product\/la-thur-bha-dha-star-brewing\/","title":{"rendered":"La + Thur Bha Dha"},"content":{"rendered":"","protected":false},"excerpt":{"rendered":"<p><strong>355ml \/ 12fl oz<\/strong><br \/>\nABV: 6.8 \/ IBU: 25<br \/>\nEstilo: IPA<br \/>\nCervecer\u00eda: Star Brewing<br \/>\nOrigen: Guatemala<\/p>\n<p><strong>Apariencia<\/strong>: De color dorado p\u00e1lido y aspecto turbio y denso, casi como un jugo de frutas tropicales sin filtrar. Espuma blanca y persistente.<\/p>\n<p><strong>Aroma<\/strong>: Aroma intensos a frutas tropicales como el mango y la pi\u00f1a, acompa\u00f1ados de notas c\u00edtricas de naranja y un toque de toronja.<\/p>\n<p><strong>Sabor<\/strong>: En boca, destaca por su textura sedosa y aterciopelada, donde los sabores frutales, citricos se mezclan con un frescor herbal del l\u00fapulo y un amargor muy sutil que potencia su perfil jugoso.<\/p>\n<p><strong>Maridaje<\/strong>: Para disfrutarla al m\u00e1ximo, el maridaje ideal ser\u00eda un curry tailand\u00e9s o unos tacos de camar\u00f3n con salsa de mango, ya que su cremosidad y notas ex\u00f3ticas armonizan a la perfecci\u00f3n con platos especiados o con base de frutas tropicales.<\/p>","protected":false},"featured_media":11336,"comment_status":"open","ping_status":"closed","template":"","meta":{"_eb_attr":""},"product_brand":[],"product_cat":[33,63,232,145,48],"product_tag":[120],"class_list":{"0":"post-11333","1":"product","2":"type-product","3":"status-publish","4":"has-post-thumbnail","6":"product_cat-cervezas-guatemaltecas","7":"product_cat-cervezas-ipa","8":"product_cat-new-in-town","9":"product_cat-novedades","10":"product_cat-star-brewing","11":"product_tag-new-in-town","12":"pa_cervecerias-cerveceria-star-brewing","13":"pa_filtroestilos-filtroestilo-ipa","14":"pa_filtroorigen-filtroorigen-guatemala","16":"first","17":"instock","18":"featured","19":"shipping-taxable","20":"purchasable","21":"product-type-simple"},"jetpack_sharing_enabled":true,"_links":{"self":[{"href":"https:\/\/beernation.gt\/en\/wp-json\/wp\/v2\/product\/11333","targetHints":{"allow":["GET"]}}],"collection":[{"href":"https:\/\/beernation.gt\/en\/wp-json\/wp\/v2\/product"}],"about":[{"href":"https:\/\/beernation.gt\/en\/wp-json\/wp\/v2\/types\/product"}],"replies":[{"embeddable":true,"href":"https:\/\/beernation.gt\/en\/wp-json\/wp\/v2\/comments?post=11333"}],"wp:featuredmedia":[{"embeddable":true,"href":"https:\/\/beernation.gt\/en\/wp-json\/wp\/v2\/media\/11336"}],"wp:attachment":[{"href":"https:\/\/beernation.gt\/en\/wp-json\/wp\/v2\/media?parent=11333"}],"wp:term":[{"taxonomy":"product_brand","embeddable":true,"href":"https:\/\/beernation.gt\/en\/wp-json\/wp\/v2\/product_brand?post=11333"},{"taxonomy":"product_cat","embeddable":true,"href":"https:\/\/beernation.gt\/en\/wp-json\/wp\/v2\/product_cat?post=11333"},{"taxonomy":"product_tag","embeddable":true,"href":"https:\/\/beernation.gt\/en\/wp-json\/wp\/v2\/product_tag?post=11333"}],"curies":[{"name":"wp","href":"https:\/\/api.w.org\/{rel}","templated":true}]}}