{"id":11348,"date":"2026-02-28T15:39:29","date_gmt":"2026-02-28T15:39:29","guid":{"rendered":"https:\/\/beernation.gt\/?post_type=product&#038;p=11348"},"modified":"2026-04-26T17:23:41","modified_gmt":"2026-04-26T17:23:41","slug":"radler-flensburger","status":"publish","type":"product","link":"https:\/\/beernation.gt\/en\/product\/radler-flensburger\/","title":{"rendered":"Radler"},"content":{"rendered":"","protected":false},"excerpt":{"rendered":"<p data-pm-slice=\"1 1 []\"><strong>330ml \/ 33cl<\/strong><br \/>\nABV: 2.4<br \/>\nEstilo: Radler<br \/>\nCervecer\u00eda: Flensburger<br \/>\nOrigen: Alemania<\/p>\n<p><strong>Appearance: <\/strong>Color dorado p\u00e1lido, ligeramente turbio debido al zumo de lim\u00f3n natural, con burbuja fina y persistente.<\/p>\n<p data-pm-slice=\"1 1 []\"><strong>Aroma: <\/strong>Notas frescas y c\u00edtricas a lim\u00f3n, con un fondo sutil de malta y l\u00fapulos nobles.<\/p>\n<p data-pm-slice=\"1 1 []\"><strong>Taste Profile: <\/strong>Entrada dulce por la limonada que evoluciona hacia un final ligeramente \u00e1cido y amargo, equilibrado por el car\u00e1cter de la Pilsener.<\/p>\n<p data-pm-slice=\"1 1 []\"><strong>Perfect Pairings:<\/strong>Debido a su perfil c\u00edtrico y ligero, es ideal para acompa\u00f1ar: Comida de mar: Tacos de pescado o camarones a la plancha. Platos alemanes: Schnitzel, pretzels suaves o salchichas tipo bratwurst con mostaza. Snacks: Ensaladas frescas o platos ligeros de verano.<\/p>","protected":false},"featured_media":11334,"comment_status":"open","ping_status":"closed","template":"","meta":{"_eb_attr":""},"product_brand":[],"product_cat":[31,154,64,232,145],"product_tag":[],"class_list":{"0":"post-11348","1":"product","2":"type-product","3":"status-publish","4":"has-post-thumbnail","6":"product_cat-cervezas-alemanas","7":"product_cat-flensburger","8":"product_cat-cervezas-lager","9":"product_cat-new-in-town","10":"product_cat-novedades","11":"pa_cervecerias-flensburger","12":"pa_filtroestilos-filtroestilo-lager","13":"pa_filtroorigen-filtroorigen-alemania","15":"first","16":"instock","17":"featured","18":"shipping-taxable","19":"purchasable","20":"product-type-simple"},"jetpack_sharing_enabled":true,"_links":{"self":[{"href":"https:\/\/beernation.gt\/en\/wp-json\/wp\/v2\/product\/11348","targetHints":{"allow":["GET"]}}],"collection":[{"href":"https:\/\/beernation.gt\/en\/wp-json\/wp\/v2\/product"}],"about":[{"href":"https:\/\/beernation.gt\/en\/wp-json\/wp\/v2\/types\/product"}],"replies":[{"embeddable":true,"href":"https:\/\/beernation.gt\/en\/wp-json\/wp\/v2\/comments?post=11348"}],"wp:featuredmedia":[{"embeddable":true,"href":"https:\/\/beernation.gt\/en\/wp-json\/wp\/v2\/media\/11334"}],"wp:attachment":[{"href":"https:\/\/beernation.gt\/en\/wp-json\/wp\/v2\/media?parent=11348"}],"wp:term":[{"taxonomy":"product_brand","embeddable":true,"href":"https:\/\/beernation.gt\/en\/wp-json\/wp\/v2\/product_brand?post=11348"},{"taxonomy":"product_cat","embeddable":true,"href":"https:\/\/beernation.gt\/en\/wp-json\/wp\/v2\/product_cat?post=11348"},{"taxonomy":"product_tag","embeddable":true,"href":"https:\/\/beernation.gt\/en\/wp-json\/wp\/v2\/product_tag?post=11348"}],"curies":[{"name":"wp","href":"https:\/\/api.w.org\/{rel}","templated":true}]}}