{"id":11349,"date":"2026-03-11T00:02:30","date_gmt":"2026-03-11T00:02:30","guid":{"rendered":"https:\/\/beernation.gt\/?post_type=product&#038;p=11349"},"modified":"2026-04-26T17:43:28","modified_gmt":"2026-04-26T17:43:28","slug":"omer-traditional-blond","status":"publish","type":"product","link":"https:\/\/beernation.gt\/en\/product\/omer-traditional-blond\/","title":{"rendered":"Omer Traditional Blond"},"content":{"rendered":"","protected":false},"excerpt":{"rendered":"<p data-pm-slice=\"1 1 []\"><strong>330ml \/ 33cl<\/strong><br \/>\nABV: 8.0 \/ IBU: 27<br \/>\nEstilo: <span data-sheets-root=\"1\">Belgian Blond Ale<\/span><br \/>\nCervecer\u00eda: Omer Vander Ghinste<br \/>\nOrigin: Belgium<\/p>\n<p><strong>Appearance:\u00a0<\/strong>Presenta un color dorado brillante y cristalino. Lo m\u00e1s llamativo es su espectacular corona de espuma blanca, densa y muy persistente. Al verla, se nota una carbonataci\u00f3n activa, con burbujas finas subiendo constantemente.<\/p>\n<p><strong>Aroma:\u00a0<\/strong>Un aroma muy fresco y afrutado. Predominan los toques de manzana verde, pera y un sutil matiz c\u00edtrico. Tambi\u00e9n se percibe el perfume del l\u00fapulo europeo que le da un aire herb\u00e1ceo y floral.<\/p>\n<p><strong>Taste Profile:\u00a0<\/strong>En boca es equilibrada, inicia con un dulzor maltoso suave que evoluciona hacia un final seco y ligeramente amargo.<\/p>\n<p><strong>Perfect Pairings:\u00a0<\/strong>Ideal para acompa\u00f1ar quesos maduros (tipo Comt\u00e9 o Gouda), carnes blancas a la brasa, mariscos frescos o platos con toques especiados suaves.<\/p>","protected":false},"featured_media":11340,"comment_status":"open","ping_status":"closed","template":"","meta":{"_eb_attr":""},"product_brand":[],"product_cat":[70,32,287],"product_tag":[284],"class_list":{"0":"post-11349","1":"product","2":"type-product","3":"status-publish","4":"has-post-thumbnail","6":"product_cat-cervezas-belgian-ale","7":"product_cat-cervezas-belgas","8":"product_cat-omer","9":"product_tag-omer","10":"pa_cervecerias-omer","11":"pa_filtroestilos-filtroestilo-belgian-ale","12":"pa_filtroorigen-filtroorigen-belgica","14":"first","15":"instock","16":"featured","17":"shipping-taxable","18":"purchasable","19":"product-type-simple"},"jetpack_sharing_enabled":true,"_links":{"self":[{"href":"https:\/\/beernation.gt\/en\/wp-json\/wp\/v2\/product\/11349","targetHints":{"allow":["GET"]}}],"collection":[{"href":"https:\/\/beernation.gt\/en\/wp-json\/wp\/v2\/product"}],"about":[{"href":"https:\/\/beernation.gt\/en\/wp-json\/wp\/v2\/types\/product"}],"replies":[{"embeddable":true,"href":"https:\/\/beernation.gt\/en\/wp-json\/wp\/v2\/comments?post=11349"}],"wp:featuredmedia":[{"embeddable":true,"href":"https:\/\/beernation.gt\/en\/wp-json\/wp\/v2\/media\/11340"}],"wp:attachment":[{"href":"https:\/\/beernation.gt\/en\/wp-json\/wp\/v2\/media?parent=11349"}],"wp:term":[{"taxonomy":"product_brand","embeddable":true,"href":"https:\/\/beernation.gt\/en\/wp-json\/wp\/v2\/product_brand?post=11349"},{"taxonomy":"product_cat","embeddable":true,"href":"https:\/\/beernation.gt\/en\/wp-json\/wp\/v2\/product_cat?post=11349"},{"taxonomy":"product_tag","embeddable":true,"href":"https:\/\/beernation.gt\/en\/wp-json\/wp\/v2\/product_tag?post=11349"}],"curies":[{"name":"wp","href":"https:\/\/api.w.org\/{rel}","templated":true}]}}