{"id":11350,"date":"2026-03-11T00:07:45","date_gmt":"2026-03-11T00:07:45","guid":{"rendered":"https:\/\/beernation.gt\/?post_type=product&#038;p=11350"},"modified":"2026-04-26T17:42:40","modified_gmt":"2026-04-26T17:42:40","slug":"lefort-tripel-omer","status":"publish","type":"product","link":"https:\/\/beernation.gt\/en\/product\/lefort-tripel-omer\/","title":{"rendered":"LeFort Tripel"},"content":{"rendered":"","protected":false},"excerpt":{"rendered":"<p data-pm-slice=\"1 1 []\"><strong>330ml \/ 33cl<\/strong><br \/>\nABV: 8.8 \/ IBU: 37<br \/>\nEstilo: Tripel<br \/>\nCervecer\u00eda: Omer Vander Ghinste<br \/>\nOrigin: Belgium<\/p>\n<p><strong>Appearance:\u00a0<\/strong>De color dorado intenso, casi rubio cobrizo, con una ligera turbidez debido a la levadura en botella. Produce una espuma blanca, muy densa y persistente, que deja un rastro cremoso en la copa.<\/p>\n<p><strong>Aroma:\u00a0<\/strong>Se percibe un bouquet muy frutal y especiado. Predominan aromas a pl\u00e1tano maduro, manzana roja y pera, acompa\u00f1ados de notas herbales del l\u00fapulo y un toque sutil de clavo y vainilla.<\/p>\n<p><strong>Taste Profile:\u00a0<\/strong>En paladar es robusta y plena, con un marcado perfil de especias, vainilla y clavo, cerrando con un final c\u00e1lido y suavemente amargo.<\/p>\n<p><strong>Perfect Pairings:\u00a0<\/strong>Combina a la perfecci\u00f3n con pescados grasos (como el salm\u00f3n), platos de pasta con salsas cremosas, aves rostizadas y quesos azules o de corteza lavada.<\/p>","protected":false},"featured_media":11339,"comment_status":"open","ping_status":"closed","template":"","meta":{"_eb_attr":""},"product_brand":[],"product_cat":[70,32,287],"product_tag":[284],"class_list":{"0":"post-11350","1":"product","2":"type-product","3":"status-publish","4":"has-post-thumbnail","6":"product_cat-cervezas-belgian-ale","7":"product_cat-cervezas-belgas","8":"product_cat-omer","9":"product_tag-omer","10":"pa_cervecerias-omer","11":"pa_filtroestilos-tripel","12":"pa_filtroorigen-filtroorigen-belgica","14":"first","15":"instock","16":"featured","17":"shipping-taxable","18":"purchasable","19":"product-type-simple"},"jetpack_sharing_enabled":true,"_links":{"self":[{"href":"https:\/\/beernation.gt\/en\/wp-json\/wp\/v2\/product\/11350","targetHints":{"allow":["GET"]}}],"collection":[{"href":"https:\/\/beernation.gt\/en\/wp-json\/wp\/v2\/product"}],"about":[{"href":"https:\/\/beernation.gt\/en\/wp-json\/wp\/v2\/types\/product"}],"replies":[{"embeddable":true,"href":"https:\/\/beernation.gt\/en\/wp-json\/wp\/v2\/comments?post=11350"}],"wp:featuredmedia":[{"embeddable":true,"href":"https:\/\/beernation.gt\/en\/wp-json\/wp\/v2\/media\/11339"}],"wp:attachment":[{"href":"https:\/\/beernation.gt\/en\/wp-json\/wp\/v2\/media?parent=11350"}],"wp:term":[{"taxonomy":"product_brand","embeddable":true,"href":"https:\/\/beernation.gt\/en\/wp-json\/wp\/v2\/product_brand?post=11350"},{"taxonomy":"product_cat","embeddable":true,"href":"https:\/\/beernation.gt\/en\/wp-json\/wp\/v2\/product_cat?post=11350"},{"taxonomy":"product_tag","embeddable":true,"href":"https:\/\/beernation.gt\/en\/wp-json\/wp\/v2\/product_tag?post=11350"}],"curies":[{"name":"wp","href":"https:\/\/api.w.org\/{rel}","templated":true}]}}