{"id":11351,"date":"2026-03-11T00:03:39","date_gmt":"2026-03-11T00:03:39","guid":{"rendered":"https:\/\/beernation.gt\/?post_type=product&#038;p=11351"},"modified":"2026-04-26T17:43:19","modified_gmt":"2026-04-26T17:43:19","slug":"abt-12-st-bernardus","status":"publish","type":"product","link":"https:\/\/beernation.gt\/en\/product\/abt-12-st-bernardus\/","title":{"rendered":"Abt 12"},"content":{"rendered":"","protected":false},"excerpt":{"rendered":"<p data-pm-slice=\"1 1 []\"><strong>330ml \/ 33cl<\/strong><br \/>\nABV: 10 \/ IBU: 20<br \/>\nEstilo: Quadrupel<br \/>\nCervecer\u00eda: St. Bernardus<br \/>\nOrigin: Belgium<\/p>\n<p><strong>Appearance:\u00a0<\/strong>De color marr\u00f3n oscuro profundo (\u00e9banos y caobas) con una apariencia opaca y misteriosa. Destaca por su espuma color marfil, cremosa y de larga duraci\u00f3n que deja un rastro elegante en la copa.<\/p>\n<p><strong>Aroma:\u00a0<\/strong>Notas dulces y complejas. Predominan los frutos negros (pasas, ciruelas pasas, higos) seguidos de toques de caramelo, az\u00facar morena y un ligero aroma especiado a clavo o pimienta.<\/p>\n<p><strong>Taste Profile:\u00a0<\/strong>Tiene un cuerpo robusto y sedoso. En boca es una explosi\u00f3n de maltas tostadas, chocolate amargo y melaza. El alcohol (10%) est\u00e1 magistralmente integrado: se siente el calor al final, pero no \u00abquema\u00bb.<\/p>\n<p><strong>Perfect Pairings:\u00a0<\/strong>Es la compa\u00f1\u00eda definitiva para carnes de caza y guisos potentes (como el stufato). Tambi\u00e9n brilla con postres a base de chocolate amargo o una tabla de quesos fuertes como el Roquefort o Gorgonzola.<\/p>","protected":false},"featured_media":11342,"comment_status":"open","ping_status":"closed","template":"","meta":{"_eb_attr":""},"product_brand":[],"product_cat":[70,32,286],"product_tag":[283],"class_list":{"0":"post-11351","1":"product","2":"type-product","3":"status-publish","4":"has-post-thumbnail","6":"product_cat-cervezas-belgian-ale","7":"product_cat-cervezas-belgas","8":"product_cat-st-bernardus","9":"product_tag-st-bernardus","10":"pa_cervecerias-st-bernardus","11":"pa_filtroestilos-quadrupel","12":"pa_filtroorigen-filtroorigen-belgica","14":"first","15":"instock","16":"featured","17":"shipping-taxable","18":"purchasable","19":"product-type-simple"},"jetpack_sharing_enabled":true,"_links":{"self":[{"href":"https:\/\/beernation.gt\/en\/wp-json\/wp\/v2\/product\/11351","targetHints":{"allow":["GET"]}}],"collection":[{"href":"https:\/\/beernation.gt\/en\/wp-json\/wp\/v2\/product"}],"about":[{"href":"https:\/\/beernation.gt\/en\/wp-json\/wp\/v2\/types\/product"}],"replies":[{"embeddable":true,"href":"https:\/\/beernation.gt\/en\/wp-json\/wp\/v2\/comments?post=11351"}],"wp:featuredmedia":[{"embeddable":true,"href":"https:\/\/beernation.gt\/en\/wp-json\/wp\/v2\/media\/11342"}],"wp:attachment":[{"href":"https:\/\/beernation.gt\/en\/wp-json\/wp\/v2\/media?parent=11351"}],"wp:term":[{"taxonomy":"product_brand","embeddable":true,"href":"https:\/\/beernation.gt\/en\/wp-json\/wp\/v2\/product_brand?post=11351"},{"taxonomy":"product_cat","embeddable":true,"href":"https:\/\/beernation.gt\/en\/wp-json\/wp\/v2\/product_cat?post=11351"},{"taxonomy":"product_tag","embeddable":true,"href":"https:\/\/beernation.gt\/en\/wp-json\/wp\/v2\/product_tag?post=11351"}],"curies":[{"name":"wp","href":"https:\/\/api.w.org\/{rel}","templated":true}]}}