{"id":11353,"date":"2026-03-11T00:04:14","date_gmt":"2026-03-11T00:04:14","guid":{"rendered":"https:\/\/beernation.gt\/?post_type=product&#038;p=11353"},"modified":"2026-05-02T18:51:56","modified_gmt":"2026-05-02T18:51:56","slug":"tripel-st-bernardus","status":"publish","type":"product","link":"https:\/\/beernation.gt\/en\/product\/tripel-st-bernardus\/","title":{"rendered":"St. Bernardus &#8211; Tripel"},"content":{"rendered":"","protected":false},"excerpt":{"rendered":"<p data-pm-slice=\"1 1 []\"><strong>330ml \/ 33cl<\/strong><br \/>\nABV: 8 \/ IBU: 25<br \/>\nEstilo: Tripel<br \/>\nCervecer\u00eda: St. Bernardus<br \/>\nOrigin: Belgium<\/p>\n<p><strong>Appearance:\u00a0<\/strong>De color dorado p\u00e1lido a \u00e1mbar claro, con una ligera turbidez natural debido a su fermentaci\u00f3n en botella. Destaca por su efervescencia constante y una espuma blanca, densa y muy esponjosa.<\/p>\n<p><strong>Aroma:\u00a0<\/strong>Muy arom\u00e1tica y floral. Notas dominantes de c\u00e1scara de naranja, cilantro y miel. Tambi\u00e9n percibir\u00e1s un toque herb\u00e1ceo (l\u00fapulo) y el car\u00e1cter frutal de la levadura (pera o manzana verde).<\/p>\n<p><strong>Taste Profile:\u00a0<\/strong>En boca es equilibrada y refrescante, con un dulzor maltoso inicial que abre paso a un final seco, ligeramente amargo y con un retrogusto c\u00edtrico muy agradable.<\/p>\n<p><strong>Perfect Pairings:\u00a0<\/strong>Excelente para acompa\u00f1ar mariscos y pescados blancos, platos de cocina asi\u00e1tica con curry suave, ensaladas con queso de cabra o postres c\u00edtricos como un lemon pie.<\/p>","protected":false},"featured_media":11344,"comment_status":"open","ping_status":"closed","template":"","meta":{"_eb_attr":""},"product_brand":[],"product_cat":[70,32,286],"product_tag":[283],"class_list":{"0":"post-11353","1":"product","2":"type-product","3":"status-publish","4":"has-post-thumbnail","6":"product_cat-cervezas-belgian-ale","7":"product_cat-cervezas-belgas","8":"product_cat-st-bernardus","9":"product_tag-st-bernardus","10":"pa_cervecerias-st-bernardus","11":"pa_filtroestilos-tripel","12":"pa_filtroorigen-filtroorigen-belgica","14":"first","15":"instock","16":"featured","17":"shipping-taxable","18":"purchasable","19":"product-type-simple"},"jetpack_sharing_enabled":true,"_links":{"self":[{"href":"https:\/\/beernation.gt\/en\/wp-json\/wp\/v2\/product\/11353","targetHints":{"allow":["GET"]}}],"collection":[{"href":"https:\/\/beernation.gt\/en\/wp-json\/wp\/v2\/product"}],"about":[{"href":"https:\/\/beernation.gt\/en\/wp-json\/wp\/v2\/types\/product"}],"replies":[{"embeddable":true,"href":"https:\/\/beernation.gt\/en\/wp-json\/wp\/v2\/comments?post=11353"}],"wp:featuredmedia":[{"embeddable":true,"href":"https:\/\/beernation.gt\/en\/wp-json\/wp\/v2\/media\/11344"}],"wp:attachment":[{"href":"https:\/\/beernation.gt\/en\/wp-json\/wp\/v2\/media?parent=11353"}],"wp:term":[{"taxonomy":"product_brand","embeddable":true,"href":"https:\/\/beernation.gt\/en\/wp-json\/wp\/v2\/product_brand?post=11353"},{"taxonomy":"product_cat","embeddable":true,"href":"https:\/\/beernation.gt\/en\/wp-json\/wp\/v2\/product_cat?post=11353"},{"taxonomy":"product_tag","embeddable":true,"href":"https:\/\/beernation.gt\/en\/wp-json\/wp\/v2\/product_tag?post=11353"}],"curies":[{"name":"wp","href":"https:\/\/api.w.org\/{rel}","templated":true}]}}