{"id":11355,"date":"2026-03-11T00:06:12","date_gmt":"2026-03-11T00:06:12","guid":{"rendered":"https:\/\/beernation.gt\/?post_type=product&#038;p=11355"},"modified":"2026-04-26T17:42:50","modified_gmt":"2026-04-26T17:42:50","slug":"extra-westmalle","status":"publish","type":"product","link":"https:\/\/beernation.gt\/en\/product\/extra-westmalle\/","title":{"rendered":"Westmalle &#8211; Extra"},"content":{"rendered":"","protected":false},"excerpt":{"rendered":"<p data-pm-slice=\"1 1 []\"><strong>330ml \/ 33cl<\/strong><br \/>\nABV: 4.8 \/ IBU: 30<br \/>\nEstilo: Belgian Blond Ale<br \/>\nCervecer\u00eda: <span data-sheets-root=\"1\">Westmalle Trappist<\/span><br \/>\nOrigin: Belgium<\/p>\n<p><strong>Appearance:\u00a0<\/strong>De color dorado p\u00e1lido y brillante, con una claridad notable. Se caracteriza por una carbonataci\u00f3n efervescente que genera una corona de espuma blanca, densa y muy persistente.<\/p>\n<p><strong>Aroma:\u00a0<\/strong>Destacan notas c\u00edtricas (lim\u00f3n y pomelo) y un marcado car\u00e1cter floral. Tambi\u00e9n se percibe el aroma t\u00edpico de la levadura Westmalle: un toque especiado a pimienta.<\/p>\n<p><strong>Taste Profile:\u00a0<\/strong>En boca es ligera y refrescante, con un perfil de malta sutil que da paso a un amargor seco, limpio y duradero con un toque especiado t\u00edpico de la levadura Westmalle.<\/p>\n<p><strong>Perfect Pairings:\u00a0<\/strong>Es el acompa\u00f1ante perfecto para aperitivos ligeros, ensaladas frescas con vinagretas c\u00edtricas, esp\u00e1rragos, pescados blancos al vapor y quesos j\u00f3venes de cabra. Tambi\u00e9n funciona incre\u00edble con comida picante (como tacos o curry) gracias a su final seco.<\/p>","protected":false},"featured_media":11346,"comment_status":"open","ping_status":"closed","template":"","meta":{"_eb_attr":""},"product_brand":[],"product_cat":[70,32,285],"product_tag":[282],"class_list":{"0":"post-11355","1":"product","2":"type-product","3":"status-publish","4":"has-post-thumbnail","6":"product_cat-cervezas-belgian-ale","7":"product_cat-cervezas-belgas","8":"product_cat-westmalle","9":"product_tag-westmalle","10":"pa_cervecerias-westmalle-trappist","11":"pa_filtroestilos-filtroestilo-belgian-ale","12":"pa_filtroorigen-filtroorigen-belgica","14":"first","15":"instock","16":"featured","17":"shipping-taxable","18":"purchasable","19":"product-type-simple"},"jetpack_sharing_enabled":true,"_links":{"self":[{"href":"https:\/\/beernation.gt\/en\/wp-json\/wp\/v2\/product\/11355","targetHints":{"allow":["GET"]}}],"collection":[{"href":"https:\/\/beernation.gt\/en\/wp-json\/wp\/v2\/product"}],"about":[{"href":"https:\/\/beernation.gt\/en\/wp-json\/wp\/v2\/types\/product"}],"replies":[{"embeddable":true,"href":"https:\/\/beernation.gt\/en\/wp-json\/wp\/v2\/comments?post=11355"}],"wp:featuredmedia":[{"embeddable":true,"href":"https:\/\/beernation.gt\/en\/wp-json\/wp\/v2\/media\/11346"}],"wp:attachment":[{"href":"https:\/\/beernation.gt\/en\/wp-json\/wp\/v2\/media?parent=11355"}],"wp:term":[{"taxonomy":"product_brand","embeddable":true,"href":"https:\/\/beernation.gt\/en\/wp-json\/wp\/v2\/product_brand?post=11355"},{"taxonomy":"product_cat","embeddable":true,"href":"https:\/\/beernation.gt\/en\/wp-json\/wp\/v2\/product_cat?post=11355"},{"taxonomy":"product_tag","embeddable":true,"href":"https:\/\/beernation.gt\/en\/wp-json\/wp\/v2\/product_tag?post=11355"}],"curies":[{"name":"wp","href":"https:\/\/api.w.org\/{rel}","templated":true}]}}