{"id":11356,"date":"2026-03-11T00:10:02","date_gmt":"2026-03-11T00:10:02","guid":{"rendered":"https:\/\/beernation.gt\/?post_type=product&#038;p=11356"},"modified":"2026-04-26T17:42:29","modified_gmt":"2026-04-26T17:42:29","slug":"dubbel-westmalle","status":"publish","type":"product","link":"https:\/\/beernation.gt\/en\/product\/dubbel-westmalle\/","title":{"rendered":"Westmalle &#8211; Dubbel"},"content":{"rendered":"","protected":false},"excerpt":{"rendered":"<p data-pm-slice=\"1 1 []\"><strong>330ml \/ 33cl<\/strong><br \/>\nABV: 7 \/ IBU: 30<br \/>\nEstilo: Dubbel<br \/>\nCervecer\u00eda: <span data-sheets-root=\"1\">Westmalle Trappist<\/span><br \/>\nOrigin: Belgium<\/p>\n<p><strong>Appearance:\u00a0<\/strong>De color marr\u00f3n rojizo oscuro, profundo y c\u00e1lido. Al servirse, genera una corona de espuma color canela, muy densa, cremosa y con una retenci\u00f3n excepcional que deja encaje en la copa.<\/p>\n<p><strong>Aroma:\u00a0<\/strong>Un aroma rico y maltoso. Se nota inmediatamente el pl\u00e1tano maduro, caramelo quemado y chocolate negro. Hay un fondo de frutas pasas (higos) y el inconfundible toque especiado de la levadura de la casa.<\/p>\n<p><strong>Taste Profile:\u00a0<\/strong>Tiene un cuerpo medio-alto con una textura sedosa. Predomina el sabor a malta tostada y frutos secos, pero no es una cerveza empalagosa. El final es sorprendentemente seco y deja un rastro amargo muy elegante.<\/p>\n<p><strong>Perfect Pairings:\u00a0<\/strong>Compa\u00f1era ideal para carnes rojas a la parrilla, estofados potentes (como el Carbonnade flamande), platos con notas de chocolate amargo y quesos curados o ahumados. Tambi\u00e9n resalta con postres de frutos secos.<\/p>","protected":false},"featured_media":11357,"comment_status":"open","ping_status":"closed","template":"","meta":{"_eb_attr":""},"product_brand":[],"product_cat":[32,215,285],"product_tag":[282],"class_list":{"0":"post-11356","1":"product","2":"type-product","3":"status-publish","4":"has-post-thumbnail","6":"product_cat-cervezas-belgas","7":"product_cat-dubbel","8":"product_cat-westmalle","9":"product_tag-westmalle","10":"pa_cervecerias-westmalle-trappist","11":"pa_filtroestilos-dubbel","12":"pa_filtroorigen-filtroorigen-belgica","14":"first","15":"instock","16":"featured","17":"shipping-taxable","18":"purchasable","19":"product-type-simple"},"jetpack_sharing_enabled":true,"_links":{"self":[{"href":"https:\/\/beernation.gt\/en\/wp-json\/wp\/v2\/product\/11356","targetHints":{"allow":["GET"]}}],"collection":[{"href":"https:\/\/beernation.gt\/en\/wp-json\/wp\/v2\/product"}],"about":[{"href":"https:\/\/beernation.gt\/en\/wp-json\/wp\/v2\/types\/product"}],"replies":[{"embeddable":true,"href":"https:\/\/beernation.gt\/en\/wp-json\/wp\/v2\/comments?post=11356"}],"wp:featuredmedia":[{"embeddable":true,"href":"https:\/\/beernation.gt\/en\/wp-json\/wp\/v2\/media\/11357"}],"wp:attachment":[{"href":"https:\/\/beernation.gt\/en\/wp-json\/wp\/v2\/media?parent=11356"}],"wp:term":[{"taxonomy":"product_brand","embeddable":true,"href":"https:\/\/beernation.gt\/en\/wp-json\/wp\/v2\/product_brand?post=11356"},{"taxonomy":"product_cat","embeddable":true,"href":"https:\/\/beernation.gt\/en\/wp-json\/wp\/v2\/product_cat?post=11356"},{"taxonomy":"product_tag","embeddable":true,"href":"https:\/\/beernation.gt\/en\/wp-json\/wp\/v2\/product_tag?post=11356"}],"curies":[{"name":"wp","href":"https:\/\/api.w.org\/{rel}","templated":true}]}}