{"id":11358,"date":"2026-03-11T00:13:45","date_gmt":"2026-03-11T00:13:45","guid":{"rendered":"https:\/\/beernation.gt\/?post_type=product&#038;p=11358"},"modified":"2026-04-26T17:42:20","modified_gmt":"2026-04-26T17:42:20","slug":"tripel-westmalle","status":"publish","type":"product","link":"https:\/\/beernation.gt\/en\/product\/tripel-westmalle\/","title":{"rendered":"Westmalle &#8211; Tripel"},"content":{"rendered":"","protected":false},"excerpt":{"rendered":"<p data-pm-slice=\"1 1 []\"><strong>330ml \/ 33cl<\/strong><br \/>\nABV: 9.5 \/ IBU: 38<br \/>\nEstilo: Tripel<br \/>\nCervecer\u00eda: <span data-sheets-root=\"1\">Westmalle Trappist<\/span><br \/>\nOrigin: Belgium<\/p>\n<p><strong>Appearance:\u00a0<\/strong>De un color dorado brillante y profundo, con una ligera turbidez natural. Se distingue por su efervescencia vivaz que sostiene una corona de espuma blanca, densa, cremosa y extremadamente persistente.<\/p>\n<p><strong>Aroma:\u00a0<\/strong>Un bouquet intensamente frutal y floral. Notas de pl\u00e1tano maduro, pera y c\u00edtricos se mezclan con el aroma caracter\u00edstico de la levadura Westmalle, que aporta un toque fen\u00f3lico (pimienta blanca y clavo).<\/p>\n<p><strong>Taste Profile:\u00a0<\/strong>En boca es sedosa y llena de cuerpo, con un equilibrio maestro entre el dulzor de la malta, notas especiadas de l\u00fapulo floral y un final marcadamente seco y amargo.<\/p>\n<p><strong>Perfect Pairings:\u00a0<\/strong>Es excepcionalmente vers\u00e1til. Combina a la perfecci\u00f3n con esp\u00e1rragos blancos, mariscos, pescados grasos, platos de aves con salsas cremosas y, por supuesto, con el queso trapense de Westmalle o un buen Brie.<\/p>","protected":false},"featured_media":11347,"comment_status":"open","ping_status":"closed","template":"","meta":{"_eb_attr":""},"product_brand":[],"product_cat":[70,32,285],"product_tag":[282],"class_list":{"0":"post-11358","1":"product","2":"type-product","3":"status-publish","4":"has-post-thumbnail","6":"product_cat-cervezas-belgian-ale","7":"product_cat-cervezas-belgas","8":"product_cat-westmalle","9":"product_tag-westmalle","10":"pa_cervecerias-westmalle-trappist","11":"pa_filtroestilos-tripel","12":"pa_filtroorigen-filtroorigen-belgica","14":"first","15":"instock","16":"featured","17":"shipping-taxable","18":"purchasable","19":"product-type-simple"},"jetpack_sharing_enabled":true,"_links":{"self":[{"href":"https:\/\/beernation.gt\/en\/wp-json\/wp\/v2\/product\/11358","targetHints":{"allow":["GET"]}}],"collection":[{"href":"https:\/\/beernation.gt\/en\/wp-json\/wp\/v2\/product"}],"about":[{"href":"https:\/\/beernation.gt\/en\/wp-json\/wp\/v2\/types\/product"}],"replies":[{"embeddable":true,"href":"https:\/\/beernation.gt\/en\/wp-json\/wp\/v2\/comments?post=11358"}],"wp:featuredmedia":[{"embeddable":true,"href":"https:\/\/beernation.gt\/en\/wp-json\/wp\/v2\/media\/11347"}],"wp:attachment":[{"href":"https:\/\/beernation.gt\/en\/wp-json\/wp\/v2\/media?parent=11358"}],"wp:term":[{"taxonomy":"product_brand","embeddable":true,"href":"https:\/\/beernation.gt\/en\/wp-json\/wp\/v2\/product_brand?post=11358"},{"taxonomy":"product_cat","embeddable":true,"href":"https:\/\/beernation.gt\/en\/wp-json\/wp\/v2\/product_cat?post=11358"},{"taxonomy":"product_tag","embeddable":true,"href":"https:\/\/beernation.gt\/en\/wp-json\/wp\/v2\/product_tag?post=11358"}],"curies":[{"name":"wp","href":"https:\/\/api.w.org\/{rel}","templated":true}]}}