{"id":11859,"date":"2026-04-26T14:51:33","date_gmt":"2026-04-26T14:51:33","guid":{"rendered":"https:\/\/beernation.gt\/?post_type=product&#038;p=11859"},"modified":"2026-04-26T15:28:48","modified_gmt":"2026-04-26T15:28:48","slug":"hobgoblin-king-goblin","status":"publish","type":"product","link":"https:\/\/beernation.gt\/en\/product\/hobgoblin-king-goblin\/","title":{"rendered":"King Goblin"},"content":{"rendered":"","protected":false},"excerpt":{"rendered":"<p data-pm-slice=\"1 1 []\"><strong>500ml \/ 50cl<\/strong><br \/>\nABV: 6.6 \/ IBU: 40<br \/>\nEstilo: Brown Ale<br \/>\nCervecer\u00eda: Hobgoblin<br \/>\nOrigen: Inglaterra<\/p>\n<p><strong>Appearance: <\/strong>Presenta un color rub\u00ed profundo, muy limpio y brillante al trasluz. Al servirla, genera una corona de espuma de color canela (beige), densa y persistente, dejando un buen encaje en el cristal.<\/p>\n<p><strong>Aroma: <\/strong>Es una cerveza con una carga maltosa muy rica. Predominan notas a Melaza y toffee: Un dulzor tostado muy marcado. Frutos secos: Notas de pasas, higos y ciruelas pasas. Terroso y caf\u00e9: Ligeros toques de caf\u00e9 tostado y un car\u00e1cter herbal proveniente de los l\u00fapulos ingleses.<\/p>\n<p><strong>Taste Profile: <\/strong>Cuerpo: Medio-alto, con una textura sedosa y aterciopelada en boca.<br \/>\nSabor:Inicia con un dulzor maltoso de caramelo y chocolate, seguido de sabores a frutos oscuros. Final: A diferencia de otras cervezas fuertes, tiene un final seco y ligeramente amargo, donde el alcohol est\u00e1 bien integrado pero se siente, aportando un ligero calor al paladar. Los l\u00fapulos Cascade le dan un destello c\u00edtrico muy sutil al final.<\/p>\n<p data-pm-slice=\"1 1 []\"><strong>Perfect Pairings:\u00a0<\/strong>Debido a su complejidad y notas caramelizadas, va perfecta con: Carnes: Estofados de res (Beef Stew) o un filete a la pimienta. Quesos: Quesos curados o un Stilton (queso azul ingl\u00e9s) para contrastar el dulzor. Postres: Un pud\u00edn de d\u00e1tiles o postres que contengan frutos secos y caramelo.<\/p>","protected":false},"featured_media":11860,"comment_status":"open","ping_status":"closed","template":"","meta":{"_eb_attr":""},"product_brand":[],"product_cat":[69,302,232,145,166],"product_tag":[],"class_list":{"0":"post-11859","1":"product","2":"type-product","3":"status-publish","4":"has-post-thumbnail","6":"product_cat-cervezas-brown-amber","7":"product_cat-hobgoblin","8":"product_cat-new-in-town","9":"product_cat-novedades","10":"product_cat-reino-unido","11":"pa_cervecerias-hobgoblin","12":"pa_filtroestilos-filtroestilo-brown-amber-ale","13":"pa_filtroorigen-inglaterra","15":"first","16":"instock","17":"featured","18":"shipping-taxable","19":"purchasable","20":"product-type-simple"},"jetpack_sharing_enabled":true,"_links":{"self":[{"href":"https:\/\/beernation.gt\/en\/wp-json\/wp\/v2\/product\/11859","targetHints":{"allow":["GET"]}}],"collection":[{"href":"https:\/\/beernation.gt\/en\/wp-json\/wp\/v2\/product"}],"about":[{"href":"https:\/\/beernation.gt\/en\/wp-json\/wp\/v2\/types\/product"}],"replies":[{"embeddable":true,"href":"https:\/\/beernation.gt\/en\/wp-json\/wp\/v2\/comments?post=11859"}],"wp:featuredmedia":[{"embeddable":true,"href":"https:\/\/beernation.gt\/en\/wp-json\/wp\/v2\/media\/11860"}],"wp:attachment":[{"href":"https:\/\/beernation.gt\/en\/wp-json\/wp\/v2\/media?parent=11859"}],"wp:term":[{"taxonomy":"product_brand","embeddable":true,"href":"https:\/\/beernation.gt\/en\/wp-json\/wp\/v2\/product_brand?post=11859"},{"taxonomy":"product_cat","embeddable":true,"href":"https:\/\/beernation.gt\/en\/wp-json\/wp\/v2\/product_cat?post=11859"},{"taxonomy":"product_tag","embeddable":true,"href":"https:\/\/beernation.gt\/en\/wp-json\/wp\/v2\/product_tag?post=11859"}],"curies":[{"name":"wp","href":"https:\/\/api.w.org\/{rel}","templated":true}]}}