{"id":11861,"date":"2026-04-26T15:29:28","date_gmt":"2026-04-26T15:29:28","guid":{"rendered":"https:\/\/beernation.gt\/?post_type=product&#038;p=11861"},"modified":"2026-05-01T01:01:40","modified_gmt":"2026-05-01T01:01:40","slug":"pack-duvel-the-original","status":"publish","type":"product","link":"https:\/\/beernation.gt\/en\/product\/pack-duvel-the-original\/","title":{"rendered":"Pack Duvel The Original"},"content":{"rendered":"","protected":false},"excerpt":{"rendered":"<p data-path-to-node=\"3,0,0\"><b data-path-to-node=\"3,0,0\" data-index-in-node=\"0\">Pack Duvel: 4 Cervezas Belgian Strong Blond + Copa Original<\/b><\/p>\n<p data-pm-slice=\"1 1 []\"><strong>330ml \/ 33cl<\/strong><br \/>\nABV: 8.5 \/ IBU: 33<br \/>\nStyle: Belgian Strong Blond Ale<br \/>\nCervecer\u00eda: Duvel Moortgat<br \/>\nOrigin: Belgium<\/p>\n<p><strong>Appearance:<\/strong> Color dorado p\u00e1lido, casi cristalino, de una claridad excepcional. De cuerpo ligero en boca pero con una estructura efervescente muy potente. Espuma legendaria. Es blanca, densa, extremadamente persistente y con una textura que recuerda a la nieve o al merengue. Es fundamental servirla en su copa original para permitir que esta columna de espuma se desarrolle plenamente.<\/p>\n<p><strong>Aroma: <\/strong>Perfil: Limpio, fresco y delicadamente complejo. Predominan los aromas de levadura belga con matices de pera, manzana verde y c\u00edtricos (especialmente toronja).Notas florales y herb\u00e1ceas provenientes de los l\u00fapulos nobles acompa\u00f1adas de un ligero dulzor de malta que recuerda a la galleta reci\u00e9n horneada.<\/p>\n<p><strong>Taste Profile:\u00a0<\/strong>Muy viva y chispeante debido a su alta carbonataci\u00f3n. Se siente una frescura inmediata. Aparece un equilibrio perfecto entre el dulzor de la malta y un amargor fino pero persistente. El alcohol (8.5% ABV) est\u00e1 magistralmente oculto, aportando solo una sutil calidez al final. Final es seco, limpio y muy refrescante, con un retrogusto herb\u00e1ceo que invita a seguir bebiendo. Es una cerveza que \u00ablimpia\u00bb el paladar de forma impecable.<\/p>\n<p data-pm-slice=\"1 1 []\"><strong>Perfect Pairings:\u00a0<\/strong>Gracias a su carbonataci\u00f3n y final seco, la Duvel act\u00faa como un excelente \u00ablimpiador\u00bb de grasas:<br \/>\nFritos y Tapas: Es la compa\u00f1era ideal de unas patatas bravas, calamares a la romana o fish and chips. La burbuja corta la sensaci\u00f3n grasa de inmediato.<br \/>\nMariscos: Ostras al natural, mejillones o un carpaccio de vieiras. Su perfil c\u00edtrico resalta el sabor del mar.<br \/>\nQuesos: Quesos semiduros como el Gouda joven o el Cheddar suave. Tambi\u00e9n funciona de maravilla con un queso Comt\u00e9.<br \/>\nPlatos Principales: Un risotto de esp\u00e1rragos o pollo al lim\u00f3n con hierbas frescas.<\/p>","protected":false},"featured_media":11864,"comment_status":"open","ping_status":"closed","template":"","meta":{"_eb_attr":""},"product_brand":[],"product_cat":[70,32,304,232,145],"product_tag":[],"class_list":{"0":"post-11861","1":"product","2":"type-product","3":"status-publish","4":"has-post-thumbnail","6":"product_cat-cervezas-belgian-ale","7":"product_cat-cervezas-belgas","8":"product_cat-duvel-moortgat","9":"product_cat-new-in-town","10":"product_cat-novedades","11":"pa_cervecerias-duvel-moortgat","12":"pa_filtroestilos-filtroestilo-belgian-ale","13":"pa_filtroorigen-filtroorigen-belgica","15":"first","16":"instock","17":"featured","18":"shipping-taxable","19":"purchasable","20":"product-type-simple"},"jetpack_sharing_enabled":true,"_links":{"self":[{"href":"https:\/\/beernation.gt\/en\/wp-json\/wp\/v2\/product\/11861","targetHints":{"allow":["GET"]}}],"collection":[{"href":"https:\/\/beernation.gt\/en\/wp-json\/wp\/v2\/product"}],"about":[{"href":"https:\/\/beernation.gt\/en\/wp-json\/wp\/v2\/types\/product"}],"replies":[{"embeddable":true,"href":"https:\/\/beernation.gt\/en\/wp-json\/wp\/v2\/comments?post=11861"}],"wp:featuredmedia":[{"embeddable":true,"href":"https:\/\/beernation.gt\/en\/wp-json\/wp\/v2\/media\/11864"}],"wp:attachment":[{"href":"https:\/\/beernation.gt\/en\/wp-json\/wp\/v2\/media?parent=11861"}],"wp:term":[{"taxonomy":"product_brand","embeddable":true,"href":"https:\/\/beernation.gt\/en\/wp-json\/wp\/v2\/product_brand?post=11861"},{"taxonomy":"product_cat","embeddable":true,"href":"https:\/\/beernation.gt\/en\/wp-json\/wp\/v2\/product_cat?post=11861"},{"taxonomy":"product_tag","embeddable":true,"href":"https:\/\/beernation.gt\/en\/wp-json\/wp\/v2\/product_tag?post=11861"}],"curies":[{"name":"wp","href":"https:\/\/api.w.org\/{rel}","templated":true}]}}