{"id":11873,"date":"2026-04-26T16:45:25","date_gmt":"2026-04-26T16:45:25","guid":{"rendered":"https:\/\/beernation.gt\/?post_type=product&#038;p=11873"},"modified":"2026-04-26T16:53:34","modified_gmt":"2026-04-26T16:53:34","slug":"kasteel-tropical","status":"publish","type":"product","link":"https:\/\/beernation.gt\/en\/product\/kasteel-tropical\/","title":{"rendered":"Tropical"},"content":{"rendered":"","protected":false},"excerpt":{"rendered":"<p data-pm-slice=\"1 1 []\"><strong>330ml \/ 33cl<\/strong><br \/>\nABV: 7 \/ IBU: 6<br \/>\nEstilo: Fruit Ale<br \/>\nCervecer\u00eda: Kasteel<br \/>\nOrigin: Belgium<\/p>\n<p><strong>Appearance: <\/strong>De color dorado brillante, con una turbidez ligera pero elegante (t\u00edpica de las cervezas de trigo o frutales). De cuerpo medio-ligero, con una carbonataci\u00f3n viva y burbuja fina que invita a beber. De espuma blanca, esponjosa y de persistencia media.<\/p>\n<p data-pm-slice=\"1 1 []\"><strong>Aroma: <\/strong>Explosi\u00f3n tropical inmediata. Es muy perfumada y directa. Notas principales: Predominan claramente el mango y la maracuy\u00e1 con un fondo c\u00edtrico y ligeramente dulce que recuerda al alm\u00edbar de pi\u00f1a, con un rastro muy suave de levadura belga (notas especiadas m\u00ednimas).<\/p>\n<p data-pm-slice=\"1 1 []\"><strong>Taste Profile: <\/strong>Entrada dulce y frutal, con un impacto refrescante de frutas tropicales maduras. Se percibe una acidez muy equilibrada que limpia el paladar, contrarrestando el dulzor inicial del mango. El car\u00e1cter de la malta es discreto, sirviendo solo como soporte para la fruta. Final seco, corto y muy limpio. A diferencia de otras cervezas frutales que pueden resultar empalagosas, la Kasteel Tropical tiene un final que invita al siguiente trago. Su graduaci\u00f3n (7% ABV) est\u00e1 sumamente bien integrada y apenas se nota.<\/p>\n<p data-pm-slice=\"1 1 []\"><strong>Perfect Pairings:\u00a0<\/strong>Marida bien con diversas comidas:<br \/>\nAsi\u00e1tica: Es la pareja perfecta para un Pad Thai, un curry verde tailand\u00e9s no muy picante o rollos de primavera.<br \/>\nEnsaladas: Ensaladas que incorporen frutas (fresas, mango, manzana) y frutos secos, o aquellas con aderezos de c\u00edtricos o bals\u00e1micos suaves.<br \/>\nMariscos: Ceviches con un toque de mango, tiraditos de pescado blanco o incluso unos camarones al coco.<br \/>\nPostres: Sorbetes de lim\u00f3n o mandarina, tarta de queso con frutos amarillos o simplemente como aperitivo antes de una comida.<\/p>","protected":false},"featured_media":11874,"comment_status":"open","ping_status":"closed","template":"","meta":{"_eb_attr":""},"product_brand":[],"product_cat":[70,32,71,133,232,145],"product_tag":[],"class_list":{"0":"post-11873","1":"product","2":"type-product","3":"status-publish","4":"has-post-thumbnail","6":"product_cat-cervezas-belgian-ale","7":"product_cat-cervezas-belgas","8":"product_cat-cervezas-fruit","9":"product_cat-kasteel","10":"product_cat-new-in-town","11":"product_cat-novedades","12":"pa_cervecerias-cerveceria-kasteel","13":"pa_filtroestilos-filtroestilo-belgian-ale","14":"pa_filtroestilos-filtroestilo-fruit-beer","15":"pa_filtroorigen-filtroorigen-belgica","17":"first","18":"instock","19":"featured","20":"shipping-taxable","21":"purchasable","22":"product-type-simple"},"jetpack_sharing_enabled":true,"_links":{"self":[{"href":"https:\/\/beernation.gt\/en\/wp-json\/wp\/v2\/product\/11873","targetHints":{"allow":["GET"]}}],"collection":[{"href":"https:\/\/beernation.gt\/en\/wp-json\/wp\/v2\/product"}],"about":[{"href":"https:\/\/beernation.gt\/en\/wp-json\/wp\/v2\/types\/product"}],"replies":[{"embeddable":true,"href":"https:\/\/beernation.gt\/en\/wp-json\/wp\/v2\/comments?post=11873"}],"wp:featuredmedia":[{"embeddable":true,"href":"https:\/\/beernation.gt\/en\/wp-json\/wp\/v2\/media\/11874"}],"wp:attachment":[{"href":"https:\/\/beernation.gt\/en\/wp-json\/wp\/v2\/media?parent=11873"}],"wp:term":[{"taxonomy":"product_brand","embeddable":true,"href":"https:\/\/beernation.gt\/en\/wp-json\/wp\/v2\/product_brand?post=11873"},{"taxonomy":"product_cat","embeddable":true,"href":"https:\/\/beernation.gt\/en\/wp-json\/wp\/v2\/product_cat?post=11873"},{"taxonomy":"product_tag","embeddable":true,"href":"https:\/\/beernation.gt\/en\/wp-json\/wp\/v2\/product_tag?post=11873"}],"curies":[{"name":"wp","href":"https:\/\/api.w.org\/{rel}","templated":true}]}}