{"id":11878,"date":"2026-04-26T17:11:50","date_gmt":"2026-04-26T17:11:50","guid":{"rendered":"https:\/\/beernation.gt\/?post_type=product&#038;p=11878"},"modified":"2026-04-26T17:11:51","modified_gmt":"2026-04-26T17:11:51","slug":"kasteel-donker","status":"publish","type":"product","link":"https:\/\/beernation.gt\/en\/product\/kasteel-donker\/","title":{"rendered":"Donker"},"content":{"rendered":"","protected":false},"excerpt":{"rendered":"<p data-pm-slice=\"1 1 []\"><strong>330ml \/ 33cl<\/strong><br \/>\nABV: 11 \/ IBU: 20<br \/>\nEstilo: Quadrupel<br \/>\nCervecer\u00eda: Kasteel<br \/>\nOrigin: Belgium<\/p>\n<p><strong>Appearance: <\/strong>De color marr\u00f3n oscuro profundo, casi caoba, con destellos rub\u00ed al contra luz. Cuerpo denso y estructurado. Espuma cremosa, de color canela o beige claro, con buena retenci\u00f3n.<\/p>\n<p data-pm-slice=\"1 1 []\"><strong>Aroma: <\/strong>Predominan los aromas dulces y complejos derivados de la malta tostada. Destaca el caramelo quemado, caf\u00e9, chocolate negro y frutos secos (pasas, ciruelas pasas e higos). Se percibe un ligero aroma a regaliz y un car\u00e1cter alcoh\u00f3lico c\u00e1lido que recuerda al oporto.<\/p>\n<p data-pm-slice=\"1 1 []\"><strong>Taste Profile: <\/strong>Empieza dulce y robusta. El impacto inicial es de az\u00facar caramelizada y malta. Aparecen sabores a frutas oscuras maduras y un toque de chocolate amargo que equilibra el dulzor el final es largo y persistente. El amargor del l\u00fapulo es m\u00ednimo, permitiendo que el final sea ligeramente licoroso y c\u00e1lido debido a su graduaci\u00f3n alcoh\u00f3lica (11% ABV).<\/p>\n<p data-pm-slice=\"1 1 []\"><strong>Perfect Pairings:\u00a0<\/strong>Marida bien con diversas comidas:<br \/>\nCarne: va muy bien con estofados de larga cocci\u00f3n inlcuso utilizando la misma cerveza como base.<br \/>\nQuesos: se recomienda con quesos azules potentes (Roquefort, Gorgonzola) o quesos maduros tipo Gouda a\u00f1ejo.<br \/>\nPostres: es una excelente para maridarla con un brownie de chocolate amargo, postres con frutos secos o una tarta de higos.<\/p>","protected":false},"featured_media":11879,"comment_status":"open","ping_status":"closed","template":"","meta":{"_eb_attr":""},"product_brand":[],"product_cat":[32,133,232,145],"product_tag":[],"class_list":{"0":"post-11878","1":"product","2":"type-product","3":"status-publish","4":"has-post-thumbnail","6":"product_cat-cervezas-belgas","7":"product_cat-kasteel","8":"product_cat-new-in-town","9":"product_cat-novedades","10":"pa_cervecerias-cerveceria-kasteel","11":"pa_filtroestilos-quadrupel","12":"pa_filtroorigen-filtroorigen-belgica","14":"first","15":"instock","16":"featured","17":"shipping-taxable","18":"purchasable","19":"product-type-simple"},"jetpack_sharing_enabled":true,"_links":{"self":[{"href":"https:\/\/beernation.gt\/en\/wp-json\/wp\/v2\/product\/11878","targetHints":{"allow":["GET"]}}],"collection":[{"href":"https:\/\/beernation.gt\/en\/wp-json\/wp\/v2\/product"}],"about":[{"href":"https:\/\/beernation.gt\/en\/wp-json\/wp\/v2\/types\/product"}],"replies":[{"embeddable":true,"href":"https:\/\/beernation.gt\/en\/wp-json\/wp\/v2\/comments?post=11878"}],"wp:featuredmedia":[{"embeddable":true,"href":"https:\/\/beernation.gt\/en\/wp-json\/wp\/v2\/media\/11879"}],"wp:attachment":[{"href":"https:\/\/beernation.gt\/en\/wp-json\/wp\/v2\/media?parent=11878"}],"wp:term":[{"taxonomy":"product_brand","embeddable":true,"href":"https:\/\/beernation.gt\/en\/wp-json\/wp\/v2\/product_brand?post=11878"},{"taxonomy":"product_cat","embeddable":true,"href":"https:\/\/beernation.gt\/en\/wp-json\/wp\/v2\/product_cat?post=11878"},{"taxonomy":"product_tag","embeddable":true,"href":"https:\/\/beernation.gt\/en\/wp-json\/wp\/v2\/product_tag?post=11878"}],"curies":[{"name":"wp","href":"https:\/\/api.w.org\/{rel}","templated":true}]}}