{"id":11882,"date":"2026-04-26T17:30:28","date_gmt":"2026-04-26T17:30:28","guid":{"rendered":"https:\/\/beernation.gt\/?post_type=product&#038;p=11882"},"modified":"2026-04-26T20:43:15","modified_gmt":"2026-04-26T20:43:15","slug":"erdinger-brahaus-naturradler","status":"publish","type":"product","link":"https:\/\/beernation.gt\/en\/product\/erdinger-brahaus-naturradler\/","title":{"rendered":"Brahaus NaturRadler"},"content":{"rendered":"<blockquote><p>&nbsp;<\/p><\/blockquote>","protected":false},"excerpt":{"rendered":"<p data-pm-slice=\"1 1 []\"><strong>330ml \/ 33cl<\/strong><br \/>\nABV: 2.5 \/ IBUs: 5<br \/>\nEstilo: Radler<br \/>\nCervecer\u00eda: Erdinger<br \/>\nOrigen: Alemania<\/p>\n<p><strong>Appearance: <\/strong>Amarillo dorado claro semitransparente, turbia pero sin sedimentos.<\/p>\n<p><strong>Aroma<\/strong>: Notas c\u00edtricas y maltosas, predomina el aroma del lim\u00f3n amarillo y a c\u00edtricos.<\/p>\n<p data-pm-slice=\"1 1 []\"><strong>Taste Profile: <\/strong>Frutal c\u00edtrico, sabor a lim\u00f3n amarillo , naranja y pan, muy nivelada, contiene muy poco alcohol, incluso en el retrogusto, sabe a c\u00edtricos, es agridulce.<\/p>\n<p data-pm-slice=\"1 1 []\"><strong>Perfect Pairings:\u00a0<\/strong>Comida frita, como alitas de pollo o deditos de pescado, papas a la francesa.<\/p>","protected":false},"featured_media":11883,"comment_status":"open","ping_status":"closed","template":"","meta":{"_eb_attr":""},"product_brand":[],"product_cat":[31,128,64,232,145],"product_tag":[120],"class_list":{"0":"post-11882","1":"product","2":"type-product","3":"status-publish","4":"has-post-thumbnail","6":"product_cat-cervezas-alemanas","7":"product_cat-erdinger","8":"product_cat-cervezas-lager","9":"product_cat-new-in-town","10":"product_cat-novedades","11":"product_tag-new-in-town","12":"pa_cervecerias-cerveceria-erdinger","13":"pa_filtroestilos-filtroestilo-lager","14":"pa_filtroorigen-filtroorigen-alemania","16":"first","17":"outofstock","18":"featured","19":"shipping-taxable","20":"purchasable","21":"product-type-simple"},"jetpack_sharing_enabled":true,"_links":{"self":[{"href":"https:\/\/beernation.gt\/en\/wp-json\/wp\/v2\/product\/11882","targetHints":{"allow":["GET"]}}],"collection":[{"href":"https:\/\/beernation.gt\/en\/wp-json\/wp\/v2\/product"}],"about":[{"href":"https:\/\/beernation.gt\/en\/wp-json\/wp\/v2\/types\/product"}],"replies":[{"embeddable":true,"href":"https:\/\/beernation.gt\/en\/wp-json\/wp\/v2\/comments?post=11882"}],"wp:featuredmedia":[{"embeddable":true,"href":"https:\/\/beernation.gt\/en\/wp-json\/wp\/v2\/media\/11883"}],"wp:attachment":[{"href":"https:\/\/beernation.gt\/en\/wp-json\/wp\/v2\/media?parent=11882"}],"wp:term":[{"taxonomy":"product_brand","embeddable":true,"href":"https:\/\/beernation.gt\/en\/wp-json\/wp\/v2\/product_brand?post=11882"},{"taxonomy":"product_cat","embeddable":true,"href":"https:\/\/beernation.gt\/en\/wp-json\/wp\/v2\/product_cat?post=11882"},{"taxonomy":"product_tag","embeddable":true,"href":"https:\/\/beernation.gt\/en\/wp-json\/wp\/v2\/product_tag?post=11882"}],"curies":[{"name":"wp","href":"https:\/\/api.w.org\/{rel}","templated":true}]}}