{"id":2158,"date":"2024-12-03T04:02:44","date_gmt":"2024-12-03T04:02:44","guid":{"rendered":"https:\/\/beernation.gt\/?post_type=product&#038;p=2158"},"modified":"2026-03-20T01:20:52","modified_gmt":"2026-03-20T01:20:52","slug":"abita-jockamo-juicy-ipa","status":"publish","type":"product","link":"https:\/\/beernation.gt\/en\/product\/abita-jockamo-juicy-ipa\/","title":{"rendered":"Jockamo Juicy IPA"},"content":{"rendered":"","protected":false},"excerpt":{"rendered":"<p data-pm-slice=\"1 1 []\"><strong>355ml \/ 12fl oz<br \/>\n<\/strong>ABV: 6 \/ IBU:30<br \/>\nEstilo: NEIPA<br \/>\nCervecer\u00eda: Abita<br \/>\nOrigen: Estados Unidos<\/p>\n<p><strong>Appearance: <\/strong>Dorado turbio.<\/p>\n<p data-pm-slice=\"1 1 []\"><strong>Aroma: <\/strong>Afrutada, mango y mel\u00f3n.<\/p>\n<p data-pm-slice=\"1 1 []\"><strong>Taste Profile: <\/strong>C\u00e1scara de naranja confitada con un toque muy leve de pud\u00edn de higos. Pi\u00f1a y pomelo rojo jugoso. Un poco de hierba y papaya funky en el final.<\/p>\n<p data-pm-slice=\"1 1 []\"><strong>Perfect Pairings: <\/strong>Comida picante, tacos, comida thai y\/o asi\u00e1tica.<\/p>\n<p data-pm-slice=\"1 1 []\">","protected":false},"featured_media":5040,"comment_status":"open","ping_status":"closed","template":"","meta":{"_eb_attr":""},"product_brand":[],"product_cat":[42,41,63],"product_tag":[242],"class_list":{"0":"post-2158","1":"product","2":"type-product","3":"status-publish","4":"has-post-thumbnail","6":"product_cat-abita","7":"product_cat-cervezas-estadounidenses","8":"product_cat-cervezas-ipa","9":"product_tag-neipa","10":"pa_cervecerias-cerveceria-abita","11":"pa_filtroestilos-filtroestilo-ipa","12":"pa_filtroorigen-filtroorigen-estadounidense","14":"first","15":"outofstock","16":"featured","17":"shipping-taxable","18":"purchasable","19":"product-type-simple"},"jetpack_sharing_enabled":true,"_links":{"self":[{"href":"https:\/\/beernation.gt\/en\/wp-json\/wp\/v2\/product\/2158","targetHints":{"allow":["GET"]}}],"collection":[{"href":"https:\/\/beernation.gt\/en\/wp-json\/wp\/v2\/product"}],"about":[{"href":"https:\/\/beernation.gt\/en\/wp-json\/wp\/v2\/types\/product"}],"replies":[{"embeddable":true,"href":"https:\/\/beernation.gt\/en\/wp-json\/wp\/v2\/comments?post=2158"}],"wp:featuredmedia":[{"embeddable":true,"href":"https:\/\/beernation.gt\/en\/wp-json\/wp\/v2\/media\/5040"}],"wp:attachment":[{"href":"https:\/\/beernation.gt\/en\/wp-json\/wp\/v2\/media?parent=2158"}],"wp:term":[{"taxonomy":"product_brand","embeddable":true,"href":"https:\/\/beernation.gt\/en\/wp-json\/wp\/v2\/product_brand?post=2158"},{"taxonomy":"product_cat","embeddable":true,"href":"https:\/\/beernation.gt\/en\/wp-json\/wp\/v2\/product_cat?post=2158"},{"taxonomy":"product_tag","embeddable":true,"href":"https:\/\/beernation.gt\/en\/wp-json\/wp\/v2\/product_tag?post=2158"}],"curies":[{"name":"wp","href":"https:\/\/api.w.org\/{rel}","templated":true}]}}