{"id":2161,"date":"2024-12-03T04:02:44","date_gmt":"2024-12-03T04:02:44","guid":{"rendered":"https:\/\/beernation.gt\/?post_type=product&#038;p=2161"},"modified":"2025-11-05T16:00:10","modified_gmt":"2025-11-05T16:00:10","slug":"brooklyn-lager","status":"publish","type":"product","link":"https:\/\/beernation.gt\/en\/product\/brooklyn-lager\/","title":{"rendered":"Lager"},"content":{"rendered":"","protected":false},"excerpt":{"rendered":"<p data-pm-slice=\"1 1 []\"><strong>355ml \/ 12fl oz<br \/>\n<\/strong>ABV: 5.2 \/ IBU:30<br \/>\nEstilo: Amber Lager<br \/>\nCervecer\u00eda: Brooklyn<br \/>\nOrigen: Estados Unidos<\/p>\n<p><strong>Appearance: <\/strong>Dorado \u00e1mbar.<\/p>\n<p data-pm-slice=\"1 1 []\"><strong>Aroma: <\/strong>Maltosa, caramelo y resinas.<\/p>\n<p data-pm-slice=\"1 1 []\"><strong>Taste Profile: <\/strong>Maltas ligeramente tostadas, caramelo y l\u00fapulos herbales. Los sabores siguen a la nariz con maltas agradablemente tostadas, caramelo, notas equilibradas de hierbas y l\u00fapulo picante. La sensaci\u00f3n en boca es media, con una carbonataci\u00f3n media y un final de l\u00fapulo amargo equilibrado que es seco.<\/p>\n<p data-pm-slice=\"1 1 []\"><strong>Perfect Pairings: <\/strong>Costillas con salsa barbacoa, risotto, pizza con mucho queso. Tambi\u00e9n quedar\u00e1 bien con el falafel.<\/p>\n<p data-pm-slice=\"1 1 []\">","protected":false},"featured_media":4946,"comment_status":"open","ping_status":"closed","template":"","meta":{"_eb_attr":""},"product_brand":[],"product_cat":[43,41,64],"product_tag":[],"class_list":{"0":"post-2161","1":"product","2":"type-product","3":"status-publish","4":"has-post-thumbnail","6":"product_cat-brooklyn","7":"product_cat-cervezas-estadounidenses","8":"product_cat-cervezas-lager","9":"pa_cervecerias-cerveceria-brooklyn","10":"pa_filtroestilos-filtroestilo-lager","11":"pa_filtroorigen-filtroorigen-estadounidense","13":"first","14":"instock","15":"featured","16":"shipping-taxable","17":"purchasable","18":"product-type-simple"},"jetpack_sharing_enabled":true,"_links":{"self":[{"href":"https:\/\/beernation.gt\/en\/wp-json\/wp\/v2\/product\/2161","targetHints":{"allow":["GET"]}}],"collection":[{"href":"https:\/\/beernation.gt\/en\/wp-json\/wp\/v2\/product"}],"about":[{"href":"https:\/\/beernation.gt\/en\/wp-json\/wp\/v2\/types\/product"}],"replies":[{"embeddable":true,"href":"https:\/\/beernation.gt\/en\/wp-json\/wp\/v2\/comments?post=2161"}],"wp:featuredmedia":[{"embeddable":true,"href":"https:\/\/beernation.gt\/en\/wp-json\/wp\/v2\/media\/4946"}],"wp:attachment":[{"href":"https:\/\/beernation.gt\/en\/wp-json\/wp\/v2\/media?parent=2161"}],"wp:term":[{"taxonomy":"product_brand","embeddable":true,"href":"https:\/\/beernation.gt\/en\/wp-json\/wp\/v2\/product_brand?post=2161"},{"taxonomy":"product_cat","embeddable":true,"href":"https:\/\/beernation.gt\/en\/wp-json\/wp\/v2\/product_cat?post=2161"},{"taxonomy":"product_tag","embeddable":true,"href":"https:\/\/beernation.gt\/en\/wp-json\/wp\/v2\/product_tag?post=2161"}],"curies":[{"name":"wp","href":"https:\/\/api.w.org\/{rel}","templated":true}]}}