{"id":2163,"date":"2024-12-03T04:02:44","date_gmt":"2024-12-03T04:02:44","guid":{"rendered":"https:\/\/beernation.gt\/?post_type=product&#038;p=2163"},"modified":"2025-12-08T15:17:45","modified_gmt":"2025-12-08T15:17:45","slug":"brooklyn-east-ipa","status":"publish","type":"product","link":"https:\/\/beernation.gt\/en\/product\/brooklyn-east-ipa\/","title":{"rendered":"East IPA"},"content":{"rendered":"","protected":false},"excerpt":{"rendered":"<p data-pm-slice=\"1 1 []\"><strong>355ml \/ 12fl oz<br \/>\n<\/strong>ABV: 6.8 \/ IBU:47<br \/>\nEstilo: IPA<br \/>\nCervecer\u00eda: Brooklyn<br \/>\nOrigen: Estados Unidos<\/p>\n<p><strong>Appearance: <\/strong>Dorado p\u00e1lido turbio.<\/p>\n<p data-pm-slice=\"1 1 []\"><strong>Aroma: <\/strong>Malta galleta, pasas doradas, l\u00fapulo de pino, t\u00e9 negro, corteza de pan, miel, pimienta negra y caramelo.<\/p>\n<p data-pm-slice=\"1 1 []\"><strong>Taste Profile: <\/strong>Limpia y bebible, repleta de sabor y ofrece un equilibrio audaz, no un golpe en la cabeza. Los l\u00fapulos estadounidenses se elevan en el brillante aroma a pino, mientras que los l\u00fapulos East Kent Goldings aportan el sabor de las frutas de hueso y el amargor firme del hogar brit\u00e1nico ancestral de la IPA.<\/p>\n<p data-pm-slice=\"1 1 []\"><strong>Perfect Pairings: <\/strong>Comida picante, tacos, comida thai y\/o asi\u00e1tica.<\/p>\n<p data-pm-slice=\"1 1 []\">","protected":false},"featured_media":9966,"comment_status":"open","ping_status":"closed","template":"","meta":{"_eb_attr":""},"product_brand":[],"product_cat":[43,41,63],"product_tag":[239],"class_list":{"0":"post-2163","1":"product","2":"type-product","3":"status-publish","4":"has-post-thumbnail","6":"product_cat-brooklyn","7":"product_cat-cervezas-estadounidenses","8":"product_cat-cervezas-ipa","9":"product_tag-otras-ipa","10":"pa_cervecerias-cerveceria-brooklyn","11":"pa_filtroestilos-filtroestilo-ipa","12":"pa_filtroorigen-filtroorigen-estadounidense","14":"first","15":"instock","16":"featured","17":"shipping-taxable","18":"purchasable","19":"product-type-simple"},"jetpack_sharing_enabled":true,"_links":{"self":[{"href":"https:\/\/beernation.gt\/en\/wp-json\/wp\/v2\/product\/2163","targetHints":{"allow":["GET"]}}],"collection":[{"href":"https:\/\/beernation.gt\/en\/wp-json\/wp\/v2\/product"}],"about":[{"href":"https:\/\/beernation.gt\/en\/wp-json\/wp\/v2\/types\/product"}],"replies":[{"embeddable":true,"href":"https:\/\/beernation.gt\/en\/wp-json\/wp\/v2\/comments?post=2163"}],"wp:featuredmedia":[{"embeddable":true,"href":"https:\/\/beernation.gt\/en\/wp-json\/wp\/v2\/media\/9966"}],"wp:attachment":[{"href":"https:\/\/beernation.gt\/en\/wp-json\/wp\/v2\/media?parent=2163"}],"wp:term":[{"taxonomy":"product_brand","embeddable":true,"href":"https:\/\/beernation.gt\/en\/wp-json\/wp\/v2\/product_brand?post=2163"},{"taxonomy":"product_cat","embeddable":true,"href":"https:\/\/beernation.gt\/en\/wp-json\/wp\/v2\/product_cat?post=2163"},{"taxonomy":"product_tag","embeddable":true,"href":"https:\/\/beernation.gt\/en\/wp-json\/wp\/v2\/product_tag?post=2163"}],"curies":[{"name":"wp","href":"https:\/\/api.w.org\/{rel}","templated":true}]}}