{"id":2166,"date":"2024-12-03T04:02:44","date_gmt":"2024-12-03T04:02:44","guid":{"rendered":"https:\/\/beernation.gt\/?post_type=product&#038;p=2166"},"modified":"2025-08-06T13:11:51","modified_gmt":"2025-08-06T13:11:51","slug":"rogue-gumberoo-west","status":"publish","type":"product","link":"https:\/\/beernation.gt\/en\/product\/rogue-gumberoo-west\/","title":{"rendered":"Gumberoo West"},"content":{"rendered":"","protected":false},"excerpt":{"rendered":"<p data-pm-slice=\"1 1 []\"><strong>355ml \/ 12fl oz<br \/>\n<\/strong>ABV: 6.8 \/ IBU:66<br \/>\nEstilo: West Coast IPA<br \/>\nCervecer\u00eda: Rogue<br \/>\nOrigen: Estados Unidos<\/p>\n<p><strong>Appearance: <\/strong>Dorado \u00e1mbar ligeramente turbia.<\/p>\n<p data-pm-slice=\"1 1 []\"><strong>Aroma: <\/strong>Afrutado, floral, resinosa. Aroma a malta terrosa en el fondo.<\/p>\n<p data-pm-slice=\"1 1 []\"><strong>Taste Profile: <\/strong>Muchos c\u00edtricos, especialmente naranja. Caramelo junto con algo de toffee. Amargor decente. Dulzura s\u00f3lida. Fuerte base de malta. Termina jugoso, limpio y seco al mismo tiempo. El alcohol b\u00e1sicamente pasa desapercibido en su mayor parte.<\/p>\n<p data-pm-slice=\"1 1 []\"><strong>Perfect Pairings: <\/strong>Comida picante, tacos, comida thai y\/o asi\u00e1tica.<\/p>\n<p data-pm-slice=\"1 1 []\">","protected":false},"featured_media":5001,"comment_status":"open","ping_status":"closed","template":"","meta":{"_eb_attr":""},"product_brand":[],"product_cat":[41,63,44],"product_tag":[240],"class_list":{"0":"post-2166","1":"product","2":"type-product","3":"status-publish","4":"has-post-thumbnail","6":"product_cat-cervezas-estadounidenses","7":"product_cat-cervezas-ipa","8":"product_cat-rogue","9":"product_tag-west-coast-ipa","10":"pa_cervecerias-cerveceria-rogue","11":"pa_filtroestilos-filtroestilo-ipa","12":"pa_filtroorigen-filtroorigen-estadounidense","14":"first","15":"instock","16":"featured","17":"shipping-taxable","18":"purchasable","19":"product-type-simple"},"jetpack_sharing_enabled":true,"_links":{"self":[{"href":"https:\/\/beernation.gt\/en\/wp-json\/wp\/v2\/product\/2166","targetHints":{"allow":["GET"]}}],"collection":[{"href":"https:\/\/beernation.gt\/en\/wp-json\/wp\/v2\/product"}],"about":[{"href":"https:\/\/beernation.gt\/en\/wp-json\/wp\/v2\/types\/product"}],"replies":[{"embeddable":true,"href":"https:\/\/beernation.gt\/en\/wp-json\/wp\/v2\/comments?post=2166"}],"wp:featuredmedia":[{"embeddable":true,"href":"https:\/\/beernation.gt\/en\/wp-json\/wp\/v2\/media\/5001"}],"wp:attachment":[{"href":"https:\/\/beernation.gt\/en\/wp-json\/wp\/v2\/media?parent=2166"}],"wp:term":[{"taxonomy":"product_brand","embeddable":true,"href":"https:\/\/beernation.gt\/en\/wp-json\/wp\/v2\/product_brand?post=2166"},{"taxonomy":"product_cat","embeddable":true,"href":"https:\/\/beernation.gt\/en\/wp-json\/wp\/v2\/product_cat?post=2166"},{"taxonomy":"product_tag","embeddable":true,"href":"https:\/\/beernation.gt\/en\/wp-json\/wp\/v2\/product_tag?post=2166"}],"curies":[{"name":"wp","href":"https:\/\/api.w.org\/{rel}","templated":true}]}}