{"id":2167,"date":"2024-12-03T04:02:44","date_gmt":"2024-12-03T04:02:44","guid":{"rendered":"https:\/\/beernation.gt\/?post_type=product&#038;p=2167"},"modified":"2026-03-05T23:13:32","modified_gmt":"2026-03-05T23:13:32","slug":"rogue-hazelnut-brown-nectar","status":"publish","type":"product","link":"https:\/\/beernation.gt\/en\/product\/rogue-hazelnut-brown-nectar\/","title":{"rendered":"Hazelnut Brown Ale"},"content":{"rendered":"","protected":false},"excerpt":{"rendered":"<p data-pm-slice=\"1 1 []\"><strong>355ml \/ 12fl oz<br \/>\n<\/strong>ABV: 5.6 \/ IBU:33<br \/>\nEstilo: Brown Ale<br \/>\nCervecer\u00eda: Rogue<br \/>\nOrigen: Estados Unidos<\/p>\n<p><strong>Appearance: <\/strong>Marr\u00f3n oscuro.<\/p>\n<p data-pm-slice=\"1 1 []\"><strong>Aroma: <\/strong>Licor Frangelico, chocolate, \u00e9steres de cereza, corteza de pan. Detr\u00e1s de todo eso hay un poco de malta tostada. Un gran aroma a nueces con un poco de tostadas y chocolate por debajo.<\/p>\n<p data-pm-slice=\"1 1 []\"><strong>Taste Profile: <\/strong>La avellana es agradable (aunque un poco artificial), pero pr\u00e1cticamente ahoga el resto de la cerveza. Hay un poco de tostado y chocolate por debajo. El amargor est\u00e1 bien equilibrado y el final es seco.<\/p>\n<p data-pm-slice=\"1 1 []\"><strong>Perfect Pairings: <\/strong>Carnes como el cerdo asado, salchichas ahumadas o carnes magras especiadas. Tambi\u00e9n es id\u00f3nea para el brit\u00e1nico queso Cheddar y postres \u00e1rabes.<\/p>\n<p data-pm-slice=\"1 1 []\">","protected":false},"featured_media":9987,"comment_status":"open","ping_status":"closed","template":"","meta":{"_eb_attr":""},"product_brand":[],"product_cat":[69,41,44],"product_tag":[],"class_list":{"0":"post-2167","1":"product","2":"type-product","3":"status-publish","4":"has-post-thumbnail","6":"product_cat-cervezas-brown-amber","7":"product_cat-cervezas-estadounidenses","8":"product_cat-rogue","9":"pa_cervecerias-cerveceria-rogue","10":"pa_filtroestilos-filtroestilo-brown-amber-ale","11":"pa_filtroorigen-filtroorigen-estadounidense","13":"first","14":"instock","15":"featured","16":"shipping-taxable","17":"purchasable","18":"product-type-simple"},"jetpack_sharing_enabled":true,"_links":{"self":[{"href":"https:\/\/beernation.gt\/en\/wp-json\/wp\/v2\/product\/2167","targetHints":{"allow":["GET"]}}],"collection":[{"href":"https:\/\/beernation.gt\/en\/wp-json\/wp\/v2\/product"}],"about":[{"href":"https:\/\/beernation.gt\/en\/wp-json\/wp\/v2\/types\/product"}],"replies":[{"embeddable":true,"href":"https:\/\/beernation.gt\/en\/wp-json\/wp\/v2\/comments?post=2167"}],"wp:featuredmedia":[{"embeddable":true,"href":"https:\/\/beernation.gt\/en\/wp-json\/wp\/v2\/media\/9987"}],"wp:attachment":[{"href":"https:\/\/beernation.gt\/en\/wp-json\/wp\/v2\/media?parent=2167"}],"wp:term":[{"taxonomy":"product_brand","embeddable":true,"href":"https:\/\/beernation.gt\/en\/wp-json\/wp\/v2\/product_brand?post=2167"},{"taxonomy":"product_cat","embeddable":true,"href":"https:\/\/beernation.gt\/en\/wp-json\/wp\/v2\/product_cat?post=2167"},{"taxonomy":"product_tag","embeddable":true,"href":"https:\/\/beernation.gt\/en\/wp-json\/wp\/v2\/product_tag?post=2167"}],"curies":[{"name":"wp","href":"https:\/\/api.w.org\/{rel}","templated":true}]}}