{"id":2168,"date":"2024-12-03T04:02:44","date_gmt":"2024-12-03T04:02:44","guid":{"rendered":"https:\/\/beernation.gt\/?post_type=product&#038;p=2168"},"modified":"2025-12-21T22:02:59","modified_gmt":"2025-12-21T22:02:59","slug":"rogue-honey-kolsch","status":"publish","type":"product","link":"https:\/\/beernation.gt\/en\/product\/rogue-honey-kolsch\/","title":{"rendered":"Honey K\u00f6lsch"},"content":{"rendered":"","protected":false},"excerpt":{"rendered":"<p data-pm-slice=\"1 1 []\"><strong>355ml \/ 12fl oz<br \/>\n<\/strong>ABV: 5 \/ IBU:26<br \/>\nEstilo: K\u00f6lsch<br \/>\nCervecer\u00eda: Rogue<br \/>\nOrigen: Estados Unidos<\/p>\n<p><strong>Appearance: <\/strong>Dorada ligeramente turbia.<\/p>\n<p data-pm-slice=\"1 1 []\"><strong>Aroma: <\/strong>Malta sutil, floral y un toque a miel.<\/p>\n<p data-pm-slice=\"1 1 []\"><strong>Taste Profile: <\/strong>El sabor es muy similar al aroma, b\u00e1sicamente una kolsch t\u00edpica pero con un toque floral y un toque muy suave de miel, no empalagoso ni dominante en lo m\u00e1s m\u00ednimo, solo sutil y muy bien logrado. El cuerpo es ligero, buen nivel de carbonataci\u00f3n, suave y muy bebible.<\/p>\n<p data-pm-slice=\"1 1 []\"><strong>Perfect Pairings: <\/strong>Platos suaves, como ensaladas ligeras, pizzas, salchichas alemanas, tabla de fiambres, o postres de frutas. Tambi\u00e9n se puede combinar con platos de pescado y crust\u00e1ceos.<\/p>\n<p data-pm-slice=\"1 1 []\">","protected":false},"featured_media":9968,"comment_status":"open","ping_status":"closed","template":"","meta":{"_eb_attr":""},"product_brand":[],"product_cat":[41,68,44],"product_tag":[],"class_list":{"0":"post-2168","1":"product","2":"type-product","3":"status-publish","4":"has-post-thumbnail","6":"product_cat-cervezas-estadounidenses","7":"product_cat-cervezas-pale-ale","8":"product_cat-rogue","9":"pa_cervecerias-cerveceria-rogue","10":"pa_filtroestilos-filtroestilo-pale-ale","11":"pa_filtroorigen-filtroorigen-estadounidense","13":"first","14":"instock","15":"featured","16":"shipping-taxable","17":"purchasable","18":"product-type-simple"},"jetpack_sharing_enabled":true,"_links":{"self":[{"href":"https:\/\/beernation.gt\/en\/wp-json\/wp\/v2\/product\/2168","targetHints":{"allow":["GET"]}}],"collection":[{"href":"https:\/\/beernation.gt\/en\/wp-json\/wp\/v2\/product"}],"about":[{"href":"https:\/\/beernation.gt\/en\/wp-json\/wp\/v2\/types\/product"}],"replies":[{"embeddable":true,"href":"https:\/\/beernation.gt\/en\/wp-json\/wp\/v2\/comments?post=2168"}],"wp:featuredmedia":[{"embeddable":true,"href":"https:\/\/beernation.gt\/en\/wp-json\/wp\/v2\/media\/9968"}],"wp:attachment":[{"href":"https:\/\/beernation.gt\/en\/wp-json\/wp\/v2\/media?parent=2168"}],"wp:term":[{"taxonomy":"product_brand","embeddable":true,"href":"https:\/\/beernation.gt\/en\/wp-json\/wp\/v2\/product_brand?post=2168"},{"taxonomy":"product_cat","embeddable":true,"href":"https:\/\/beernation.gt\/en\/wp-json\/wp\/v2\/product_cat?post=2168"},{"taxonomy":"product_tag","embeddable":true,"href":"https:\/\/beernation.gt\/en\/wp-json\/wp\/v2\/product_tag?post=2168"}],"curies":[{"name":"wp","href":"https:\/\/api.w.org\/{rel}","templated":true}]}}