{"id":2170,"date":"2024-12-03T04:02:44","date_gmt":"2024-12-03T04:02:44","guid":{"rendered":"https:\/\/beernation.gt\/?post_type=product&#038;p=2170"},"modified":"2025-11-13T03:36:00","modified_gmt":"2025-11-13T03:36:00","slug":"rogue-dead-guy-ale","status":"publish","type":"product","link":"https:\/\/beernation.gt\/en\/product\/rogue-dead-guy-ale\/","title":{"rendered":"Dead Guy Ale"},"content":{"rendered":"","protected":false},"excerpt":{"rendered":"<p data-pm-slice=\"1 1 []\"><strong>355ml \/ 12fl oz<br \/>\n<\/strong>ABV: 6.8 \/ IBU:40<br \/>\nEstilo: Maibock<br \/>\nCervecer\u00eda: Rogue<br \/>\nOrigen: Estados Unidos<\/p>\n<p><strong>Appearance: <\/strong>Dorado ambar intenso.<\/p>\n<p data-pm-slice=\"1 1 []\"><strong>Aroma: <\/strong>Ligeramente dulce con notas de malta, naranja y miel.<\/p>\n<p data-pm-slice=\"1 1 []\"><strong>Taste Profile: <\/strong>Inicialmente es ligeramente dulce en el paladar con sabores de malta, naranja y miel. Luego pasa a ser algo amarga con sabores suaves de resina de pino y c\u00e1scara de naranja. El final es m\u00e1s de esa amargura de resina. De cuerpo medio con una textura suave y tersa y carbonataci\u00f3n media.<\/p>\n<p data-pm-slice=\"1 1 []\"><strong>Perfect Pairings: <\/strong>Este estilo de cerveza combina bien con una variedad de estilos de comida, como pescado, cerdo, mariscos y cocina alemana. Tambi\u00e9n con quesos mantecosos como el Brie, el Gouda, el Havarti y el queso suizo.<\/p>\n<p data-pm-slice=\"1 1 []\">","protected":false},"featured_media":5049,"comment_status":"open","ping_status":"closed","template":"","meta":{"_eb_attr":""},"product_brand":[],"product_cat":[69,41,64,44],"product_tag":[],"class_list":{"0":"post-2170","1":"product","2":"type-product","3":"status-publish","4":"has-post-thumbnail","6":"product_cat-cervezas-brown-amber","7":"product_cat-cervezas-estadounidenses","8":"product_cat-cervezas-lager","9":"product_cat-rogue","10":"pa_cervecerias-cerveceria-rogue","11":"pa_filtroestilos-filtroestilo-brown-amber-ale","12":"pa_filtroestilos-filtroestilo-lager","13":"pa_filtroorigen-filtroorigen-estadounidense","15":"first","16":"instock","17":"featured","18":"shipping-taxable","19":"purchasable","20":"product-type-simple"},"jetpack_sharing_enabled":true,"_links":{"self":[{"href":"https:\/\/beernation.gt\/en\/wp-json\/wp\/v2\/product\/2170","targetHints":{"allow":["GET"]}}],"collection":[{"href":"https:\/\/beernation.gt\/en\/wp-json\/wp\/v2\/product"}],"about":[{"href":"https:\/\/beernation.gt\/en\/wp-json\/wp\/v2\/types\/product"}],"replies":[{"embeddable":true,"href":"https:\/\/beernation.gt\/en\/wp-json\/wp\/v2\/comments?post=2170"}],"wp:featuredmedia":[{"embeddable":true,"href":"https:\/\/beernation.gt\/en\/wp-json\/wp\/v2\/media\/5049"}],"wp:attachment":[{"href":"https:\/\/beernation.gt\/en\/wp-json\/wp\/v2\/media?parent=2170"}],"wp:term":[{"taxonomy":"product_brand","embeddable":true,"href":"https:\/\/beernation.gt\/en\/wp-json\/wp\/v2\/product_brand?post=2170"},{"taxonomy":"product_cat","embeddable":true,"href":"https:\/\/beernation.gt\/en\/wp-json\/wp\/v2\/product_cat?post=2170"},{"taxonomy":"product_tag","embeddable":true,"href":"https:\/\/beernation.gt\/en\/wp-json\/wp\/v2\/product_tag?post=2170"}],"curies":[{"name":"wp","href":"https:\/\/api.w.org\/{rel}","templated":true}]}}