{"id":2173,"date":"2024-12-03T04:02:46","date_gmt":"2024-12-03T04:02:46","guid":{"rendered":"https:\/\/beernation.gt\/?post_type=product&#038;p=2173"},"modified":"2026-04-14T15:52:06","modified_gmt":"2026-04-14T15:52:06","slug":"antigua-cerveza-muy-noble","status":"publish","type":"product","link":"https:\/\/beernation.gt\/en\/product\/antigua-cerveza-muy-noble\/","title":{"rendered":"Muy Noble"},"content":{"rendered":"","protected":false},"excerpt":{"rendered":"<p data-pm-slice=\"1 1 []\"><strong>355ml \/ 12fl oz<br \/>\n<\/strong>ABV: 4.5 \/ IBU:10<br \/>\nEstilo: Blond Ale<br \/>\nCervecer\u00eda: Antigua Cerveza<br \/>\nOrigen: Guatemala<\/p>\n<p><strong>Appearance: <\/strong>Clara.<\/p>\n<p data-pm-slice=\"1 1 []\"><strong>Aroma: <\/strong>Frutal, aroma a c\u00edtricos, duraznos y melocot\u00f3n.<\/p>\n<p data-pm-slice=\"1 1 []\"><strong>Taste Profile: <\/strong>Aromas y sabores c\u00edtricos de naranja, pi\u00f1a, durazno y melocot\u00f3n.<\/p>\n<p data-pm-slice=\"1 1 []\">","protected":false},"featured_media":5012,"comment_status":"open","ping_status":"closed","template":"","meta":{"_eb_attr":""},"product_brand":[],"product_cat":[45,33,68],"product_tag":[],"class_list":{"0":"post-2173","1":"product","2":"type-product","3":"status-publish","4":"has-post-thumbnail","6":"product_cat-antigua-cerveza","7":"product_cat-cervezas-guatemaltecas","8":"product_cat-cervezas-pale-ale","9":"pa_cervecerias-cerveceria-antigua-cerveza","10":"pa_filtroestilos-filtroestilo-pale-ale","11":"pa_filtroorigen-filtroorigen-guatemala","13":"first","14":"instock","15":"featured","16":"shipping-taxable","17":"purchasable","18":"product-type-simple"},"jetpack_sharing_enabled":true,"_links":{"self":[{"href":"https:\/\/beernation.gt\/en\/wp-json\/wp\/v2\/product\/2173","targetHints":{"allow":["GET"]}}],"collection":[{"href":"https:\/\/beernation.gt\/en\/wp-json\/wp\/v2\/product"}],"about":[{"href":"https:\/\/beernation.gt\/en\/wp-json\/wp\/v2\/types\/product"}],"replies":[{"embeddable":true,"href":"https:\/\/beernation.gt\/en\/wp-json\/wp\/v2\/comments?post=2173"}],"wp:featuredmedia":[{"embeddable":true,"href":"https:\/\/beernation.gt\/en\/wp-json\/wp\/v2\/media\/5012"}],"wp:attachment":[{"href":"https:\/\/beernation.gt\/en\/wp-json\/wp\/v2\/media?parent=2173"}],"wp:term":[{"taxonomy":"product_brand","embeddable":true,"href":"https:\/\/beernation.gt\/en\/wp-json\/wp\/v2\/product_brand?post=2173"},{"taxonomy":"product_cat","embeddable":true,"href":"https:\/\/beernation.gt\/en\/wp-json\/wp\/v2\/product_cat?post=2173"},{"taxonomy":"product_tag","embeddable":true,"href":"https:\/\/beernation.gt\/en\/wp-json\/wp\/v2\/product_tag?post=2173"}],"curies":[{"name":"wp","href":"https:\/\/api.w.org\/{rel}","templated":true}]}}