{"id":2178,"date":"2024-12-03T04:02:46","date_gmt":"2024-12-03T04:02:46","guid":{"rendered":"https:\/\/beernation.gt\/?post_type=product&#038;p=2178"},"modified":"2026-04-14T15:52:07","modified_gmt":"2026-04-14T15:52:07","slug":"antigua-cerveza-azul-y-blanco","status":"publish","type":"product","link":"https:\/\/beernation.gt\/en\/product\/antigua-cerveza-azul-y-blanco\/","title":{"rendered":"Azul y Blanco"},"content":{"rendered":"","protected":false},"excerpt":{"rendered":"<p data-pm-slice=\"1 1 []\"><strong>355ml \/ 12fl oz<br \/>\n<\/strong>ABV: 4.5 \/ IBU:18<br \/>\nEstilo: Lager<br \/>\nCervecer\u00eda: Antigua Cerveza<br \/>\nOrigen: Guatemala<\/p>\n<p><strong>Appearance: <\/strong>Dorado p\u00e1lido.<\/p>\n<p data-pm-slice=\"1 1 []\"><strong>Aroma: <\/strong>Un ligero aroma a l\u00fapulo floral, la intensidad de los aromas es bastante sutil, pero en general equilibrada, limpia y fresca.<\/p>\n<p data-pm-slice=\"1 1 []\"><strong>Taste Profile: <\/strong>Malta con un car\u00e1cter a grano-dulce posiblemente con una muy ligera cualidad a pan o miel. El sabor a l\u00fapulo es bajo con un car\u00e1cter floral.<\/p>\n<p data-pm-slice=\"1 1 []\">","protected":false},"featured_media":11315,"comment_status":"open","ping_status":"closed","template":"","meta":{"_eb_attr":""},"product_brand":[],"product_cat":[45,33,64],"product_tag":[],"class_list":{"0":"post-2178","1":"product","2":"type-product","3":"status-publish","4":"has-post-thumbnail","6":"product_cat-antigua-cerveza","7":"product_cat-cervezas-guatemaltecas","8":"product_cat-cervezas-lager","9":"pa_cervecerias-cerveceria-antigua-cerveza","10":"pa_filtroestilos-filtroestilo-lager","11":"pa_filtroorigen-filtroorigen-guatemala","13":"first","14":"instock","15":"featured","16":"shipping-taxable","17":"purchasable","18":"product-type-simple"},"jetpack_sharing_enabled":true,"_links":{"self":[{"href":"https:\/\/beernation.gt\/en\/wp-json\/wp\/v2\/product\/2178","targetHints":{"allow":["GET"]}}],"collection":[{"href":"https:\/\/beernation.gt\/en\/wp-json\/wp\/v2\/product"}],"about":[{"href":"https:\/\/beernation.gt\/en\/wp-json\/wp\/v2\/types\/product"}],"replies":[{"embeddable":true,"href":"https:\/\/beernation.gt\/en\/wp-json\/wp\/v2\/comments?post=2178"}],"wp:featuredmedia":[{"embeddable":true,"href":"https:\/\/beernation.gt\/en\/wp-json\/wp\/v2\/media\/11315"}],"wp:attachment":[{"href":"https:\/\/beernation.gt\/en\/wp-json\/wp\/v2\/media?parent=2178"}],"wp:term":[{"taxonomy":"product_brand","embeddable":true,"href":"https:\/\/beernation.gt\/en\/wp-json\/wp\/v2\/product_brand?post=2178"},{"taxonomy":"product_cat","embeddable":true,"href":"https:\/\/beernation.gt\/en\/wp-json\/wp\/v2\/product_cat?post=2178"},{"taxonomy":"product_tag","embeddable":true,"href":"https:\/\/beernation.gt\/en\/wp-json\/wp\/v2\/product_tag?post=2178"}],"curies":[{"name":"wp","href":"https:\/\/api.w.org\/{rel}","templated":true}]}}