{"id":2181,"date":"2024-12-03T04:02:46","date_gmt":"2024-12-03T04:02:46","guid":{"rendered":"https:\/\/beernation.gt\/?post_type=product&#038;p=2181"},"modified":"2026-04-24T21:03:51","modified_gmt":"2026-04-24T21:03:51","slug":"chichicaste","status":"publish","type":"product","link":"https:\/\/beernation.gt\/en\/product\/chichicaste\/","title":{"rendered":"Chichicaste"},"content":{"rendered":"","protected":false},"excerpt":{"rendered":"<p data-pm-slice=\"1 1 []\"><strong>355ml \/ 12fl oz<\/strong><br \/>\nABV: 8 \/ IBU:110<br \/>\nEstilo: Imperial IPA (Double IPA)<br \/>\nCervecer\u00eda: Antigua Cerveza<br \/>\nOrigen: Guatemala<\/p>\n<p><strong>Appearance: <\/strong>Dorado cobrizo.<\/p>\n<p data-pm-slice=\"1 1 []\"><strong>Aroma: <\/strong>Intenso aroma a l\u00fapulo, que t\u00edpicamente demuestra caracter\u00edsticas de c\u00edtricos, florales, pin\u00e1ceos, resinosos, especiados, frutas tropicales, berries, frutas de hueso.<\/p>\n<p data-pm-slice=\"1 1 []\"><strong>Taste Profile: <\/strong>El sabor a l\u00fapulo es fuerte y complejo, pudiendo reflejar caracter\u00edsticas de c\u00edtricos, florales, pin\u00e1ceos, resinosos, especiados, frutas tropicales, berries, frutas de hueso. Alto a absurdamente-alto amargor de l\u00fapulo. Un largo y persistente amargor usualmente est\u00e1 presente en el retrogusto.<\/p>","protected":false},"featured_media":9649,"comment_status":"open","ping_status":"closed","template":"","meta":{"_eb_attr":""},"product_brand":[],"product_cat":[45,225,197,33,186,211],"product_tag":[],"class_list":{"0":"post-2181","1":"product","2":"type-product","3":"status-publish","4":"has-post-thumbnail","6":"product_cat-antigua-cerveza","7":"product_cat-cervezas-para-la-lluvia","8":"product_cat-double-ipa","9":"product_cat-cervezas-guatemaltecas","10":"product_cat-ipa-chapinas","11":"product_cat-recomendacion-beernation","12":"pa_cervecerias-cerveceria-antigua-cerveza","13":"pa_filtroestilos-filtroestilo-ipa","14":"pa_filtroorigen-filtroorigen-guatemala","16":"first","17":"instock","18":"featured","19":"shipping-taxable","20":"purchasable","21":"product-type-simple"},"jetpack_sharing_enabled":true,"_links":{"self":[{"href":"https:\/\/beernation.gt\/en\/wp-json\/wp\/v2\/product\/2181","targetHints":{"allow":["GET"]}}],"collection":[{"href":"https:\/\/beernation.gt\/en\/wp-json\/wp\/v2\/product"}],"about":[{"href":"https:\/\/beernation.gt\/en\/wp-json\/wp\/v2\/types\/product"}],"replies":[{"embeddable":true,"href":"https:\/\/beernation.gt\/en\/wp-json\/wp\/v2\/comments?post=2181"}],"wp:featuredmedia":[{"embeddable":true,"href":"https:\/\/beernation.gt\/en\/wp-json\/wp\/v2\/media\/9649"}],"wp:attachment":[{"href":"https:\/\/beernation.gt\/en\/wp-json\/wp\/v2\/media?parent=2181"}],"wp:term":[{"taxonomy":"product_brand","embeddable":true,"href":"https:\/\/beernation.gt\/en\/wp-json\/wp\/v2\/product_brand?post=2181"},{"taxonomy":"product_cat","embeddable":true,"href":"https:\/\/beernation.gt\/en\/wp-json\/wp\/v2\/product_cat?post=2181"},{"taxonomy":"product_tag","embeddable":true,"href":"https:\/\/beernation.gt\/en\/wp-json\/wp\/v2\/product_tag?post=2181"}],"curies":[{"name":"wp","href":"https:\/\/api.w.org\/{rel}","templated":true}]}}