{"id":2193,"date":"2024-12-03T04:02:47","date_gmt":"2024-12-03T04:02:47","guid":{"rendered":"https:\/\/beernation.gt\/?post_type=product&#038;p=2193"},"modified":"2026-04-10T14:05:57","modified_gmt":"2026-04-10T14:05:57","slug":"sapiens-lavenosa","status":"publish","type":"product","link":"https:\/\/beernation.gt\/en\/product\/sapiens-lavenosa\/","title":{"rendered":"L&#8217;Avenosa"},"content":{"rendered":"","protected":false},"excerpt":{"rendered":"<p data-pm-slice=\"1 1 []\"><strong>355ml \/ 12fl oz<\/strong><br \/>\nABV: 6.9 \/ IBU: 38<br \/>\nEstilo: Porter<br \/>\nCervecer\u00eda: Sapiens<br \/>\nOrigen: Guatemala<\/p>\n<p><strong>Appearance: <\/strong>Marr\u00f3n oscuro con tonos rub\u00edes. Espuma densa de color beige claro que deja una buena corona.<\/p>\n<p data-pm-slice=\"1 1 []\"><strong>Aroma: <\/strong>Intensas a maltas tostadas, cacao y un leve toque de caf\u00e9. Puede haber matices de nuez, caramelo , avena y vainilla.<\/p>\n<p data-pm-slice=\"1 1 []\"><strong>Taste Profile: <\/strong>Entrada suave y dulce con notas a chocolate negro, avena y vainilla. Cacao amargo se desarrollan en el paladar. La avena contribuye a una textura sedosa que equilibra la intensidad de los sabores tostados. Final con leve amargor, sabores a malta tostada y cacao que persisten. El retrogusto es suave, sin ser abrumador..<\/p>\n<p data-pm-slice=\"1 1 []\"><strong>Perfect Pairings: <\/strong>Carnes ahumadas, costillas BBQ, platos a base de cerdo o ternera asada. Tambi\u00e9n acompa\u00f1a bien con quesos fuertes como el cheddar o el Gouda. Postres, acompa\u00f1a perfecto con postres a base de chocolate o caf\u00e9 como el tiramis\u00fa o un mousse de chocolate oscuro.<\/p>\n<p data-pm-slice=\"1 1 []\">","protected":false},"featured_media":7180,"comment_status":"open","ping_status":"closed","template":"","meta":{"_eb_attr":""},"product_brand":[],"product_cat":[225,33,65,47],"product_tag":[],"class_list":{"0":"post-2193","1":"product","2":"type-product","3":"status-publish","4":"has-post-thumbnail","6":"product_cat-cervezas-para-la-lluvia","7":"product_cat-cervezas-guatemaltecas","8":"product_cat-cervezas-porter-stout","9":"product_cat-sapiens","10":"pa_cervecerias-cerveceria-sapiens","11":"pa_filtroestilos-filtroestilo-porter-stout","12":"pa_filtroorigen-filtroorigen-guatemala","14":"first","15":"instock","16":"featured","17":"shipping-taxable","18":"purchasable","19":"product-type-simple"},"jetpack_sharing_enabled":true,"_links":{"self":[{"href":"https:\/\/beernation.gt\/en\/wp-json\/wp\/v2\/product\/2193","targetHints":{"allow":["GET"]}}],"collection":[{"href":"https:\/\/beernation.gt\/en\/wp-json\/wp\/v2\/product"}],"about":[{"href":"https:\/\/beernation.gt\/en\/wp-json\/wp\/v2\/types\/product"}],"replies":[{"embeddable":true,"href":"https:\/\/beernation.gt\/en\/wp-json\/wp\/v2\/comments?post=2193"}],"wp:featuredmedia":[{"embeddable":true,"href":"https:\/\/beernation.gt\/en\/wp-json\/wp\/v2\/media\/7180"}],"wp:attachment":[{"href":"https:\/\/beernation.gt\/en\/wp-json\/wp\/v2\/media?parent=2193"}],"wp:term":[{"taxonomy":"product_brand","embeddable":true,"href":"https:\/\/beernation.gt\/en\/wp-json\/wp\/v2\/product_brand?post=2193"},{"taxonomy":"product_cat","embeddable":true,"href":"https:\/\/beernation.gt\/en\/wp-json\/wp\/v2\/product_cat?post=2193"},{"taxonomy":"product_tag","embeddable":true,"href":"https:\/\/beernation.gt\/en\/wp-json\/wp\/v2\/product_tag?post=2193"}],"curies":[{"name":"wp","href":"https:\/\/api.w.org\/{rel}","templated":true}]}}