{"id":2194,"date":"2024-12-03T04:02:47","date_gmt":"2024-12-03T04:02:47","guid":{"rendered":"https:\/\/beernation.gt\/?post_type=product&#038;p=2194"},"modified":"2026-04-01T18:57:43","modified_gmt":"2026-04-01T18:57:43","slug":"star-brewing-la-morada-acida","status":"publish","type":"product","link":"https:\/\/beernation.gt\/en\/product\/star-brewing-la-morada-acida\/","title":{"rendered":"La Morada \u00c1cida"},"content":{"rendered":"","protected":false},"excerpt":{"rendered":"<p data-pm-slice=\"1 1 []\"><strong>355ml \/ 12fl oz<\/strong><br \/>\nABV: 4.8 \/ IBU:8<br \/>\nEstilo: Berliner Weiss<br \/>\nCervecer\u00eda: Star Brewing<br \/>\nOrigen: Guatemala<\/p>\n<p><strong>Appearance: <\/strong>Roja con espuma rosada.<\/p>\n<p data-pm-slice=\"1 1 []\"><strong>Aroma: <\/strong>Malta, moras, fresas y frambuesas.<\/p>\n<p data-pm-slice=\"1 1 []\"><strong>Taste Profile: <\/strong>Cerveza de trigo refrescante al paladar. Los sabores se unen con un fuerte golpe de frutos rojos y se acidifican con lactobacillus para una resultado audaz.<\/p>\n<p data-pm-slice=\"1 1 []\"><strong>Perfect Pairings: <\/strong>Comidas grasas y bien cocidas como un estofado de ternera, tambi\u00e9n con platos igualmente \u00e1cidos como un ceviche peruano. Postres a base de frutas c\u00edtricas como tartaletas o mousse.<\/p>","protected":false},"featured_media":8658,"comment_status":"open","ping_status":"closed","template":"","meta":{"_eb_attr":""},"product_brand":[],"product_cat":[71,33,67,48],"product_tag":[235],"class_list":{"0":"post-2194","1":"product","2":"type-product","3":"status-publish","4":"has-post-thumbnail","6":"product_cat-cervezas-fruit","7":"product_cat-cervezas-guatemaltecas","8":"product_cat-cervezas-sour-lambic","9":"product_cat-star-brewing","10":"product_tag-back-in-stock","11":"pa_cervecerias-cerveceria-star-brewing","12":"pa_filtroestilos-filtroestilo-fruit-beer","13":"pa_filtroestilos-filtroestilo-sour-lambic","14":"pa_filtroorigen-filtroorigen-guatemala","16":"first","17":"outofstock","18":"featured","19":"shipping-taxable","20":"purchasable","21":"product-type-simple"},"jetpack_sharing_enabled":true,"_links":{"self":[{"href":"https:\/\/beernation.gt\/en\/wp-json\/wp\/v2\/product\/2194","targetHints":{"allow":["GET"]}}],"collection":[{"href":"https:\/\/beernation.gt\/en\/wp-json\/wp\/v2\/product"}],"about":[{"href":"https:\/\/beernation.gt\/en\/wp-json\/wp\/v2\/types\/product"}],"replies":[{"embeddable":true,"href":"https:\/\/beernation.gt\/en\/wp-json\/wp\/v2\/comments?post=2194"}],"wp:featuredmedia":[{"embeddable":true,"href":"https:\/\/beernation.gt\/en\/wp-json\/wp\/v2\/media\/8658"}],"wp:attachment":[{"href":"https:\/\/beernation.gt\/en\/wp-json\/wp\/v2\/media?parent=2194"}],"wp:term":[{"taxonomy":"product_brand","embeddable":true,"href":"https:\/\/beernation.gt\/en\/wp-json\/wp\/v2\/product_brand?post=2194"},{"taxonomy":"product_cat","embeddable":true,"href":"https:\/\/beernation.gt\/en\/wp-json\/wp\/v2\/product_cat?post=2194"},{"taxonomy":"product_tag","embeddable":true,"href":"https:\/\/beernation.gt\/en\/wp-json\/wp\/v2\/product_tag?post=2194"}],"curies":[{"name":"wp","href":"https:\/\/api.w.org\/{rel}","templated":true}]}}