{"id":4961,"date":"2024-12-13T07:09:46","date_gmt":"2024-12-13T07:09:46","guid":{"rendered":"https:\/\/beernation.gt\/product\/urweisse\/"},"modified":"2026-05-02T22:15:53","modified_gmt":"2026-05-02T22:15:53","slug":"urweisse","status":"publish","type":"product","link":"https:\/\/beernation.gt\/en\/product\/urweisse\/","title":{"rendered":"Urweisse"},"content":{"rendered":"","protected":false},"excerpt":{"rendered":"<p data-pm-slice=\"1 1 []\"><strong>500ml \/ 50cl<\/strong><br \/>\n ABV: 4.9 \/ IBU: 12<br \/>\n Estilo: Hefeweizen<br \/>\n Cervecer\u00eda: Erdinger<br \/>\n Origen: Alemania<\/p>\n<p><strong>Appearance: <\/strong>\u00c1mbar oscuro y espuma de color crema.<\/p>\n<p data-pm-slice=\"1 1 []\"><strong>Aroma: <\/strong>Caramelo, pl\u00e1tano\/banano maduro y clavo de olor.<\/p>\n<p data-pm-slice=\"1 1 []\"><strong>Taste Profile: <\/strong>Notas tostadas, de mucho cuerpo y sabor. Un contenido en di\u00f3xido de carbono ligeramente m\u00e1s alto a lo habitual produce una sensaci\u00f3n chispeante.<\/p>\n<p data-pm-slice=\"1 1 []\"><strong>Perfect Pairings: <\/strong>Embutidos y pat\u00e9s, carnes a la parrilla o barbacoa.<\/p>\n<p data-pm-slice=\"1 1 []\">","protected":false},"featured_media":4952,"comment_status":"open","ping_status":"closed","template":"","meta":{"_eb_attr":""},"product_brand":[],"product_cat":[31,128,66],"product_tag":[235],"class_list":{"0":"post-4961","1":"product","2":"type-product","3":"status-publish","4":"has-post-thumbnail","6":"product_cat-cervezas-alemanas","7":"product_cat-erdinger","8":"product_cat-cervezas-trigo-weissbier","9":"product_tag-back-in-stock","10":"pa_cervecerias-cerveceria-erdinger","11":"pa_filtroestilos-filtroestilo-trigo-weissbier","12":"pa_filtroorigen-filtroorigen-alemania","14":"first","15":"instock","16":"featured","17":"shipping-taxable","18":"purchasable","19":"product-type-simple"},"jetpack_sharing_enabled":true,"_links":{"self":[{"href":"https:\/\/beernation.gt\/en\/wp-json\/wp\/v2\/product\/4961","targetHints":{"allow":["GET"]}}],"collection":[{"href":"https:\/\/beernation.gt\/en\/wp-json\/wp\/v2\/product"}],"about":[{"href":"https:\/\/beernation.gt\/en\/wp-json\/wp\/v2\/types\/product"}],"replies":[{"embeddable":true,"href":"https:\/\/beernation.gt\/en\/wp-json\/wp\/v2\/comments?post=4961"}],"wp:featuredmedia":[{"embeddable":true,"href":"https:\/\/beernation.gt\/en\/wp-json\/wp\/v2\/media\/4952"}],"wp:attachment":[{"href":"https:\/\/beernation.gt\/en\/wp-json\/wp\/v2\/media?parent=4961"}],"wp:term":[{"taxonomy":"product_brand","embeddable":true,"href":"https:\/\/beernation.gt\/en\/wp-json\/wp\/v2\/product_brand?post=4961"},{"taxonomy":"product_cat","embeddable":true,"href":"https:\/\/beernation.gt\/en\/wp-json\/wp\/v2\/product_cat?post=4961"},{"taxonomy":"product_tag","embeddable":true,"href":"https:\/\/beernation.gt\/en\/wp-json\/wp\/v2\/product_tag?post=4961"}],"curies":[{"name":"wp","href":"https:\/\/api.w.org\/{rel}","templated":true}]}}