{"id":4977,"date":"2024-12-13T07:09:52","date_gmt":"2024-12-13T07:09:52","guid":{"rendered":"https:\/\/beernation.gt\/product\/tarot-noir\/"},"modified":"2026-04-08T13:57:09","modified_gmt":"2026-04-08T13:57:09","slug":"tarot-noir","status":"publish","type":"product","link":"https:\/\/beernation.gt\/en\/product\/tarot-noir\/","title":{"rendered":"Tarot Noir"},"content":{"rendered":"","protected":false},"excerpt":{"rendered":"<p data-pm-slice=\"1 1 []\"><strong>250ml \/ 25cl<\/strong><br \/>\nABV: 8<br \/>\nEstilo: Fruit Ale<br \/>\nCervecer\u00eda: Lindemans<br \/>\nOrigin: Belgium<\/p>\n<p><strong>Appearance: <\/strong>De color p\u00farpura oscuro en el vaso. Tiene una corona de espuma compacta.<\/p>\n<p data-pm-slice=\"1 1 []\"><strong>Aroma: <\/strong>Aroma intenso de frutos negros y rojos.<\/p>\n<p data-pm-slice=\"1 1 []\"><strong>Taste Profile: <\/strong>El sabor es jugoso y redondo, que recuerda a las grosellas rojas y negras con un toque de cereza. Tiene una buena acidez y un postgusto sorprendentemente suave y fresco.<\/p>\n<p data-pm-slice=\"1 1 []\"><strong>Perfect Pairings: <\/strong>Se complementa perfectamente con carnes rojas asadas y estofados. Tambi\u00e9n es ideal para acompa\u00f1ar platos de caza, como venado, quesos fuertes y curados, como el gouda a\u00f1ejo y el queso azul, tambi\u00e9n son excelentes compa\u00f1eros para la cerveza y por su puesto con postres con chocolates oscuros y tartas de frutas.<\/p>\n<p data-pm-slice=\"1 1 []\">","protected":false},"featured_media":4922,"comment_status":"open","ping_status":"closed","template":"","meta":{"_eb_attr":""},"product_brand":[],"product_cat":[70,32,71,134],"product_tag":[],"class_list":{"0":"post-4977","1":"product","2":"type-product","3":"status-publish","4":"has-post-thumbnail","6":"product_cat-cervezas-belgian-ale","7":"product_cat-cervezas-belgas","8":"product_cat-cervezas-fruit","9":"product_cat-lindemans","10":"pa_cervecerias-cerveceria-lindemans","11":"pa_filtroestilos-filtroestilo-belgian-ale","12":"pa_filtroestilos-filtroestilo-fruit-beer","13":"pa_filtroorigen-filtroorigen-belgica","15":"first","16":"instock","17":"featured","18":"shipping-taxable","19":"purchasable","20":"product-type-simple"},"jetpack_sharing_enabled":true,"_links":{"self":[{"href":"https:\/\/beernation.gt\/en\/wp-json\/wp\/v2\/product\/4977","targetHints":{"allow":["GET"]}}],"collection":[{"href":"https:\/\/beernation.gt\/en\/wp-json\/wp\/v2\/product"}],"about":[{"href":"https:\/\/beernation.gt\/en\/wp-json\/wp\/v2\/types\/product"}],"replies":[{"embeddable":true,"href":"https:\/\/beernation.gt\/en\/wp-json\/wp\/v2\/comments?post=4977"}],"wp:featuredmedia":[{"embeddable":true,"href":"https:\/\/beernation.gt\/en\/wp-json\/wp\/v2\/media\/4922"}],"wp:attachment":[{"href":"https:\/\/beernation.gt\/en\/wp-json\/wp\/v2\/media?parent=4977"}],"wp:term":[{"taxonomy":"product_brand","embeddable":true,"href":"https:\/\/beernation.gt\/en\/wp-json\/wp\/v2\/product_brand?post=4977"},{"taxonomy":"product_cat","embeddable":true,"href":"https:\/\/beernation.gt\/en\/wp-json\/wp\/v2\/product_cat?post=4977"},{"taxonomy":"product_tag","embeddable":true,"href":"https:\/\/beernation.gt\/en\/wp-json\/wp\/v2\/product_tag?post=4977"}],"curies":[{"name":"wp","href":"https:\/\/api.w.org\/{rel}","templated":true}]}}