{"id":6437,"date":"2025-02-13T03:58:53","date_gmt":"2025-02-13T03:58:53","guid":{"rendered":"https:\/\/beernation.gt\/?post_type=product&#038;p=6437"},"modified":"2026-04-30T12:08:03","modified_gmt":"2026-04-30T12:08:03","slug":"aventinus","status":"publish","type":"product","link":"https:\/\/beernation.gt\/en\/product\/aventinus\/","title":{"rendered":"Aventinus"},"content":{"rendered":"","protected":false},"excerpt":{"rendered":"<p data-pm-slice=\"1 1 []\"><strong>500ml \/ 50cl<\/strong><br \/>\nABV: 8.2 \/ IBUs: 15<br \/>\nEstilo: Weizen Doppelbock<br \/>\nCervecer\u00eda: Schneider<br \/>\nOrigen: Alemania<\/p>\n<p><strong>Appearance: <\/strong>Rub\u00ed oscuro, intenso con reflejos dorados y abundante espuma.<\/p>\n<p data-pm-slice=\"1 1 []\"><strong>Aroma: <\/strong>Aroma a pl\u00e1tano, rosas y chocolate.<\/p>\n<p data-pm-slice=\"1 1 []\"><strong>Taste Profile: <\/strong>Dulce y suave con notas especiadas y a malta. Un final balanceado entre dulce y ligeramente amargo.<\/p>\n<p data-pm-slice=\"1 1 []\"><strong>Perfect Pairings: <\/strong>Carnes asadas, guisos, quesos fuertes y postres con chocolate. Tambi\u00e9n puede ser una excelente opci\u00f3n para maridar con platos m\u00e1s picantes, como curries o comidas mexicanas.<\/p>","protected":false},"featured_media":6443,"comment_status":"open","ping_status":"closed","template":"","meta":{"_eb_attr":""},"product_brand":[],"product_cat":[31,69,225,211,39,66],"product_tag":[],"class_list":{"0":"post-6437","1":"product","2":"type-product","3":"status-publish","4":"has-post-thumbnail","6":"product_cat-cervezas-alemanas","7":"product_cat-cervezas-brown-amber","8":"product_cat-cervezas-para-la-lluvia","9":"product_cat-recomendacion-beernation","10":"product_cat-schneider","11":"product_cat-cervezas-trigo-weissbier","12":"pa_cervecerias-cerveceria-schneider","13":"pa_filtroestilos-filtroestilo-brown-amber-ale","14":"pa_filtroestilos-filtroestilo-trigo-weissbier","15":"pa_filtroorigen-filtroorigen-alemania","17":"first","18":"instock","19":"featured","20":"shipping-taxable","21":"purchasable","22":"product-type-simple"},"jetpack_sharing_enabled":true,"_links":{"self":[{"href":"https:\/\/beernation.gt\/en\/wp-json\/wp\/v2\/product\/6437","targetHints":{"allow":["GET"]}}],"collection":[{"href":"https:\/\/beernation.gt\/en\/wp-json\/wp\/v2\/product"}],"about":[{"href":"https:\/\/beernation.gt\/en\/wp-json\/wp\/v2\/types\/product"}],"replies":[{"embeddable":true,"href":"https:\/\/beernation.gt\/en\/wp-json\/wp\/v2\/comments?post=6437"}],"wp:featuredmedia":[{"embeddable":true,"href":"https:\/\/beernation.gt\/en\/wp-json\/wp\/v2\/media\/6443"}],"wp:attachment":[{"href":"https:\/\/beernation.gt\/en\/wp-json\/wp\/v2\/media?parent=6437"}],"wp:term":[{"taxonomy":"product_brand","embeddable":true,"href":"https:\/\/beernation.gt\/en\/wp-json\/wp\/v2\/product_brand?post=6437"},{"taxonomy":"product_cat","embeddable":true,"href":"https:\/\/beernation.gt\/en\/wp-json\/wp\/v2\/product_cat?post=6437"},{"taxonomy":"product_tag","embeddable":true,"href":"https:\/\/beernation.gt\/en\/wp-json\/wp\/v2\/product_tag?post=6437"}],"curies":[{"name":"wp","href":"https:\/\/api.w.org\/{rel}","templated":true}]}}