{"id":6441,"date":"2025-02-13T04:21:25","date_gmt":"2025-02-13T04:21:25","guid":{"rendered":"https:\/\/beernation.gt\/?post_type=product&#038;p=6441"},"modified":"2026-04-26T17:20:42","modified_gmt":"2026-04-26T17:20:42","slug":"weizen","status":"publish","type":"product","link":"https:\/\/beernation.gt\/en\/product\/weizen\/","title":{"rendered":"Weizen"},"content":{"rendered":"","protected":false},"excerpt":{"rendered":"<p data-pm-slice=\"1 1 []\"><strong>330ml \/ 33cl<\/strong><br \/>\nABV: 5.1 \/ IBUs: 15<br \/>\nEstilo: Hefeweizen<br \/>\nCervecer\u00eda: Flensburger<br \/>\nOrigen: Alemania<\/p>\n<p><strong>Appearance: <\/strong>Apariencia dorada, fresca y burbujeante con lo turbio caracter\u00edstico de las cervezas de trigo.<\/p>\n<p data-pm-slice=\"1 1 []\"><strong>Aroma: <\/strong>Notas dulces de trigo, pan, levadura, notas afrutadas dulces c\u00edtricas, pl\u00e1tano, naranja y especias t\u00edpicas como clavo y pimienta.<\/p>\n<p data-pm-slice=\"1 1 []\"><strong>Taste Profile: <\/strong>De amargor bajo, notas de pl\u00e1tano, algo de clavo y tambi\u00e9n un toque tostado. Final largo seco y amargor muy agradable.<\/p>\n<p data-pm-slice=\"1 1 []\"><strong>Perfect Pairings: <\/strong>Acompa\u00f1a bien con mariscos como camarones, calamares, mejillones. Platos \u00e1cidos como las ensaladas con vinagreta de lim\u00f3n o un ceviche, Tambi\u00e9n con comidas picantes como las salchichas de curry y platos thai.<\/p>","protected":false},"featured_media":6447,"comment_status":"open","ping_status":"closed","template":"","meta":{"_eb_attr":""},"product_brand":[],"product_cat":[31,154,66],"product_tag":[],"class_list":{"0":"post-6441","1":"product","2":"type-product","3":"status-publish","4":"has-post-thumbnail","6":"product_cat-cervezas-alemanas","7":"product_cat-flensburger","8":"product_cat-cervezas-trigo-weissbier","9":"pa_cervecerias-flensburger","10":"pa_filtroestilos-filtroestilo-trigo-weissbier","11":"pa_filtroorigen-filtroorigen-alemania","13":"first","14":"instock","15":"featured","16":"shipping-taxable","17":"purchasable","18":"product-type-simple"},"jetpack_sharing_enabled":true,"_links":{"self":[{"href":"https:\/\/beernation.gt\/en\/wp-json\/wp\/v2\/product\/6441","targetHints":{"allow":["GET"]}}],"collection":[{"href":"https:\/\/beernation.gt\/en\/wp-json\/wp\/v2\/product"}],"about":[{"href":"https:\/\/beernation.gt\/en\/wp-json\/wp\/v2\/types\/product"}],"replies":[{"embeddable":true,"href":"https:\/\/beernation.gt\/en\/wp-json\/wp\/v2\/comments?post=6441"}],"wp:featuredmedia":[{"embeddable":true,"href":"https:\/\/beernation.gt\/en\/wp-json\/wp\/v2\/media\/6447"}],"wp:attachment":[{"href":"https:\/\/beernation.gt\/en\/wp-json\/wp\/v2\/media?parent=6441"}],"wp:term":[{"taxonomy":"product_brand","embeddable":true,"href":"https:\/\/beernation.gt\/en\/wp-json\/wp\/v2\/product_brand?post=6441"},{"taxonomy":"product_cat","embeddable":true,"href":"https:\/\/beernation.gt\/en\/wp-json\/wp\/v2\/product_cat?post=6441"},{"taxonomy":"product_tag","embeddable":true,"href":"https:\/\/beernation.gt\/en\/wp-json\/wp\/v2\/product_tag?post=6441"}],"curies":[{"name":"wp","href":"https:\/\/api.w.org\/{rel}","templated":true}]}}