{"id":6610,"date":"2025-02-27T22:25:05","date_gmt":"2025-02-27T22:25:05","guid":{"rendered":"https:\/\/beernation.gt\/?post_type=product&#038;p=6610"},"modified":"2026-05-02T18:27:49","modified_gmt":"2026-05-02T18:27:49","slug":"trooper-ipa","status":"publish","type":"product","link":"https:\/\/beernation.gt\/en\/product\/trooper-ipa\/","title":{"rendered":"Trooper &#8211; IPA"},"content":{"rendered":"","protected":false},"excerpt":{"rendered":"<p data-pm-slice=\"1 1 []\"><strong>500ml \/ 50cl<\/strong><br \/>\nABV: 4.3 \/ IBUs: 40<br \/>\nEstilo: IPA<br \/>\nCervecer\u00eda: Robinsons Brewery<br \/>\nOrigen: Inglaterra<\/p>\n<p><strong>Appearance: <\/strong>Color amarillo dorado, brillante, trasl\u00facida. Con una espuma blanca, fina, cremosa y persistente.<\/p>\n<p data-pm-slice=\"1 1 []\"><strong>Aroma: <\/strong>Aromas florales, resinosos y c\u00edtricos provenientes de los l\u00fapulos empleados en su elaboraci\u00f3n acompa\u00f1ados de notas del cereal.<\/p>\n<p data-pm-slice=\"1 1 []\"><strong>Taste Profile: <\/strong>En boca presenta notas florales, de cereal, pan blanco, con un amargor muy fino y prolongado.<\/p>\n<p data-pm-slice=\"1 1 []\"><strong>Perfect Pairings: <\/strong>Hamburguesas, carnes a la parrilla, comidas asi\u00e1ticas y muy condimentadas.<\/p>","protected":false},"featured_media":6613,"comment_status":"open","ping_status":"closed","template":"","meta":{"_eb_attr":""},"product_brand":[],"product_cat":[63,166,163],"product_tag":[239],"class_list":{"0":"post-6610","1":"product","2":"type-product","3":"status-publish","4":"has-post-thumbnail","6":"product_cat-cervezas-ipa","7":"product_cat-reino-unido","8":"product_cat-robinsons-brewery","9":"product_tag-otras-ipa","10":"pa_cervecerias-robinsons-brewery","11":"pa_filtroestilos-filtroestilo-ipa","12":"pa_filtroorigen-inglaterra","14":"first","15":"instock","16":"featured","17":"shipping-taxable","18":"purchasable","19":"product-type-simple"},"jetpack_sharing_enabled":true,"_links":{"self":[{"href":"https:\/\/beernation.gt\/en\/wp-json\/wp\/v2\/product\/6610","targetHints":{"allow":["GET"]}}],"collection":[{"href":"https:\/\/beernation.gt\/en\/wp-json\/wp\/v2\/product"}],"about":[{"href":"https:\/\/beernation.gt\/en\/wp-json\/wp\/v2\/types\/product"}],"replies":[{"embeddable":true,"href":"https:\/\/beernation.gt\/en\/wp-json\/wp\/v2\/comments?post=6610"}],"wp:featuredmedia":[{"embeddable":true,"href":"https:\/\/beernation.gt\/en\/wp-json\/wp\/v2\/media\/6613"}],"wp:attachment":[{"href":"https:\/\/beernation.gt\/en\/wp-json\/wp\/v2\/media?parent=6610"}],"wp:term":[{"taxonomy":"product_brand","embeddable":true,"href":"https:\/\/beernation.gt\/en\/wp-json\/wp\/v2\/product_brand?post=6610"},{"taxonomy":"product_cat","embeddable":true,"href":"https:\/\/beernation.gt\/en\/wp-json\/wp\/v2\/product_cat?post=6610"},{"taxonomy":"product_tag","embeddable":true,"href":"https:\/\/beernation.gt\/en\/wp-json\/wp\/v2\/product_tag?post=6610"}],"curies":[{"name":"wp","href":"https:\/\/api.w.org\/{rel}","templated":true}]}}