{"id":6616,"date":"2025-02-27T23:54:21","date_gmt":"2025-02-27T23:54:21","guid":{"rendered":"https:\/\/beernation.gt\/?post_type=product&#038;p=6616"},"modified":"2026-04-01T18:57:43","modified_gmt":"2026-04-01T18:57:43","slug":"black","status":"publish","type":"product","link":"https:\/\/beernation.gt\/en\/product\/black\/","title":{"rendered":"Black"},"content":{"rendered":"","protected":false},"excerpt":{"rendered":"<p data-pm-slice=\"1 1 []\"><strong>440ml \/ 44cl<\/strong><br \/>\nABV: 4.2 \/ IBUs: 40<br \/>\nEstilo: Stout<br \/>\nCervecer\u00eda: Belhaven<br \/>\nOrigen: Escocia<\/p>\n<p><strong>Appearance: <\/strong>Color negro profundo con reflejos caoba y una capa de espuma beige cremosa y persistente.<\/p>\n<p data-pm-slice=\"1 1 []\"><strong>Aroma: <\/strong>Aromas intensos de maltas tostadas que recuerdan al caf\u00e9 reci\u00e9n hecho, cacao amargo y un toque de caramelo oscuro..<\/p>\n<p data-pm-slice=\"1 1 []\"><strong>Taste Profile: <\/strong>En boca, es suave y equilibrada, con una textura sedosa gracias al uso de avena y la carbonataci\u00f3n es ligera, lo que potencia su cremosidad. El protagonismo lo tienen las maltas tostadas que aportan el t\u00edpico perfil de caf\u00e9 y chocolate.<\/p>\n<p data-pm-slice=\"1 1 []\"><strong>Perfect Pairings: <\/strong>Perfecta para disfrutar con carnes asadas, estofados, postres de chocolate o quesos azules.<\/p>","protected":false},"featured_media":6617,"comment_status":"open","ping_status":"closed","template":"","meta":{"_eb_attr":""},"product_brand":[],"product_cat":[164,225,65,211,166],"product_tag":[],"class_list":{"0":"post-6616","1":"product","2":"type-product","3":"status-publish","4":"has-post-thumbnail","6":"product_cat-belhaven","7":"product_cat-cervezas-para-la-lluvia","8":"product_cat-cervezas-porter-stout","9":"product_cat-recomendacion-beernation","10":"product_cat-reino-unido","11":"pa_cervecerias-belhaven","12":"pa_filtroestilos-filtroestilo-porter-stout","13":"pa_filtroorigen-reino-unido","15":"first","16":"instock","17":"featured","18":"purchasable","19":"product-type-simple"},"jetpack_sharing_enabled":true,"_links":{"self":[{"href":"https:\/\/beernation.gt\/en\/wp-json\/wp\/v2\/product\/6616","targetHints":{"allow":["GET"]}}],"collection":[{"href":"https:\/\/beernation.gt\/en\/wp-json\/wp\/v2\/product"}],"about":[{"href":"https:\/\/beernation.gt\/en\/wp-json\/wp\/v2\/types\/product"}],"replies":[{"embeddable":true,"href":"https:\/\/beernation.gt\/en\/wp-json\/wp\/v2\/comments?post=6616"}],"wp:featuredmedia":[{"embeddable":true,"href":"https:\/\/beernation.gt\/en\/wp-json\/wp\/v2\/media\/6617"}],"wp:attachment":[{"href":"https:\/\/beernation.gt\/en\/wp-json\/wp\/v2\/media?parent=6616"}],"wp:term":[{"taxonomy":"product_brand","embeddable":true,"href":"https:\/\/beernation.gt\/en\/wp-json\/wp\/v2\/product_brand?post=6616"},{"taxonomy":"product_cat","embeddable":true,"href":"https:\/\/beernation.gt\/en\/wp-json\/wp\/v2\/product_cat?post=6616"},{"taxonomy":"product_tag","embeddable":true,"href":"https:\/\/beernation.gt\/en\/wp-json\/wp\/v2\/product_tag?post=6616"}],"curies":[{"name":"wp","href":"https:\/\/api.w.org\/{rel}","templated":true}]}}