{"id":7167,"date":"2025-04-02T19:27:26","date_gmt":"2025-04-02T19:27:26","guid":{"rendered":"https:\/\/beernation.gt\/?post_type=product&#038;p=7167"},"modified":"2026-05-01T18:37:54","modified_gmt":"2026-05-01T18:37:54","slug":"pu-the-original-urquell","status":"publish","type":"product","link":"https:\/\/beernation.gt\/en\/product\/pu-the-original-urquell\/","title":{"rendered":"Pilsner Urquell"},"content":{"rendered":"<p data-path-to-node=\"1\"><b data-path-to-node=\"1\" data-index-in-node=\"0\">Pilsner Urquell: La \u00abFuente Original\u00bb<\/b><\/p>\n<p data-path-to-node=\"2\">Es la <b data-path-to-node=\"2\" data-index-in-node=\"6\">primera cerveza pilsner del mundo<\/b>, creada en 1842 en la ciudad checa de Plze\u0148. Antes de ella, la cerveza era oscura y turbia; su invenci\u00f3n defini\u00f3 el est\u00e1ndar de la cerveza dorada y brillante que conocemos hoy.<\/p>\n<p data-path-to-node=\"3\">Su impacto es tan masivo que, actualmente, cerca del <b data-path-to-node=\"3\" data-index-in-node=\"53\">70% de la cerveza que se consume a nivel mundial<\/b> pertenece al estilo pilsner o deriva directamente de esta receta original. Sigue destacando por su equilibrio perfecto entre el dulzor de la malta y el amargor herb\u00e1ceo del l\u00fapulo Saaz.<\/p>","protected":false},"excerpt":{"rendered":"<p data-pm-slice=\"1 1 []\"><strong>500ml \/ 50cl<br \/>\n<\/strong>ABV: 5 \/ IBU: 32<br \/>\nEstilo: Lager<br \/>\nCervecer\u00eda: Pilsner Urquell<br \/>\nOrigen: Rep\u00fablica Checa<\/p>\n<p><strong>Appearance: <\/strong>Color dorado profundo, espuma densa y blanca que corona la cerveza con elegancia.<\/p>\n<p data-pm-slice=\"1 1 []\"><strong>Aroma: <\/strong>En nariz despliega aromas a malta y l\u00fapulo creando un bouquet de notas terrosas y herbales.<\/p>\n<p data-pm-slice=\"1 1 []\"><strong>Taste Profile: <\/strong>En boca tiene un sabor de equilibrio perfecto entre el dulzor maltoso y el amargor del l\u00fapulo; con un final n\u00edtido y refrescante.<\/p>\n<p data-pm-slice=\"1 1 []\"><strong>Perfect Pairings: <\/strong>Carnes a la parrilla, a sea de cerdo, pollo o ternera. Mariscos, especialmente langostinos y calamares. \u00a0Platos de cocina checa, como Goulash. \u00a0Quesos semi-duros o de sabor moderado. \u00a0Ensaladas frescas con ingredientes variados.<\/p>","protected":false},"featured_media":7172,"comment_status":"open","ping_status":"closed","template":"","meta":{"_eb_attr":""},"product_brand":[],"product_cat":[64,175,211,177],"product_tag":[],"class_list":{"0":"post-7167","1":"product","2":"type-product","3":"status-publish","4":"has-post-thumbnail","6":"product_cat-cervezas-lager","7":"product_cat-pilsner-urquell","8":"product_cat-recomendacion-beernation","9":"product_cat-republica-checa-origen","10":"pa_cervecerias-pilsner-urquell","11":"pa_filtroestilos-filtroestilo-lager","12":"pa_filtroorigen-republica-checa","14":"first","15":"instock","16":"featured","17":"purchasable","18":"product-type-simple"},"jetpack_sharing_enabled":true,"_links":{"self":[{"href":"https:\/\/beernation.gt\/en\/wp-json\/wp\/v2\/product\/7167","targetHints":{"allow":["GET"]}}],"collection":[{"href":"https:\/\/beernation.gt\/en\/wp-json\/wp\/v2\/product"}],"about":[{"href":"https:\/\/beernation.gt\/en\/wp-json\/wp\/v2\/types\/product"}],"replies":[{"embeddable":true,"href":"https:\/\/beernation.gt\/en\/wp-json\/wp\/v2\/comments?post=7167"}],"wp:featuredmedia":[{"embeddable":true,"href":"https:\/\/beernation.gt\/en\/wp-json\/wp\/v2\/media\/7172"}],"wp:attachment":[{"href":"https:\/\/beernation.gt\/en\/wp-json\/wp\/v2\/media?parent=7167"}],"wp:term":[{"taxonomy":"product_brand","embeddable":true,"href":"https:\/\/beernation.gt\/en\/wp-json\/wp\/v2\/product_brand?post=7167"},{"taxonomy":"product_cat","embeddable":true,"href":"https:\/\/beernation.gt\/en\/wp-json\/wp\/v2\/product_cat?post=7167"},{"taxonomy":"product_tag","embeddable":true,"href":"https:\/\/beernation.gt\/en\/wp-json\/wp\/v2\/product_tag?post=7167"}],"curies":[{"name":"wp","href":"https:\/\/api.w.org\/{rel}","templated":true}]}}